{"id":19642,"date":"2026-01-24T07:50:05","date_gmt":"2026-01-24T07:50:05","guid":{"rendered":"https:\/\/www.usviodr.com\/dia-de-la-industria-2023\/"},"modified":"2026-04-11T20:15:28","modified_gmt":"2026-04-11T20:15:28","slug":"dia-de-la-industria-2023","status":"publish","type":"page","link":"https:\/\/www.usviodr.com\/es\/dia-de-la-industria-2023\/","title":{"rendered":"D\u00eda de la Industria 2023"},"content":{"rendered":"\n<div class=\"wp-block-cover alignfull\" style=\"margin-top:0px;margin-bottom:0px;padding-top:0px;padding-right:0px;padding-bottom:0px;padding-left:0px\"><img loading=\"lazy\" decoding=\"async\" width=\"1024\" height=\"433\" class=\"wp-block-cover__image-background wp-image-64 size-large\" alt=\"\" src=\"https:\/\/www.usviodr.com\/wp-content\/uploads\/2026\/01\/CDBG-DR-2-1024x433.png\" data-object-fit=\"cover\" srcset=\"https:\/\/www.usviodr.com\/wp-content\/uploads\/2026\/01\/CDBG-DR-2-1024x433.png 1024w, https:\/\/www.usviodr.com\/wp-content\/uploads\/2026\/01\/CDBG-DR-2-300x127.png 300w, https:\/\/www.usviodr.com\/wp-content\/uploads\/2026\/01\/CDBG-DR-2-768x325.png 768w, https:\/\/www.usviodr.com\/wp-content\/uploads\/2026\/01\/CDBG-DR-2.png 1366w\" sizes=\"auto, (max-width: 1024px) 100vw, 1024px\" \/><span aria-hidden=\"true\" class=\"wp-block-cover__background has-base-2-background-color has-background-dim-0 has-background-dim\"><\/span><div class=\"wp-block-cover__inner-container has-global-padding is-layout-constrained wp-container-core-cover-is-layout-f54c662a wp-block-cover-is-layout-constrained\">\n<h1 class=\"wp-block-heading alignwide has-text-align-center has-base-color has-text-color has-link-color has-body-font-family wp-elements-a694b48aaed6046c6c5a3c3bbcd524f1\" style=\"padding-top:110px;font-size:clamp(33.419px, 2.089rem + ((1vw - 3.2px) * 2.606), 60px);font-style:normal;font-weight:400\"><strong>D\u00eda de la Industria 2023<\/strong><\/h1>\n<\/div><\/div>\n\n<div class=\"wp-block-group ind-block-1 is-layout-flow wp-block-group-is-layout-flow\" style=\"padding-top:40px;padding-right:var(--wp--preset--spacing--40);padding-bottom:var(--wp--preset--spacing--40);padding-left:30px\">\n<h2 class=\"wp-block-heading has-text-align-center has-text-color has-link-color has-body-font-family wp-elements-2eceef696f3c2b72c5ffb86c5d817920\" style=\"color:#0767a9;padding-top:40px;padding-bottom:20px;font-size:clamp(24.034px, 1.502rem + ((1vw - 3.2px) * 1.565), 40px);\"><strong>D\u00eda de la Industria de Rebuild USVI 202<\/strong>3-<strong>5 al 7 de diciembre de 2023<\/strong> <br\/>St. Croix y St. Thomas, Islas V\u00edrgenes de EE. UU.<\/h2>\n\n\n\n<p class=\"has-text-align-center\">La Oficina de Recuperaci\u00f3n ante Desastres (ODR) del Gobierno de las Islas V\u00edrgenes de EE. UU. organiza un D\u00eda de la Industria del 5 al 7 de diciembre en St. Croix y St. Thomas. El D\u00eda de la Industria de Rebuild USVI ofrece un primer vistazo a las interesantes oportunidades en los programas de reconstrucci\u00f3n de infraestructuras del Territorio, valorados en 20.000 millones de d\u00f3lares, que abarcan escuelas, hospitales, carreteras, energ\u00eda, agua, aguas residuales y m\u00e1s.<\/p>\n\n\n\n<figure class=\"wp-block-video ind-video\" style=\"margin-top:var(--wp--preset--spacing--40);margin-bottom:var(--wp--preset--spacing--40);padding-right:300px;padding-left:300px\"><video height=\"1080\" style=\"aspect-ratio: 1920 \/ 1080;\" width=\"1920\" controls=\"\" src=\"https:\/\/www.usviodr.com\/wp-content\/uploads\/2026\/03\/Industry-Day-Opener-with-music.mp4\"><\/video><\/figure><\/div>\n\n<div class=\"wp-block-group has-global-padding is-layout-constrained wp-container-core-group-is-layout-c6fb8f2d wp-block-group-is-layout-constrained\" style=\"margin-top:-30px;margin-bottom:20px;padding-right:30px;padding-left:30px\">\n<div class=\"wp-block-columns is-layout-flex wp-container-core-columns-is-layout-28f84493 wp-block-columns-is-layout-flex\">\n<div class=\"wp-block-column is-layout-flow wp-block-column-is-layout-flow\">\n<p style=\"line-height:1.5\">La participaci\u00f3n de su empresa es esencial para garantizar que las iniciativas de Rebuild USVI se basen en el conocimiento, la experiencia y las necesidades de nuestra comunidad. Le invitamos a venir preparado para explorar oportunidades de colaboraci\u00f3n con contratistas principales y otros proveedores de servicios.<br\/><\/p>\n\n\n\n<p>Para indicar su inter\u00e9s en participar, complete el formulario de inscripci\u00f3n lo antes posible visitando https:\/\/www.usviodr.com\/industry-day-2025-registration. Se recomienda encarecidamente a los representantes de las empresas interesadas que se inscriban en el distrito al que prestan servicios. El espacio es limitado y se dar\u00e1 prioridad a los propietarios de peque\u00f1as empresas. Aseg\u00farese de estar atento a las actualizaciones con la confirmaci\u00f3n de su inscripci\u00f3n, los detalles del evento y la agenda del programa.<\/p>\n\n\n\n<p>Gracias, \u00a1y esperamos darle la bienvenida al D\u00eda de la Industria de Rebuild USVI 2025!<\/p>\n<\/div>\n<\/div>\n<\/div>\n\n<div class=\"wp-block-columns alignfull is-layout-flex wp-container-core-columns-is-layout-28f84493 wp-block-columns-is-layout-flex\">\n<div class=\"wp-block-column has-accent-background-color has-background is-layout-flow wp-block-column-is-layout-flow\" style=\"padding-top:100px;padding-bottom:100px\">\n<figure class=\"wp-block-image aligncenter size-large\"><img loading=\"lazy\" decoding=\"async\" width=\"1024\" height=\"433\" src=\"https:\/\/www.usviodr.com\/wp-content\/uploads\/2026\/01\/CDBG-DR-group-1-1024x433.png\" alt=\"\" class=\"wp-image-572\" srcset=\"https:\/\/www.usviodr.com\/wp-content\/uploads\/2026\/01\/CDBG-DR-group-1-1024x433.png 1024w, https:\/\/www.usviodr.com\/wp-content\/uploads\/2026\/01\/CDBG-DR-group-1-300x127.png 300w, https:\/\/www.usviodr.com\/wp-content\/uploads\/2026\/01\/CDBG-DR-group-1-768x325.png 768w, https:\/\/www.usviodr.com\/wp-content\/uploads\/2026\/01\/CDBG-DR-group-1.png 1366w\" sizes=\"auto, (max-width: 1024px) 100vw, 1024px\" \/><\/figure><\/div>\n<\/div>\n\n<div class=\"wp-block-group alignfull page-card-mob has-background has-global-padding is-layout-constrained wp-container-core-group-is-layout-e19f7806 wp-block-group-is-layout-constrained\" style=\"background-color:#f7f7f7;margin-top:0px;margin-bottom:0px;padding-top:0px;padding-right:0px;padding-bottom:0px;padding-left:0px\">\n<div class=\"wp-block-columns page-card-mob is-layout-flex wp-container-core-columns-is-layout-9a7ec5e2 wp-block-columns-is-layout-flex\" style=\"border-top-left-radius:20px;border-top-right-radius:20px;border-bottom-left-radius:20px;border-bottom-right-radius:20px;padding-top:100px;padding-right:100px;padding-bottom:100px;padding-left:100px\">\n<div class=\"wp-block-column career-shadow has-border-color has-base-background-color has-background is-layout-flow wp-block-column-is-layout-flow\" style=\"border-color:#ffffff;border-top-left-radius:20px;border-top-right-radius:20px;border-bottom-left-radius:20px;border-bottom-right-radius:20px;padding-top:25px;padding-right:15px;padding-bottom:25px;padding-left:15px;flex-basis:350px\">\n<h3 class=\"wp-block-heading has-text-color has-link-color has-body-font-family wp-elements-3c7739ade30befb0c21d4901fde5671c\" style=\"color:#3e3e3e;font-size:clamp(14px, 0.875rem + ((1vw - 3.2px) * 0.588), 20px);font-style:normal;font-weight:700\">Agendas del D\u00eda de la Industria<\/h3>\n\n\n\n<div class=\"wp-block-group is-vertical is-layout-flex wp-container-core-group-is-layout-84c5f1ea wp-block-group-is-layout-flex\" style=\"margin-top:2px;margin-bottom:2px;padding-top:10px;padding-bottom:10px\">\n<p class=\"has-accent-color has-text-color has-link-color has-body-font-family wp-elements-f5ca26b1f9ab4d90420a661177ff3282\" style=\"padding-top:2px;padding-bottom:2px;font-size:clamp(14px, 0.875rem + ((1vw - 3.2px) * 0.294), 17px);font-style:normal;font-weight:600\">Haga clic aqu\u00ed para ver la agenda de St. Thomas<\/p>\n\n\n\n<p class=\"has-accent-color has-text-color has-link-color has-body-font-family wp-elements-1f1ffb43b7ce5a2c2256f1c7af3ef4ec\" style=\"margin-top:0px;margin-bottom:0px;padding-top:2px;padding-bottom:2px;font-size:clamp(14px, 0.875rem + ((1vw - 3.2px) * 0.294), 17px);font-style:normal;font-weight:600\">Haga clic aqu\u00ed para ver la agenda de St. Croix<\/p>\n<\/div>\n<\/div>\n\n\n\n<div class=\"wp-block-column career-shadow has-border-color has-base-background-color has-background is-layout-flow wp-block-column-is-layout-flow\" style=\"border-color:#ffffff;border-top-left-radius:20px;border-top-right-radius:20px;border-bottom-left-radius:20px;border-bottom-right-radius:20px;padding-top:25px;padding-right:15px;padding-bottom:25px;padding-left:15px;flex-basis:350px\">\n<h3 class=\"wp-block-heading has-text-color has-link-color has-body-font-family wp-elements-a30e18089e5cbd3b7c684d95e52580a6\" style=\"color:#3e3e3e;font-size:clamp(14px, 0.875rem + ((1vw - 3.2px) * 0.588), 20px);font-style:normal;font-weight:700\">Notas de prensa del D\u00eda de la Industria<\/h3>\n\n\n\n<div class=\"wp-block-group is-vertical is-layout-flex wp-container-core-group-is-layout-84c5f1ea wp-block-group-is-layout-flex\" style=\"margin-top:2px;margin-bottom:2px;padding-top:10px;padding-bottom:10px\">\n<p class=\"has-accent-color has-text-color has-link-color has-body-font-family wp-elements-8b5a22841af96dbccc0bd91b5525d440\" style=\"padding-top:2px;padding-bottom:2px;font-size:clamp(14px, 0.875rem + ((1vw - 3.2px) * 0.294), 17px);font-style:normal;font-weight:600\">La ODR invita a la comunidad empresarial local<br\/>al D\u00eda de la Industria 2025<\/p>\n\n\n\n<p class=\"has-accent-color has-text-color has-link-color has-body-font-family wp-elements-a02f235731d463d4df7a30cd99261f04\" style=\"padding-top:2px;padding-bottom:2px;font-size:clamp(14px, 0.875rem + ((1vw - 3.2px) * 0.294), 17px);font-style:normal;font-weight:600\">El D\u00eda de la Industria de Rebuild USVI desvela<br\/>oportunidades para contratistas locales<\/p>\n\n\n\n<p class=\"has-accent-color has-text-color has-link-color has-body-font-family wp-elements-9343160e056c2c4829871fa2d8eeca3d\" style=\"padding-top:2px;padding-bottom:2px;font-size:clamp(14px, 0.875rem + ((1vw - 3.2px) * 0.294), 17px);font-style:normal;font-weight:600\"><\/p>\n<\/div>\n<\/div>\n\n\n\n<div class=\"wp-block-column career-shadow has-border-color has-base-background-color has-background is-layout-flow wp-block-column-is-layout-flow\" style=\"border-color:#ffffff;border-top-left-radius:20px;border-top-right-radius:20px;border-bottom-left-radius:20px;border-bottom-right-radius:20px;padding-top:25px;padding-right:15px;padding-bottom:25px;padding-left:15px;flex-basis:350px\">\n<h3 class=\"wp-block-heading has-text-color has-link-color has-body-font-family wp-elements-3c7739ade30befb0c21d4901fde5671c\" style=\"color:#3e3e3e;font-size:clamp(14px, 0.875rem + ((1vw - 3.2px) * 0.588), 20px);font-style:normal;font-weight:700\">Agendas del D\u00eda de la Industria<\/h3>\n\n\n\n<div class=\"wp-block-group is-vertical is-layout-flex wp-container-core-group-is-layout-84c5f1ea wp-block-group-is-layout-flex\" style=\"margin-top:2px;margin-bottom:2px;padding-top:10px;padding-bottom:10px\">\n<p class=\"has-accent-color has-text-color has-link-color has-body-font-family wp-elements-5c3f40cefba5d3c6518824ee7699a410\" style=\"padding-top:2px;padding-bottom:2px;font-size:clamp(14px, 0.875rem + ((1vw - 3.2px) * 0.294), 17px);font-style:normal;font-weight:600\">Oficina de Recuperaci\u00f3n ante Desastres de las Islas V\u00edrgenes de EE. UU.<\/p>\n\n\n\n<p class=\"has-accent-color has-text-color has-link-color has-body-font-family wp-elements-7ec41e286e85a2d044c1dbf9d2315eb4\" style=\"padding-top:2px;padding-bottom:2px;font-size:clamp(14px, 0.875rem + ((1vw - 3.2px) * 0.294), 17px);font-style:normal;font-weight:600\">KHVI Joint Venture (Kiewit\/Haugland)<\/p>\n\n\n\n<p class=\"has-accent-color has-text-color has-link-color has-body-font-family wp-elements-7efd6da169eaf5e2c987eccd5b1fc6fa\" style=\"padding-top:2px;padding-bottom:2px;font-size:clamp(14px, 0.875rem + ((1vw - 3.2px) * 0.294), 17px);font-style:normal;font-weight:600\">Clark\/MCN Joint Venture<\/p>\n\n\n\n<p class=\"has-accent-color has-text-color has-link-color has-body-font-family wp-elements-36e1f84e2fe8280e76cb89655870b0c6\" style=\"padding-top:2px;padding-bottom:2px;font-size:clamp(14px, 0.875rem + ((1vw - 3.2px) * 0.294), 17px);font-style:normal;font-weight:600\">Consigli\/Benton Joint Venture 1<\/p>\n\n\n\n<p class=\"has-accent-color has-text-color has-link-color has-body-font-family wp-elements-305a3e2e33c421e98b1663527a5e837a\" style=\"padding-top:2px;padding-bottom:2px;font-size:clamp(14px, 0.875rem + ((1vw - 3.2px) * 0.294), 17px);font-style:normal;font-weight:600\">Suffolk\/CBNA Joint Venture \u2013 St. Croix<\/p>\n\n\n\n<p class=\"has-accent-color has-text-color has-link-color has-body-font-family wp-elements-73b72f8ea7ae561f3a31c50ea3edd1e3\" style=\"padding-top:2px;padding-bottom:2px;font-size:clamp(14px, 0.875rem + ((1vw - 3.2px) * 0.294), 17px);font-style:normal;font-weight:600\">Suffolk\/CBNA Joint Venture \u2013 St. Thomas<\/p>\n<\/div>\n<\/div>\n<\/div>\n<\/div>\n\n<div class=\"wp-block-group alignfull has-global-padding is-layout-constrained wp-block-group-is-layout-constrained\" style=\"padding-top:50px;padding-bottom:50px\">\n<div class=\"wp-block-group is-content-justification-center is-nowrap is-layout-flex wp-container-core-group-is-layout-432656d8 wp-block-group-is-layout-flex\" style=\"padding-right:100px;padding-left:100px\">\n<p class=\"has-text-align-center has-accent-color has-text-color has-link-color has-body-font-family wp-elements-491fa8354ba08b9fa509018920198b19\" style=\"font-size:clamp(14px, 0.875rem + ((1vw - 3.2px) * 0.588), 20px);font-style:normal;font-weight:400\">Testimonios de los asistentes<\/p>\n<\/div>\n\n\n\n<div class=\"wp-block-columns alignwide is-layout-flex wp-container-core-columns-is-layout-ed9cf160 wp-block-columns-is-layout-flex\" style=\"padding-right:100px;padding-left:100px\">\n<div class=\"wp-block-column is-layout-flow wp-block-column-is-layout-flow\" style=\"border-top-left-radius:20px;border-top-right-radius:20px;border-bottom-left-radius:20px;border-bottom-right-radius:20px\">\n<figure class=\"wp-block-image size-large\"><img loading=\"lazy\" decoding=\"async\" width=\"801\" height=\"1024\" src=\"https:\/\/www.usviodr.com\/wp-content\/uploads\/2026\/03\/ODR_IndustryDayBooklet_12.1.23_V2_R7_PRINT-2_pages-to-jpg-0006-scaled-1-801x1024.jpg\" alt=\"\" class=\"wp-image-2493\" srcset=\"https:\/\/www.usviodr.com\/wp-content\/uploads\/2026\/03\/ODR_IndustryDayBooklet_12.1.23_V2_R7_PRINT-2_pages-to-jpg-0006-scaled-1-801x1024.jpg 801w, https:\/\/www.usviodr.com\/wp-content\/uploads\/2026\/03\/ODR_IndustryDayBooklet_12.1.23_V2_R7_PRINT-2_pages-to-jpg-0006-scaled-1-235x300.jpg 235w, https:\/\/www.usviodr.com\/wp-content\/uploads\/2026\/03\/ODR_IndustryDayBooklet_12.1.23_V2_R7_PRINT-2_pages-to-jpg-0006-scaled-1-768x982.jpg 768w, https:\/\/www.usviodr.com\/wp-content\/uploads\/2026\/03\/ODR_IndustryDayBooklet_12.1.23_V2_R7_PRINT-2_pages-to-jpg-0006-scaled-1-1202x1536.jpg 1202w, https:\/\/www.usviodr.com\/wp-content\/uploads\/2026\/03\/ODR_IndustryDayBooklet_12.1.23_V2_R7_PRINT-2_pages-to-jpg-0006-scaled-1-1602x2048.jpg 1602w, https:\/\/www.usviodr.com\/wp-content\/uploads\/2026\/03\/ODR_IndustryDayBooklet_12.1.23_V2_R7_PRINT-2_pages-to-jpg-0006-scaled-1.jpg 2003w\" sizes=\"auto, (max-width: 801px) 100vw, 801px\" \/><\/figure><\/div>\n\n\n\n<div class=\"wp-block-column is-layout-flow wp-block-column-is-layout-flow\" style=\"border-top-left-radius:20px;border-top-right-radius:20px;border-bottom-left-radius:20px;border-bottom-right-radius:20px\">\n<figure class=\"wp-block-image size-large\"><img loading=\"lazy\" decoding=\"async\" width=\"801\" height=\"1024\" src=\"https:\/\/www.usviodr.com\/wp-content\/uploads\/2026\/03\/ODR_IndustryDayBooklet_12.1.23_V2_R7_PRINT-2_pages-to-jpg-0007-scaled-1-801x1024.jpg\" alt=\"\" class=\"wp-image-2494\" srcset=\"https:\/\/www.usviodr.com\/wp-content\/uploads\/2026\/03\/ODR_IndustryDayBooklet_12.1.23_V2_R7_PRINT-2_pages-to-jpg-0007-scaled-1-801x1024.jpg 801w, https:\/\/www.usviodr.com\/wp-content\/uploads\/2026\/03\/ODR_IndustryDayBooklet_12.1.23_V2_R7_PRINT-2_pages-to-jpg-0007-scaled-1-235x300.jpg 235w, https:\/\/www.usviodr.com\/wp-content\/uploads\/2026\/03\/ODR_IndustryDayBooklet_12.1.23_V2_R7_PRINT-2_pages-to-jpg-0007-scaled-1-768x982.jpg 768w, https:\/\/www.usviodr.com\/wp-content\/uploads\/2026\/03\/ODR_IndustryDayBooklet_12.1.23_V2_R7_PRINT-2_pages-to-jpg-0007-scaled-1-1202x1536.jpg 1202w, https:\/\/www.usviodr.com\/wp-content\/uploads\/2026\/03\/ODR_IndustryDayBooklet_12.1.23_V2_R7_PRINT-2_pages-to-jpg-0007-scaled-1-1602x2048.jpg 1602w, https:\/\/www.usviodr.com\/wp-content\/uploads\/2026\/03\/ODR_IndustryDayBooklet_12.1.23_V2_R7_PRINT-2_pages-to-jpg-0007-scaled-1.jpg 2003w\" sizes=\"auto, (max-width: 801px) 100vw, 801px\" \/><\/figure><\/div>\n<\/div>\n<\/div>\n","protected":false},"excerpt":{"rendered":"<p>D\u00eda de la Industria de Rebuild USVI 2023-5 al 7 de diciembre de 2023 St. Croix y St. Thomas, Islas V\u00edrgenes de EE. UU. La Oficina de Recuperaci\u00f3n ante Desastres (ODR) del Gobierno de las Islas V\u00edrgenes de EE. UU. organiza un D\u00eda de la Industria del 5 al 7 de diciembre en St. Croix [&hellip;]<\/p>\n","protected":false},"author":1,"featured_media":0,"parent":0,"menu_order":0,"comment_status":"closed","ping_status":"closed","template":"","meta":{"project_id":"","notification":"","due_date":"","status":"","show_rebuild":"","footnotes":""},"class_list":["post-19642","page","type-page","status-publish","hentry"],"_links":{"self":[{"href":"https:\/\/www.usviodr.com\/es\/wp-json\/wp\/v2\/pages\/19642","targetHints":{"allow":["GET"]}}],"collection":[{"href":"https:\/\/www.usviodr.com\/es\/wp-json\/wp\/v2\/pages"}],"about":[{"href":"https:\/\/www.usviodr.com\/es\/wp-json\/wp\/v2\/types\/page"}],"author":[{"embeddable":true,"href":"https:\/\/www.usviodr.com\/es\/wp-json\/wp\/v2\/users\/1"}],"replies":[{"embeddable":true,"href":"https:\/\/www.usviodr.com\/es\/wp-json\/wp\/v2\/comments?post=19642"}],"version-history":[{"count":1,"href":"https:\/\/www.usviodr.com\/es\/wp-json\/wp\/v2\/pages\/19642\/revisions"}],"predecessor-version":[{"id":19643,"href":"https:\/\/www.usviodr.com\/es\/wp-json\/wp\/v2\/pages\/19642\/revisions\/19643"}],"wp:attachment":[{"href":"https:\/\/www.usviodr.com\/es\/wp-json\/wp\/v2\/media?parent=19642"}],"curies":[{"name":"wp","href":"https:\/\/api.w.org\/{rel}","templated":true}]}}