{"id":19653,"date":"2026-03-27T09:04:37","date_gmt":"2026-03-27T09:04:37","guid":{"rendered":"https:\/\/www.usviodr.com\/dia-de-la-industria-2025\/"},"modified":"2026-04-11T20:17:21","modified_gmt":"2026-04-11T20:17:21","slug":"dia-de-la-industria-2025","status":"publish","type":"page","link":"https:\/\/www.usviodr.com\/es\/dia-de-la-industria-2025\/","title":{"rendered":"D\u00eda de la Industria 2025"},"content":{"rendered":"\n<div class=\"wp-block-cover alignfull\" style=\"margin-top:0px;margin-bottom:0px;padding-top:0px;padding-right:0px;padding-bottom:0px;padding-left:0px\"><img loading=\"lazy\" decoding=\"async\" width=\"1024\" height=\"433\" class=\"wp-block-cover__image-background wp-image-19486 size-large\" alt=\"\" src=\"https:\/\/www.usviodr.com\/wp-content\/uploads\/2026\/04\/Layer-6-1024x433.png\" data-object-fit=\"cover\" srcset=\"https:\/\/www.usviodr.com\/wp-content\/uploads\/2026\/04\/Layer-6-1024x433.png 1024w, https:\/\/www.usviodr.com\/wp-content\/uploads\/2026\/04\/Layer-6-300x127.png 300w, https:\/\/www.usviodr.com\/wp-content\/uploads\/2026\/04\/Layer-6-768x325.png 768w, https:\/\/www.usviodr.com\/wp-content\/uploads\/2026\/04\/Layer-6.png 1366w\" sizes=\"auto, (max-width: 1024px) 100vw, 1024px\" \/><span aria-hidden=\"true\" class=\"wp-block-cover__background has-base-2-background-color has-background-dim-0 has-background-dim\"><\/span><div class=\"wp-block-cover__inner-container has-global-padding is-layout-constrained wp-container-core-cover-is-layout-f54c662a wp-block-cover-is-layout-constrained\">\n<h1 class=\"wp-block-heading alignwide has-text-align-center has-base-color has-text-color has-link-color has-body-font-family wp-elements-171019e108530afbed119be16769a60e\" style=\"padding-top:110px;font-size:clamp(33.419px, 2.089rem + ((1vw - 3.2px) * 2.606), 60px);font-style:normal;font-weight:400\"><strong>D\u00eda de la Industria 202<\/strong>5<\/h1>\n<\/div><\/div>\n\n<div class=\"wp-block-group is-layout-flow wp-block-group-is-layout-flow\" style=\"padding-top:var(--wp--preset--spacing--40);padding-right:10px;padding-bottom:var(--wp--preset--spacing--30);padding-left:var(--wp--preset--spacing--20)\">\n<h2 class=\"wp-block-heading has-text-align-center has-text-color has-link-color wp-elements-cc81e41ed09f8eea12e7571414911fbf\" style=\"color:#0767a9;padding-top:40px;padding-bottom:20px\"><strong>D\u00eda de la Industria Rebuild USVI 2025<\/strong><\/h2>\n\n\n\n<p class=\"has-text-align-center has-body-font-family\" style=\"padding-right:0;padding-left:0;font-size:clamp(14px, 0.875rem + ((1vw - 3.2px) * 0.588), 20px);font-style:normal;font-weight:400;line-height:1.4\">La Oficina de Recuperaci\u00f3n de Desastres de las Islas V\u00edrgenes de EE. UU. se complace en invitar a la comunidad de peque\u00f1as empresas del territorio al D\u00eda de la Industria 2025,<br\/>marcando el inicio de proyectos cr\u00edticos bajo la iniciativa Rebuild USVI. Este importante evento reunir\u00e1 a socios de la industria de la construcci\u00f3n,<br\/>entidades del sector privado y socios de agencias comprometidos con la reconstrucci\u00f3n, modernizaci\u00f3n<br\/>y fortalecimiento de la infraestructura del territorio.<\/p>\n<\/div>\n\n<div class=\"wp-block-group alignfull col-2-ind has-global-padding is-layout-constrained wp-container-core-group-is-layout-2e5606c7 wp-block-group-is-layout-constrained\" style=\"padding-top:60px;padding-bottom:60px\">\n<div class=\"wp-block-group alignwide col-2-ind is-layout-flow wp-block-group-is-layout-flow\">\n<div class=\"wp-block-columns col-2-ind is-layout-flex wp-container-core-columns-is-layout-e420535e wp-block-columns-is-layout-flex\">\n<div class=\"wp-block-column is-layout-flow wp-container-core-column-is-layout-343acf9e wp-block-column-is-layout-flow\" style=\"flex-basis:60%\">\n<h3 class=\"wp-block-heading has-body-font-family\" style=\"font-size:clamp(14px, 0.875rem + ((1vw - 3.2px) * 0.392), 18px);\">Los eventos tendr\u00e1n lugar en ambos distritos:<\/h3>\n\n\n\n<ul style=\"font-size:clamp(14px, 0.875rem + ((1vw - 3.2px) * 0.392), 18px);\" class=\"wp-block-list\">\n<li>St. Thomas\/St. John: 27 de octubre de 2025, Westin Beach Resort &amp; Spa, de 8:00 a 17:00<\/li>\n\n\n\n<li>St. Croix: 29 de octubre de 2025, Albert A. Sheen Campus, Universidad de las Islas V\u00edrgenes, de 8:00 a 17:00<\/li>\n<\/ul>\n\n\n\n<h3 class=\"wp-block-heading has-body-font-family\" style=\"font-size:clamp(14px, 0.875rem + ((1vw - 3.2px) * 0.392), 18px);line-height:1.5\">Durante el D\u00eda de la Industria, los participantes escuchar\u00e1n a los contratistas principales<br\/>seleccionados a trav\u00e9s de un proceso competitivo para completar proyectos de infraestructura cr\u00edticos en todo el territorio. Los asistentes obtendr\u00e1n informaci\u00f3n valiosa sobre:<\/h3>\n\n\n\n<ul style=\"font-size:clamp(14px, 0.875rem + ((1vw - 3.2px) * 0.392), 18px);\" class=\"wp-block-list\">\n<li>Proyectos planificados de mejora de capital y resiliencia para escuelas, centros de salud, carreteras y servicios p\u00fablicos<\/li>\n\n\n\n<li>Requisitos para los asistentes interesados en convertirse en subcontratistas<\/li>\n\n\n\n<li>Programas de apoyo y certificaci\u00f3n para peque\u00f1as empresas<\/li>\n<\/ul>\n<\/div>\n\n\n\n<div class=\"wp-block-column is-layout-flow wp-block-column-is-layout-flow\" style=\"flex-basis:40%\">\n<figure class=\"wp-block-image size-full is-resized has-custom-border is-style-default\" style=\"margin-top:50px;margin-bottom:50px\"><img loading=\"lazy\" decoding=\"async\" width=\"424\" height=\"423\" src=\"https:\/\/www.usviodr.com\/wp-content\/uploads\/2026\/04\/home-ban1.png\" alt=\"\" class=\"wp-image-19481\" style=\"border-top-left-radius:12px;border-top-right-radius:12px;border-bottom-left-radius:12px;border-bottom-right-radius:12px;object-fit:contain;width:350px;height:300px\" srcset=\"https:\/\/www.usviodr.com\/wp-content\/uploads\/2026\/04\/home-ban1.png 424w, https:\/\/www.usviodr.com\/wp-content\/uploads\/2026\/04\/home-ban1-300x300.png 300w, https:\/\/www.usviodr.com\/wp-content\/uploads\/2026\/04\/home-ban1-150x150.png 150w\" sizes=\"auto, (max-width: 424px) 100vw, 424px\" \/><\/figure><\/div>\n<\/div>\n<\/div>\n<\/div>\n\n<div class=\"wp-block-group has-global-padding is-layout-constrained wp-container-core-group-is-layout-c6fb8f2d wp-block-group-is-layout-constrained\" style=\"margin-top:-30px;margin-bottom:20px;padding-right:30px;padding-left:30px\">\n<div class=\"wp-block-columns is-layout-flex wp-container-core-columns-is-layout-28f84493 wp-block-columns-is-layout-flex\">\n<div class=\"wp-block-column is-layout-flow wp-block-column-is-layout-flow\">\n<p style=\"line-height:1.5\">La participaci\u00f3n de su empresa es esencial para garantizar que las iniciativas de Rebuild USVI se basen en el conocimiento, la experiencia y las necesidades de nuestra comunidad. Le invitamos a venir preparado para explorar oportunidades de colaboraci\u00f3n con contratistas principales y otros proveedores de servicios.<br\/><\/p>\n\n\n\n<p>Para indicar su inter\u00e9s en participar, complete el formulario de inscripci\u00f3n lo antes posible visitando https:\/\/www.usviodr.com\/industry-day-2025-registration. Se recomienda encarecidamente a los representantes de las empresas interesadas que se inscriban en el distrito al que prestan servicios. El espacio es limitado y se dar\u00e1 prioridad a los propietarios de peque\u00f1as empresas. Aseg\u00farese de estar atento a las actualizaciones con la confirmaci\u00f3n de su inscripci\u00f3n, los detalles del evento y la agenda del programa.<\/p>\n\n\n\n<p>Gracias, \u00a1y esperamos darle la bienvenida al D\u00eda de la Industria de Rebuild USVI 2025!<\/p>\n<\/div>\n<\/div>\n<\/div>\n\n<div class=\"wp-block-columns alignfull is-layout-flex wp-container-core-columns-is-layout-28f84493 wp-block-columns-is-layout-flex\">\n<div class=\"wp-block-column has-accent-background-color has-background is-layout-flow wp-block-column-is-layout-flow\" style=\"padding-top:100px;padding-bottom:100px\">\n<figure class=\"wp-block-image aligncenter size-large\"><img loading=\"lazy\" decoding=\"async\" width=\"1024\" height=\"443\" src=\"https:\/\/www.usviodr.com\/wp-content\/uploads\/2026\/04\/industryday-2025-1024x443.png\" alt=\"\" class=\"wp-image-19482\" srcset=\"https:\/\/www.usviodr.com\/wp-content\/uploads\/2026\/04\/industryday-2025-1024x443.png 1024w, https:\/\/www.usviodr.com\/wp-content\/uploads\/2026\/04\/industryday-2025-300x130.png 300w, https:\/\/www.usviodr.com\/wp-content\/uploads\/2026\/04\/industryday-2025-768x333.png 768w, https:\/\/www.usviodr.com\/wp-content\/uploads\/2026\/04\/industryday-2025.png 1166w\" sizes=\"auto, (max-width: 1024px) 100vw, 1024px\" \/><\/figure><\/div>\n<\/div>\n\n<div class=\"wp-block-group alignfull has-background has-global-padding is-layout-constrained wp-container-core-group-is-layout-e19f7806 wp-block-group-is-layout-constrained\" style=\"background-color:#f7f7f7;margin-top:0px;margin-bottom:0px;padding-top:0px;padding-right:0px;padding-bottom:0px;padding-left:0px\">\n<div class=\"wp-block-columns page-card-mob is-layout-flex wp-container-core-columns-is-layout-9a7ec5e2 wp-block-columns-is-layout-flex\" style=\"border-top-left-radius:20px;border-top-right-radius:20px;border-bottom-left-radius:20px;border-bottom-right-radius:20px;padding-top:100px;padding-right:100px;padding-bottom:100px;padding-left:100px\">\n<div class=\"wp-block-column career-shadow has-border-color has-base-background-color has-background is-layout-flow wp-block-column-is-layout-flow\" style=\"border-color:#ffffff;border-top-left-radius:20px;border-top-right-radius:20px;border-bottom-left-radius:20px;border-bottom-right-radius:20px;padding-top:25px;padding-right:15px;padding-bottom:25px;padding-left:15px;flex-basis:350px\">\n<h3 class=\"wp-block-heading has-text-color has-link-color has-body-font-family wp-elements-3c7739ade30befb0c21d4901fde5671c\" style=\"color:#3e3e3e;font-size:clamp(14px, 0.875rem + ((1vw - 3.2px) * 0.588), 20px);font-style:normal;font-weight:700\">Agendas del D\u00eda de la Industria<\/h3>\n\n\n\n<div class=\"wp-block-group is-vertical is-layout-flex wp-container-core-group-is-layout-84c5f1ea wp-block-group-is-layout-flex\" style=\"margin-top:2px;margin-bottom:2px;padding-top:10px;padding-bottom:10px\">\n<p class=\"has-accent-color has-text-color has-link-color has-body-font-family wp-elements-f5ca26b1f9ab4d90420a661177ff3282\" style=\"padding-top:2px;padding-bottom:2px;font-size:clamp(14px, 0.875rem + ((1vw - 3.2px) * 0.294), 17px);font-style:normal;font-weight:600\">Haga clic aqu\u00ed para ver la agenda de St. Thomas<\/p>\n\n\n\n<p class=\"has-accent-color has-text-color has-link-color has-body-font-family wp-elements-1f1ffb43b7ce5a2c2256f1c7af3ef4ec\" style=\"margin-top:0px;margin-bottom:0px;padding-top:2px;padding-bottom:2px;font-size:clamp(14px, 0.875rem + ((1vw - 3.2px) * 0.294), 17px);font-style:normal;font-weight:600\">Haga clic aqu\u00ed para ver la agenda de St. Croix<\/p>\n<\/div>\n<\/div>\n\n\n\n<div class=\"wp-block-column career-shadow has-border-color has-base-background-color has-background is-layout-flow wp-block-column-is-layout-flow\" style=\"border-color:#ffffff;border-top-left-radius:20px;border-top-right-radius:20px;border-bottom-left-radius:20px;border-bottom-right-radius:20px;padding-top:25px;padding-right:15px;padding-bottom:25px;padding-left:15px;flex-basis:350px\">\n<h3 class=\"wp-block-heading has-text-color has-link-color has-body-font-family wp-elements-a30e18089e5cbd3b7c684d95e52580a6\" style=\"color:#3e3e3e;font-size:clamp(14px, 0.875rem + ((1vw - 3.2px) * 0.588), 20px);font-style:normal;font-weight:700\">Notas de prensa del D\u00eda de la Industria<\/h3>\n\n\n\n<div class=\"wp-block-group is-vertical is-layout-flex wp-container-core-group-is-layout-84c5f1ea wp-block-group-is-layout-flex\" style=\"margin-top:2px;margin-bottom:2px;padding-top:10px;padding-bottom:10px\">\n<p class=\"has-accent-color has-text-color has-link-color has-body-font-family wp-elements-8b5a22841af96dbccc0bd91b5525d440\" style=\"padding-top:2px;padding-bottom:2px;font-size:clamp(14px, 0.875rem + ((1vw - 3.2px) * 0.294), 17px);font-style:normal;font-weight:600\">La ODR invita a la comunidad empresarial local<br\/>al D\u00eda de la Industria 2025<\/p>\n\n\n\n<p class=\"has-accent-color has-text-color has-link-color has-body-font-family wp-elements-a02f235731d463d4df7a30cd99261f04\" style=\"padding-top:2px;padding-bottom:2px;font-size:clamp(14px, 0.875rem + ((1vw - 3.2px) * 0.294), 17px);font-style:normal;font-weight:600\">El D\u00eda de la Industria de Rebuild USVI desvela<br\/>oportunidades para contratistas locales<\/p>\n\n\n\n<p class=\"has-accent-color has-text-color has-link-color has-body-font-family wp-elements-9343160e056c2c4829871fa2d8eeca3d\" style=\"padding-top:2px;padding-bottom:2px;font-size:clamp(14px, 0.875rem + ((1vw - 3.2px) * 0.294), 17px);font-style:normal;font-weight:600\"><\/p>\n<\/div>\n<\/div>\n\n\n\n<div class=\"wp-block-column career-shadow has-border-color has-base-background-color has-background is-layout-flow wp-block-column-is-layout-flow\" style=\"border-color:#ffffff;border-top-left-radius:20px;border-top-right-radius:20px;border-bottom-left-radius:20px;border-bottom-right-radius:20px;padding-top:25px;padding-right:15px;padding-bottom:25px;padding-left:15px;flex-basis:350px\">\n<h3 class=\"wp-block-heading has-text-color has-link-color has-body-font-family wp-elements-3c7739ade30befb0c21d4901fde5671c\" style=\"color:#3e3e3e;font-size:clamp(14px, 0.875rem + ((1vw - 3.2px) * 0.588), 20px);font-style:normal;font-weight:700\">Agendas del D\u00eda de la Industria<\/h3>\n\n\n\n<div class=\"wp-block-group is-vertical is-layout-flex wp-container-core-group-is-layout-84c5f1ea wp-block-group-is-layout-flex\" style=\"margin-top:2px;margin-bottom:2px;padding-top:10px;padding-bottom:10px\">\n<p class=\"has-accent-color has-text-color has-link-color has-body-font-family wp-elements-5c3f40cefba5d3c6518824ee7699a410\" style=\"padding-top:2px;padding-bottom:2px;font-size:clamp(14px, 0.875rem + ((1vw - 3.2px) * 0.294), 17px);font-style:normal;font-weight:600\">Oficina de Recuperaci\u00f3n ante Desastres de las Islas V\u00edrgenes de EE. UU.<\/p>\n\n\n\n<p class=\"has-accent-color has-text-color has-link-color has-body-font-family wp-elements-7ec41e286e85a2d044c1dbf9d2315eb4\" style=\"padding-top:2px;padding-bottom:2px;font-size:clamp(14px, 0.875rem + ((1vw - 3.2px) * 0.294), 17px);font-style:normal;font-weight:600\">KHVI Joint Venture (Kiewit\/Haugland)<\/p>\n\n\n\n<p class=\"has-accent-color has-text-color has-link-color has-body-font-family wp-elements-7efd6da169eaf5e2c987eccd5b1fc6fa\" style=\"padding-top:2px;padding-bottom:2px;font-size:clamp(14px, 0.875rem + ((1vw - 3.2px) * 0.294), 17px);font-style:normal;font-weight:600\">Clark\/MCN Joint Venture<\/p>\n\n\n\n<p class=\"has-accent-color has-text-color has-link-color has-body-font-family wp-elements-36e1f84e2fe8280e76cb89655870b0c6\" style=\"padding-top:2px;padding-bottom:2px;font-size:clamp(14px, 0.875rem + ((1vw - 3.2px) * 0.294), 17px);font-style:normal;font-weight:600\">Consigli\/Benton Joint Venture 1<\/p>\n\n\n\n<p class=\"has-accent-color has-text-color has-link-color has-body-font-family wp-elements-305a3e2e33c421e98b1663527a5e837a\" style=\"padding-top:2px;padding-bottom:2px;font-size:clamp(14px, 0.875rem + ((1vw - 3.2px) * 0.294), 17px);font-style:normal;font-weight:600\">Suffolk\/CBNA Joint Venture \u2013 St. Croix<\/p>\n\n\n\n<p class=\"has-accent-color has-text-color has-link-color has-body-font-family wp-elements-73b72f8ea7ae561f3a31c50ea3edd1e3\" style=\"padding-top:2px;padding-bottom:2px;font-size:clamp(14px, 0.875rem + ((1vw - 3.2px) * 0.294), 17px);font-style:normal;font-weight:600\">Suffolk\/CBNA Joint Venture \u2013 St. Thomas<\/p>\n<\/div>\n<\/div>\n<\/div>\n<\/div>\n\n<div class=\"wp-block-group alignfull video-group has-global-padding is-layout-constrained wp-block-group-is-layout-constrained\" style=\"padding-top:50px;padding-bottom:50px\">\n<div class=\"wp-block-columns alignwide is-layout-flex wp-container-core-columns-is-layout-ed9cf160 wp-block-columns-is-layout-flex\" style=\"padding-right:100px;padding-left:100px\">\n<div class=\"wp-block-column col-card is-layout-flow wp-block-column-is-layout-flow\" style=\"border-top-left-radius:20px;border-top-right-radius:20px;border-bottom-left-radius:20px;border-bottom-right-radius:20px\">\n<p class=\"has-accent-color has-text-color has-link-color wp-elements-d1a40398bf1047693103e92f4ed04087\">Escuche al contratista principal Clark\/MCN<\/p>\n\n\n\n<figure class=\"wp-block-embed is-type-video is-provider-youtube wp-block-embed-youtube wp-embed-aspect-16-9 wp-has-aspect-ratio\"><div class=\"wp-block-embed__wrapper\">\n<iframe loading=\"lazy\" title=\"Clark\/MCN Emphasizes the Need for Local Workforce to Complete Major Recovery Projects\" width=\"500\" height=\"281\" src=\"https:\/\/www.youtube.com\/embed\/cSBIf1kEgiI?feature=oembed\" frameborder=\"0\" allow=\"accelerometer; autoplay; clipboard-write; encrypted-media; gyroscope; picture-in-picture; web-share\" referrerpolicy=\"strict-origin-when-cross-origin\" allowfullscreen><\/iframe>\n<\/div><\/figure>\n<\/div>\n\n\n\n<div class=\"wp-block-column col-card is-layout-flow wp-block-column-is-layout-flow\" style=\"border-top-left-radius:20px;border-top-right-radius:20px;border-bottom-left-radius:20px;border-bottom-right-radius:20px\">\n<p class=\"has-accent-color has-text-color has-link-color wp-elements-b5be1b86c87aef69b23f77965aa050e9\">Escuche a los contratistas<\/p>\n\n\n\n<figure class=\"wp-block-embed is-type-video is-provider-youtube wp-block-embed-youtube wp-embed-aspect-16-9 wp-has-aspect-ratio\"><div class=\"wp-block-embed__wrapper\">\n<iframe loading=\"lazy\" title=\"Contractor Four Star Construction Gives Perspective on Rebuild USVI Industry Day 2025\" width=\"500\" height=\"281\" src=\"https:\/\/www.youtube.com\/embed\/eZPh2F_Bh5A?feature=oembed\" frameborder=\"0\" allow=\"accelerometer; autoplay; clipboard-write; encrypted-media; gyroscope; picture-in-picture; web-share\" referrerpolicy=\"strict-origin-when-cross-origin\" allowfullscreen><\/iframe>\n<\/div><\/figure>\n<\/div>\n<\/div>\n<\/div>\n","protected":false},"excerpt":{"rendered":"<p>D\u00eda de la Industria Rebuild USVI 2025 La Oficina de Recuperaci\u00f3n de Desastres de las Islas V\u00edrgenes de EE. UU. se complace en invitar a la comunidad de peque\u00f1as empresas del territorio al D\u00eda de la Industria 2025,marcando el inicio de proyectos cr\u00edticos bajo la iniciativa Rebuild USVI. Este importante evento reunir\u00e1 a socios de [&hellip;]<\/p>\n","protected":false},"author":1,"featured_media":0,"parent":0,"menu_order":0,"comment_status":"closed","ping_status":"closed","template":"","meta":{"project_id":"","notification":"","due_date":"","status":"","show_rebuild":"","footnotes":""},"class_list":["post-19653","page","type-page","status-publish","hentry"],"_links":{"self":[{"href":"https:\/\/www.usviodr.com\/es\/wp-json\/wp\/v2\/pages\/19653","targetHints":{"allow":["GET"]}}],"collection":[{"href":"https:\/\/www.usviodr.com\/es\/wp-json\/wp\/v2\/pages"}],"about":[{"href":"https:\/\/www.usviodr.com\/es\/wp-json\/wp\/v2\/types\/page"}],"author":[{"embeddable":true,"href":"https:\/\/www.usviodr.com\/es\/wp-json\/wp\/v2\/users\/1"}],"replies":[{"embeddable":true,"href":"https:\/\/www.usviodr.com\/es\/wp-json\/wp\/v2\/comments?post=19653"}],"version-history":[{"count":1,"href":"https:\/\/www.usviodr.com\/es\/wp-json\/wp\/v2\/pages\/19653\/revisions"}],"predecessor-version":[{"id":19654,"href":"https:\/\/www.usviodr.com\/es\/wp-json\/wp\/v2\/pages\/19653\/revisions\/19654"}],"wp:attachment":[{"href":"https:\/\/www.usviodr.com\/es\/wp-json\/wp\/v2\/media?parent=19653"}],"curies":[{"name":"wp","href":"https:\/\/api.w.org\/{rel}","templated":true}]}}