{"id":19659,"date":"2026-03-25T12:02:13","date_gmt":"2026-03-25T12:02:13","guid":{"rendered":"https:\/\/www.usviodr.com\/descargo-de-responsabilidad-general\/"},"modified":"2026-04-11T20:30:37","modified_gmt":"2026-04-11T20:30:37","slug":"descargo-de-responsabilidad-general","status":"publish","type":"page","link":"https:\/\/www.usviodr.com\/es\/descargo-de-responsabilidad-general\/","title":{"rendered":"Descargo de responsabilidad general"},"content":{"rendered":"\n<div class=\"wp-block-cover alignfull\"><img loading=\"lazy\" decoding=\"async\" width=\"1024\" height=\"417\" class=\"wp-block-cover__image-background wp-image-2260 size-large\" alt=\"\" src=\"https:\/\/www.usviodr.com\/wp-content\/uploads\/2026\/03\/DSC_2519-1024x417.jpg\" data-object-fit=\"cover\" srcset=\"https:\/\/www.usviodr.com\/wp-content\/uploads\/2026\/03\/DSC_2519-1024x417.jpg 1024w, https:\/\/www.usviodr.com\/wp-content\/uploads\/2026\/03\/DSC_2519-300x122.jpg 300w, https:\/\/www.usviodr.com\/wp-content\/uploads\/2026\/03\/DSC_2519-768x313.jpg 768w, https:\/\/www.usviodr.com\/wp-content\/uploads\/2026\/03\/DSC_2519-1536x625.jpg 1536w, https:\/\/www.usviodr.com\/wp-content\/uploads\/2026\/03\/DSC_2519-2048x834.jpg 2048w\" sizes=\"auto, (max-width: 1024px) 100vw, 1024px\" \/><span aria-hidden=\"true\" class=\"wp-block-cover__background has-base-2-background-color has-background-dim\"><\/span><div class=\"wp-block-cover__inner-container has-global-padding is-layout-constrained wp-container-core-cover-is-layout-da7e64e0 wp-block-cover-is-layout-constrained\">\n<h1 class=\"wp-block-heading\">Descargo de responsabilidad general<\/h1>\n<\/div><\/div>\n\n<div class=\"wp-block-group alignfull has-global-padding is-layout-constrained wp-container-core-group-is-layout-7cef8d7d wp-block-group-is-layout-constrained\" style=\"padding-top:var(--wp--preset--spacing--30);padding-bottom:var(--wp--preset--spacing--30)\">\n<p>Gracias por visitar el sitio web de la Oficina de Recuperaci\u00f3n ante Desastres. Aunque la ODR se esfuerza por publicar informaci\u00f3n oportuna y precisa, la ODR no realiza ninguna declaraci\u00f3n, promesa ni garant\u00eda sobre la exactitud, integridad o idoneidad del contenido de este sitio, y declina toda responsabilidad por errores u omisiones en el contenido de este sitio. La informaci\u00f3n que aparece en este sitio web se ofrece \u00fanicamente con fines informativos generales. No se ofrece ninguna garant\u00eda de ning\u00fan tipo, impl\u00edcita, expresa, legal o de otro tipo, con respecto al contenido de este sitio web o a sus enlaces a otros recursos de Internet.<\/p>\n\n\n\n<p>La referencia en este sitio a cualquier producto, proceso o servicio espec\u00edfico, o el uso de cualquier nombre comercial, de empresa o corporaci\u00f3n, se realiza para informaci\u00f3n y conveniencia del p\u00fablico y no constituye un respaldo, recomendaci\u00f3n ni favor por parte de la ODR.<\/p>\n<\/div>\n","protected":false},"excerpt":{"rendered":"<p>Gracias por visitar el sitio web de la Oficina de Recuperaci\u00f3n ante Desastres. Aunque la ODR se esfuerza por publicar informaci\u00f3n oportuna y precisa, la ODR no realiza ninguna declaraci\u00f3n, promesa ni garant\u00eda sobre la exactitud, integridad o idoneidad del contenido de este sitio, y declina toda responsabilidad por errores u omisiones en el contenido [&hellip;]<\/p>\n","protected":false},"author":1,"featured_media":0,"parent":0,"menu_order":0,"comment_status":"closed","ping_status":"closed","template":"","meta":{"project_id":"","notification":"","due_date":"","status":"","show_rebuild":"","footnotes":""},"class_list":["post-19659","page","type-page","status-publish","hentry"],"_links":{"self":[{"href":"https:\/\/www.usviodr.com\/es\/wp-json\/wp\/v2\/pages\/19659","targetHints":{"allow":["GET"]}}],"collection":[{"href":"https:\/\/www.usviodr.com\/es\/wp-json\/wp\/v2\/pages"}],"about":[{"href":"https:\/\/www.usviodr.com\/es\/wp-json\/wp\/v2\/types\/page"}],"author":[{"embeddable":true,"href":"https:\/\/www.usviodr.com\/es\/wp-json\/wp\/v2\/users\/1"}],"replies":[{"embeddable":true,"href":"https:\/\/www.usviodr.com\/es\/wp-json\/wp\/v2\/comments?post=19659"}],"version-history":[{"count":3,"href":"https:\/\/www.usviodr.com\/es\/wp-json\/wp\/v2\/pages\/19659\/revisions"}],"predecessor-version":[{"id":19729,"href":"https:\/\/www.usviodr.com\/es\/wp-json\/wp\/v2\/pages\/19659\/revisions\/19729"}],"wp:attachment":[{"href":"https:\/\/www.usviodr.com\/es\/wp-json\/wp\/v2\/media?parent=19659"}],"curies":[{"name":"wp","href":"https:\/\/api.w.org\/{rel}","templated":true}]}}