{"id":19698,"date":"2026-01-22T06:02:30","date_gmt":"2026-01-22T06:02:30","guid":{"rendered":"https:\/\/www.usviodr.com\/politica-de-privacidad\/"},"modified":"2026-04-11T20:23:40","modified_gmt":"2026-04-11T20:23:40","slug":"politica-de-privacidad","status":"publish","type":"page","link":"https:\/\/www.usviodr.com\/es\/politica-de-privacidad\/","title":{"rendered":"Pol\u00edtica de privacidad"},"content":{"rendered":"\n<div class=\"wp-block-cover alignfull\"><img loading=\"lazy\" decoding=\"async\" width=\"1024\" height=\"712\" class=\"wp-block-cover__image-background wp-image-2265 size-large\" alt=\"\" src=\"https:\/\/www.usviodr.com\/wp-content\/uploads\/2026\/03\/June-2021-1024x712.jpg\" data-object-fit=\"cover\" srcset=\"https:\/\/www.usviodr.com\/wp-content\/uploads\/2026\/03\/June-2021-1024x712.jpg 1024w, https:\/\/www.usviodr.com\/wp-content\/uploads\/2026\/03\/June-2021-300x209.jpg 300w, https:\/\/www.usviodr.com\/wp-content\/uploads\/2026\/03\/June-2021-768x534.jpg 768w, https:\/\/www.usviodr.com\/wp-content\/uploads\/2026\/03\/June-2021-1536x1068.jpg 1536w, https:\/\/www.usviodr.com\/wp-content\/uploads\/2026\/03\/June-2021.jpg 2048w\" sizes=\"auto, (max-width: 1024px) 100vw, 1024px\" \/><span aria-hidden=\"true\" class=\"wp-block-cover__background has-base-2-background-color has-background-dim\"><\/span><div class=\"wp-block-cover__inner-container has-global-padding is-layout-constrained wp-container-core-cover-is-layout-da7e64e0 wp-block-cover-is-layout-constrained\">\n<h1 class=\"wp-block-heading has-text-align-left\">Pol\u00edtica de privacidad<\/h1>\n<\/div><\/div>\n\n<div class=\"wp-block-group alignfull has-global-padding is-layout-constrained wp-container-core-group-is-layout-7cef8d7d wp-block-group-is-layout-constrained\" style=\"padding-top:var(--wp--preset--spacing--30);padding-bottom:var(--wp--preset--spacing--30)\">\n<p>La ODR se compromete a proteger la privacidad y seguridad de los usuarios de su sitio web. No se requiere que los usuarios proporcionen informaci\u00f3n personal para acceder al contenido del sitio web de la ODR. Si un usuario decide proporcionar informaci\u00f3n personal, como al enviar un mensaje a una direcci\u00f3n de correo electr\u00f3nico del sitio web de la ODR o al rellenar y enviar un formulario, la ODR utilizar\u00e1 dicha informaci\u00f3n para responder al mensaje del usuario o proporcionarle la informaci\u00f3n solicitada mediante la comunicaci\u00f3n. Cualquier direcci\u00f3n de correo electr\u00f3nico proporcionada en relaci\u00f3n con la comunicaci\u00f3n del usuario no ser\u00e1 visible p\u00fablicamente en el sitio web de la ODR.<\/p>\n\n\n\n<p><em>Informaci\u00f3n recopilada y almacenada autom\u00e1ticamente<\/em><\/p>\n\n\n\n<p>Cuando un usuario accede a informaci\u00f3n en el sitio web de la ODR, la siguiente informaci\u00f3n b\u00e1sica se recopila y almacena autom\u00e1ticamente para an\u00e1lisis estad\u00edsticos con el fin de proporcionar mejoras t\u00e9cnicas al sitio y ofrecer a los usuarios la mejor experiencia posible:<\/p>\n\n\n\n<ul style=\"font-size:clamp(14px, 0.875rem + ((1vw - 3.2px) * 0.392), 18px);\" class=\"wp-block-list\">\n<li>El dominio de internet desde el cual el usuario accede al sitio web de la ODR<\/li>\n\n\n\n<li>La direcci\u00f3n de Protocolo de Internet (IP) (que es un n\u00famero asignado autom\u00e1ticamente a un ordenador cuando se utiliza internet) desde la cual un usuario accede al sitio web de la ODR<\/li>\n\n\n\n<li>El tipo de navegador y sistema operativo utilizado para acceder al sitio web de la ODR<\/li>\n\n\n\n<li>La fecha y hora en que un usuario accede al sitio web de la ODR<\/li>\n\n\n\n<li>La direcci\u00f3n de internet del sitio web desde el cual un usuario enlaz\u00f3 directamente al sitio web de la ODR<\/li>\n\n\n\n<li>Las p\u00e1ginas que el usuario visita y la informaci\u00f3n solicitada por el usuario<\/li>\n<\/ul>\n\n\n\n<p>Esta informaci\u00f3n que se recopila y almacena se utiliza para medir el n\u00famero de visitantes a las diversas p\u00e1ginas del sitio web de la ODR, evaluar qu\u00e9 informaci\u00f3n es de mayor y menor inter\u00e9s para el p\u00fablico e identificar \u00e1reas de rendimiento o problemas del sistema.<\/p>\n\n\n\n<p><em>Tecnolog\u00edas de medici\u00f3n y personalizaci\u00f3n del sitio web\/Cookies<\/em><\/p>\n\n\n\n<p>La ODR utiliza tecnolog\u00edas de medici\u00f3n y personalizaci\u00f3n web, com\u00fanmente conocidas como \u00abcookies\u00bb, para rastrear las actividades de los usuarios en su sitio web. Las cookies son peque\u00f1os fragmentos de texto que se descargan en el navegador de internet de un usuario cuando este accede a un sitio web. Las cookies se utilizan generalmente para reconocer el ordenador de un usuario en el futuro.<\/p>\n\n\n\n<p>La ODR utiliza cookies de sesi\u00f3n con fines t\u00e9cnicos, como proporcionar navegaci\u00f3n optimizada y an\u00e1lisis estad\u00edstico. Una cookie de sesi\u00f3n es una l\u00ednea de texto que se almacena temporalmente en la memoria cach\u00e9 del navegador web de un usuario y se destruye cuando el usuario completa una sesi\u00f3n o sale del sitio web. Las cookies de sesi\u00f3n no se almacenan en el disco duro del ordenador del usuario y no recopilan informaci\u00f3n de identificaci\u00f3n personal.<\/p>\n\n\n\n<p>La ODR tambi\u00e9n utiliza cookies persistentes para permitir que Google Analytics mida c\u00f3mo los usuarios nuevos y recurrentes interact\u00faan con su sitio web. Las cookies persistentes permanecen en el disco duro del ordenador del usuario despu\u00e9s de que este complete una sesi\u00f3n y entre sesiones.<\/p>\n\n\n\n<p>Los usuarios pueden desactivar o eliminar las cookies de su navegador y seguir accediendo a la informaci\u00f3n del sitio web de la ODR.<\/p>\n\n\n\n<p><strong>Pol\u00edtica relativa a enlaces a sitios web y aplicaciones de terceros<\/strong><\/p>\n\n\n\n<p>La ODR utiliza sitios web de terceros, incluidas plataformas de redes sociales con cuentas oficiales de la ODR, para interactuar con miembros del p\u00fablico, mejorar la experiencia del usuario y promover el acceso a la informaci\u00f3n. Los t\u00e9rminos del servicio y las pol\u00edticas del proveedor de servicios de terceros, incluida su pol\u00edtica de privacidad, rigen las actividades de los usuarios en el sitio web o aplicaci\u00f3n de terceros. La ODR no utiliza sitios web de terceros para solicitar y recopilar informaci\u00f3n personal y no controla lo que el proveedor de servicios de terceros hace con la informaci\u00f3n que recopila. Cualquier informaci\u00f3n personal recopilada por un sitio web de terceros no se transmitir\u00e1 a la ODR a menos que sea necesario para fines de aplicaci\u00f3n de la ley o seg\u00fan lo permita la ley.<\/p>\n\n\n\n<p>La creaci\u00f3n y el uso de cuentas oficiales de la ODR en plataformas de redes sociales puede hacer que la informaci\u00f3n de identificaci\u00f3n personal est\u00e9 disponible o sea accesible para la ODR. Dicha informaci\u00f3n de identificaci\u00f3n personal est\u00e1 disponible cuando un usuario se comunica, enlaza, publica o asocia informaci\u00f3n con la cuenta oficial de la ODR, por ejemplo, al dar \u00abme gusta\u00bb, agregar como \u00abamigo\u00bb, comentar publicaciones o responder a tuits. La ODR no recopilar\u00e1 ni mantendr\u00e1 de otro modo informaci\u00f3n de identificaci\u00f3n personal disponible en sitios web o aplicaciones de terceros con cuentas oficiales de la ODR. La ODR tampoco controla, modera ni respalda los comentarios u opiniones proporcionados por los usuarios en las cuentas oficiales de la ODR.<\/p>\n\n\n\n<p>El sitio web de la ODR tambi\u00e9n contiene enlaces a sitios web creados y mantenidos por otras organizaciones p\u00fablicas y privadas. La ODR proporciona estos enlaces como un servicio a los usuarios. Cuando los usuarios enlazan a un sitio web de terceros, est\u00e1n abandonando el sitio web de la ODR y ya no est\u00e1n protegidos por la pol\u00edtica de privacidad de la ODR. En su lugar, los usuarios que enlazan a sitios web de terceros est\u00e1n sujetos a los t\u00e9rminos del servicio y las pol\u00edticas del proveedor de terceros. La ODR no es responsable de los t\u00e9rminos del servicio, la pol\u00edtica de privacidad, otras pol\u00edticas o el contenido de los sitios web de terceros, ni los respalda. Se recomienda a los usuarios que se familiaricen con los t\u00e9rminos y pol\u00edticas de terceros.<\/p>\n<\/div>\n","protected":false},"excerpt":{"rendered":"<p>La ODR se compromete a proteger la privacidad y seguridad de los usuarios de su sitio web. No se requiere que los usuarios proporcionen informaci\u00f3n personal para acceder al contenido del sitio web de la ODR. Si un usuario decide proporcionar informaci\u00f3n personal, como al enviar un mensaje a una direcci\u00f3n de correo electr\u00f3nico del [&hellip;]<\/p>\n","protected":false},"author":1,"featured_media":0,"parent":0,"menu_order":0,"comment_status":"closed","ping_status":"open","template":"","meta":{"project_id":"","notification":"","due_date":"","status":"","show_rebuild":"","footnotes":""},"class_list":["post-19698","page","type-page","status-publish","hentry"],"_links":{"self":[{"href":"https:\/\/www.usviodr.com\/es\/wp-json\/wp\/v2\/pages\/19698","targetHints":{"allow":["GET"]}}],"collection":[{"href":"https:\/\/www.usviodr.com\/es\/wp-json\/wp\/v2\/pages"}],"about":[{"href":"https:\/\/www.usviodr.com\/es\/wp-json\/wp\/v2\/types\/page"}],"author":[{"embeddable":true,"href":"https:\/\/www.usviodr.com\/es\/wp-json\/wp\/v2\/users\/1"}],"replies":[{"embeddable":true,"href":"https:\/\/www.usviodr.com\/es\/wp-json\/wp\/v2\/comments?post=19698"}],"version-history":[{"count":1,"href":"https:\/\/www.usviodr.com\/es\/wp-json\/wp\/v2\/pages\/19698\/revisions"}],"predecessor-version":[{"id":19699,"href":"https:\/\/www.usviodr.com\/es\/wp-json\/wp\/v2\/pages\/19698\/revisions\/19699"}],"wp:attachment":[{"href":"https:\/\/www.usviodr.com\/es\/wp-json\/wp\/v2\/media?parent=19698"}],"curies":[{"name":"wp","href":"https:\/\/api.w.org\/{rel}","templated":true}]}}