{"id":19760,"date":"2026-01-22T06:20:23","date_gmt":"2026-01-22T06:20:23","guid":{"rendered":"https:\/\/www.usviodr.com\/acerca-de-odr\/"},"modified":"2026-04-11T20:47:38","modified_gmt":"2026-04-11T20:47:38","slug":"acerca-de-odr","status":"publish","type":"page","link":"https:\/\/www.usviodr.com\/es\/acerca-de-odr\/","title":{"rendered":"Acerca de ODR"},"content":{"rendered":"\n<div class=\"wp-block-cover alignfull\"><img loading=\"lazy\" decoding=\"async\" width=\"1024\" height=\"433\" class=\"wp-block-cover__image-background wp-image-1149 size-large\" alt=\"\" src=\"https:\/\/www.usviodr.com\/wp-content\/uploads\/2026\/01\/hurricanes-hero-1024x433.png\" data-object-fit=\"cover\" srcset=\"https:\/\/www.usviodr.com\/wp-content\/uploads\/2026\/01\/hurricanes-hero-1024x433.png 1024w, https:\/\/www.usviodr.com\/wp-content\/uploads\/2026\/01\/hurricanes-hero-300x127.png 300w, https:\/\/www.usviodr.com\/wp-content\/uploads\/2026\/01\/hurricanes-hero-768x325.png 768w, https:\/\/www.usviodr.com\/wp-content\/uploads\/2026\/01\/hurricanes-hero.png 1366w\" sizes=\"auto, (max-width: 1024px) 100vw, 1024px\" \/><span aria-hidden=\"true\" class=\"wp-block-cover__background has-base-2-background-color has-background-dim\"><\/span><div class=\"wp-block-cover__inner-container has-global-padding is-layout-constrained wp-container-core-cover-is-layout-da7e64e0 wp-block-cover-is-layout-constrained\">\n<h1 class=\"wp-block-heading has-text-align-left\">Acerca de ODR<\/h1>\n<\/div><\/div>\n\n<div class=\"wp-block-group alignfull has-global-padding is-layout-constrained wp-container-core-group-is-layout-2e5606c7 wp-block-group-is-layout-constrained\" style=\"padding-top:60px;padding-bottom:60px\">\n<div class=\"wp-block-group alignwide is-layout-flow wp-block-group-is-layout-flow\">\n<div class=\"wp-block-columns is-layout-flex wp-container-core-columns-is-layout-e420535e wp-block-columns-is-layout-flex\">\n<div class=\"wp-block-column is-layout-flow wp-container-core-column-is-layout-089a6cab wp-block-column-is-layout-flow\" style=\"padding-bottom:var(--wp--preset--spacing--40);flex-basis:60%\">\n<p style=\"line-height:1.5\">La Oficina de Recuperaci\u00f3n ante Desastres (ODR), dentro de la Autoridad de Financiaci\u00f3n P\u00fablica de las Islas V\u00edrgenes, act\u00faa como centro de coordinaci\u00f3n de los m\u00e1s de 20.000 millones de d\u00f3lares previstos en financiaci\u00f3n federal para apoyar los esfuerzos de recuperaci\u00f3n tras los huracanes Irma y Mar\u00eda de 2017 y cualquier otro desastre.<\/p>\n\n\n\n<p style=\"line-height:1.5\">La ODR pone un \u00e9nfasis singular en la coordinaci\u00f3n y la organizaci\u00f3n entre departamentos y agencias gubernamentales y socios privados y sin \u00e1nimo de lucro para maximizar la eficiencia y la integraci\u00f3n. El prop\u00f3sito de la ODR es administrar una supervisi\u00f3n general de los esfuerzos de recuperaci\u00f3n y garantizar el pleno cumplimiento de la normativa en la gesti\u00f3n y el seguimiento de los fondos, los gastos y los plazos de los proyectos. <\/p>\n\n\n\n<p>Para lograrlo, la ODR:<\/p>\n\n\n\n<ul style=\"font-size:clamp(14px, 0.875rem + ((1vw - 3.2px) * 0.392), 18px);\" class=\"wp-block-list\">\n<li>Supervisa e informa sobre las obligaciones y los gastos de las fuentes de financiaci\u00f3n federal para garantizar el cumplimiento y la transparencia.<\/li>\n\n\n\n<li>Trabaja para desarrollar la capacidad de gesti\u00f3n financiera y del rendimiento en todas las agencias receptoras.<\/li>\n\n\n\n<li>Mantiene calendarios maestros de proyectos, realiza el seguimiento del progreso de todos los proyectos y elabora informes integrales sobre desastres.<\/li>\n<\/ul>\n<\/div>\n\n\n\n<div class=\"wp-block-column is-layout-flow wp-block-column-is-layout-flow\" style=\"flex-basis:40%\">\n<div class=\"wp-block-group is-vertical is-content-justification-stretch is-layout-flex wp-container-core-group-is-layout-dab67cd7 wp-block-group-is-layout-flex\" style=\"padding-right:0;padding-left:0\">\n<div class=\"wp-block-columns is-layout-flex wp-container-core-columns-is-layout-28f84493 wp-block-columns-is-layout-flex\">\n<div class=\"wp-block-column has-global-padding is-layout-constrained wp-container-core-column-is-layout-45af82af wp-block-column-is-layout-constrained\" style=\"flex-basis:100%\">\n<div class=\"wp-block-group has-contrast-3-background-color has-background is-vertical is-content-justification-center is-layout-flex wp-container-core-group-is-layout-132a309e wp-block-group-is-layout-flex\" style=\"padding-top:var(--wp--preset--spacing--30);padding-right:var(--wp--preset--spacing--20);padding-bottom:var(--wp--preset--spacing--30);padding-left:var(--wp--preset--spacing--20);box-shadow:var(--wp--preset--shadow--natural)\"><div class=\"is-default-size wp-block-site-logo\"><a href=\"https:\/\/www.usviodr.com\/es\/\" class=\"custom-logo-link\" rel=\"home\"><img loading=\"lazy\" decoding=\"async\" width=\"105\" height=\"105\" src=\"https:\/\/www.usviodr.com\/wp-content\/uploads\/2026\/01\/ODR-LOGO.png\" class=\"custom-logo\" alt=\"US VI ODR\" \/><\/a><\/div>\n\n\n<h3 class=\"wp-block-heading has-text-align-center has-button-color has-text-color has-link-color wp-elements-b20aa655822ccc3c8fd7c0605b346715\">LA OFICINA DE RECUPERACI\u00d3N ANTE DESASTRES<\/h3>\n\n\n\n<p class=\"has-text-align-center has-base-color has-text-color has-link-color wp-elements-233fe33b92e7cf1d83e71f321050167c\">Visi\u00f3n, misi\u00f3n, valores y prioridades estrat\u00e9gicas<\/p>\n\n\n\n<div class=\"wp-block-group has-border-color has-button-border-color has-button-background-color has-background has-global-padding is-layout-constrained wp-container-core-group-is-layout-ed8c939b wp-block-group-is-layout-constrained\" style=\"border-width:1px;border-top-left-radius:50%;border-top-right-radius:50%;border-bottom-left-radius:50%;border-bottom-right-radius:50%;margin-top:var(--wp--preset--spacing--20);margin-bottom:var(--wp--preset--spacing--20);padding-top:0px;padding-right:0px;padding-bottom:0px;padding-left:0px\">\n<div class=\"wp-block-group has-border-color has-contrast-3-border-color has-button-background-color has-background has-global-padding is-layout-constrained wp-container-core-group-is-layout-b246b637 wp-block-group-is-layout-constrained\" style=\"border-width:2px;border-top-left-radius:50%;border-top-right-radius:50%;border-bottom-left-radius:50%;border-bottom-right-radius:50%;padding-top:var(--wp--preset--spacing--40);padding-right:var(--wp--preset--spacing--30);padding-bottom:var(--wp--preset--spacing--40);padding-left:var(--wp--preset--spacing--30)\">\n<p class=\"has-base-color has-text-color has-link-color wp-elements-12f28c599fab3e97f7965297cf90fb68\">Visi\u00f3n<\/p>\n<\/div>\n<\/div>\n\n\n\n<p class=\"has-text-align-center has-base-color has-text-color has-link-color wp-elements-27412947fc4331cc87cd1f780bb5c2e2\" style=\"border-top-color:var(--wp--preset--color--button);border-top-width:2px\">Construir unas Islas V\u00edrgenes resilientes.<\/p>\n\n\n\n<div class=\"wp-block-group has-border-color has-button-border-color has-button-background-color has-background has-global-padding is-layout-constrained wp-container-core-group-is-layout-ed8c939b wp-block-group-is-layout-constrained\" style=\"border-width:1px;border-top-left-radius:50%;border-top-right-radius:50%;border-bottom-left-radius:50%;border-bottom-right-radius:50%;margin-top:var(--wp--preset--spacing--20);margin-bottom:var(--wp--preset--spacing--20);padding-top:0px;padding-right:0px;padding-bottom:0px;padding-left:0px\">\n<div class=\"wp-block-group has-border-color has-contrast-3-border-color has-button-background-color has-background has-global-padding is-layout-constrained wp-container-core-group-is-layout-fabe7382 wp-block-group-is-layout-constrained\" style=\"border-width:2px;border-top-left-radius:50%;border-top-right-radius:50%;border-bottom-left-radius:50%;border-bottom-right-radius:50%;padding-top:var(--wp--preset--spacing--40);padding-right:15px;padding-bottom:var(--wp--preset--spacing--40);padding-left:15px\">\n<p class=\"has-text-align-center has-base-color has-text-color has-link-color wp-elements-ca66e5916aace88ec0166aa3ec5fa4b5\">Misi\u00f3n<\/p>\n<\/div>\n<\/div>\n\n\n\n<p class=\"has-text-align-center has-base-color has-text-color has-link-color wp-elements-c67e2edc4a2d116b572a0352f391f423\">Construir una comunidad segura y resiliente que transforme y fortalezca la infraestructura del Territorio mediante la creaci\u00f3n de sistemas s\u00f3lidos, el fomento de la colaboraci\u00f3n entre las partes interesadas y la finalizaci\u00f3n de proyectos de recuperaci\u00f3n para posicionar mejor a la comunidad para prosperar.<\/p>\n<\/div>\n<\/div>\n<\/div>\n<\/div>\n<\/div>\n<\/div>\n<\/div>\n<\/div>\n\n<hr class=\"wp-block-separator has-alpha-channel-opacity\"\/>\n\n<p>Si tiene alguna pregunta, env\u00edenos un correo electr\u00f3nico a <a href=\"mailto:info@usviodr.com\">info@usviodr.com<\/a>.<\/p>\n\n<p><\/p>\n","protected":false},"excerpt":{"rendered":"<p>La Oficina de Recuperaci\u00f3n ante Desastres (ODR), dentro de la Autoridad de Financiaci\u00f3n P\u00fablica de las Islas V\u00edrgenes, act\u00faa como centro de coordinaci\u00f3n de los m\u00e1s de 20.000 millones de d\u00f3lares previstos en financiaci\u00f3n federal para apoyar los esfuerzos de recuperaci\u00f3n tras los huracanes Irma y Mar\u00eda de 2017 y cualquier otro desastre. La ODR [&hellip;]<\/p>\n","protected":false},"author":1,"featured_media":0,"parent":0,"menu_order":0,"comment_status":"closed","ping_status":"closed","template":"","meta":{"project_id":"","notification":"","due_date":"","status":"","show_rebuild":"","footnotes":""},"class_list":["post-19760","page","type-page","status-publish","hentry"],"_links":{"self":[{"href":"https:\/\/www.usviodr.com\/es\/wp-json\/wp\/v2\/pages\/19760","targetHints":{"allow":["GET"]}}],"collection":[{"href":"https:\/\/www.usviodr.com\/es\/wp-json\/wp\/v2\/pages"}],"about":[{"href":"https:\/\/www.usviodr.com\/es\/wp-json\/wp\/v2\/types\/page"}],"author":[{"embeddable":true,"href":"https:\/\/www.usviodr.com\/es\/wp-json\/wp\/v2\/users\/1"}],"replies":[{"embeddable":true,"href":"https:\/\/www.usviodr.com\/es\/wp-json\/wp\/v2\/comments?post=19760"}],"version-history":[{"count":1,"href":"https:\/\/www.usviodr.com\/es\/wp-json\/wp\/v2\/pages\/19760\/revisions"}],"predecessor-version":[{"id":19761,"href":"https:\/\/www.usviodr.com\/es\/wp-json\/wp\/v2\/pages\/19760\/revisions\/19761"}],"wp:attachment":[{"href":"https:\/\/www.usviodr.com\/es\/wp-json\/wp\/v2\/media?parent=19760"}],"curies":[{"name":"wp","href":"https:\/\/api.w.org\/{rel}","templated":true}]}}