{"id":19790,"date":"2026-01-23T11:11:10","date_gmt":"2026-01-23T11:11:10","guid":{"rendered":"https:\/\/www.usviodr.com\/cdbg-dr\/"},"modified":"2026-04-11T20:52:12","modified_gmt":"2026-04-11T20:52:12","slug":"cdbg-dr","status":"publish","type":"page","link":"https:\/\/www.usviodr.com\/es\/cdbg-dr\/","title":{"rendered":"CDBG-DR"},"content":{"rendered":"\n<div class=\"wp-block-cover alignfull\"><img loading=\"lazy\" decoding=\"async\" width=\"1024\" height=\"433\" class=\"wp-block-cover__image-background wp-image-572 size-large\" alt=\"\" src=\"https:\/\/www.usviodr.com\/wp-content\/uploads\/2026\/01\/CDBG-DR-group-1-1024x433.png\" data-object-fit=\"cover\" srcset=\"https:\/\/www.usviodr.com\/wp-content\/uploads\/2026\/01\/CDBG-DR-group-1-1024x433.png 1024w, https:\/\/www.usviodr.com\/wp-content\/uploads\/2026\/01\/CDBG-DR-group-1-300x127.png 300w, https:\/\/www.usviodr.com\/wp-content\/uploads\/2026\/01\/CDBG-DR-group-1-768x325.png 768w, https:\/\/www.usviodr.com\/wp-content\/uploads\/2026\/01\/CDBG-DR-group-1.png 1366w\" sizes=\"auto, (max-width: 1024px) 100vw, 1024px\" \/><span aria-hidden=\"true\" class=\"wp-block-cover__background has-base-2-background-color has-background-dim\"><\/span><div class=\"wp-block-cover__inner-container has-global-padding is-layout-constrained wp-container-core-cover-is-layout-da7e64e0 wp-block-cover-is-layout-constrained\">\n<h1 class=\"wp-block-heading has-text-align-left\">CDBG-DR<\/h1>\n<\/div><\/div>\n\n<div class=\"wp-block-group alignfull has-global-padding is-layout-constrained wp-container-core-group-is-layout-27cc3302 wp-block-group-is-layout-constrained\" style=\"margin-top:0px;margin-bottom:0px;padding-top:var(--wp--preset--spacing--50);padding-bottom:var(--wp--preset--spacing--50)\">\n<div class=\"wp-block-columns is-layout-flex wp-container-core-columns-is-layout-28f84493 wp-block-columns-is-layout-flex\">\n<div class=\"wp-block-column is-layout-flow wp-block-column-is-layout-flow\" style=\"flex-basis:66.66%\">\n<h2 class=\"wp-block-heading\" style=\"font-size:clamp(24.034px, 1.502rem + ((1vw - 3.2px) * 1.565), 40px);font-style:normal;font-weight:400;line-height:1.3\">Subvenci\u00f3n en Bloque para el Desarrollo Comunitario \u2013 Recuperaci\u00f3n ante Desastres<\/h2>\n\n\n\n<p class=\"text-link-col has-base-2-color has-text-color has-link-color wp-elements-fde4658ee5784f7c63f9282c1c3e1fcc\" style=\"margin-top:10px;margin-bottom:10px;line-height:1.8\">Los huracanes Irma y Mar\u00eda tuvieron un impacto devastador en las Islas V\u00edrgenes de los Estados Unidos. Las dos tormentas consecutivas de categor\u00eda 5 en septiembre de 2017 causaron una destrucci\u00f3n significativa en viviendas, infraestructura y la econom\u00eda. La <a href=\"https:\/\/www.hudexchange.info\/programs\/cdbg-dr\/\" target=\"_blank\" rel=\"noreferrer noopener\">Subvenci\u00f3n en Bloque para el Desarrollo Comunitario para la Recuperaci\u00f3n ante Desastres (CDBG-DR)<\/a> del HUD proporciona financiaci\u00f3n para necesidades no cubiertas despu\u00e9s de contabilizar los fondos de la Agencia Federal para el Manejo de Emergencias (FEMA), seguros y otras fuentes federales o privadas, con un enfoque en las necesidades de residentes y empresas de ingresos bajos y moderados.  <\/p>\n\n\n\n<p class=\"text-link-col has-base-2-color has-text-color has-link-color wp-elements-807880807202e6024b167db0ab2f33ec\" style=\"margin-top:10px;margin-bottom:10px;line-height:1.8\">El 20 de noviembre de 2023, la Oficina de Recuperaci\u00f3n ante Desastres se convirti\u00f3 en subreceptora de los fondos CDBG-DR del territorio. A trav\u00e9s de esta expansi\u00f3n, la ODR est\u00e1 centralizando los esfuerzos de recuperaci\u00f3n ante desastres y fomentando la sinergia entre las actividades dentro del programa y con las partes interesadas externas. Como subreceptora, la ODR tiene la tarea de proporcionar supervisi\u00f3n pragm\u00e1tica, incluidas las operaciones diarias y la gesti\u00f3n del programa. La <a href=\"https:\/\/www.vihfa.gov\/\" target=\"_blank\" rel=\"noreferrer noopener\">Autoridad de Financiaci\u00f3n de Vivienda de las Islas V\u00edrgenes<\/a> sigue siendo la receptora de la financiaci\u00f3n del HUD y, a su vez, la entidad gestora, lo que incluye orquestar el movimiento de fondos entre el HUD y el territorio, as\u00ed como la administraci\u00f3n ambiental, de cumplimiento y de pol\u00edticas.   <\/p>\n\n\n\n<p class=\"text-link-col has-base-2-color has-text-color has-link-color wp-elements-289829d252671622bd72a1813be183a3\" style=\"margin-top:10px;margin-bottom:10px;line-height:1.8\">Estos fondos CDBG-DR est\u00e1n destinados por el HUD a abordar:<\/p>\n\n\n\n<ul style=\"font-size:clamp(14px, 0.875rem + ((1vw - 3.2px) * 0.392), 18px);\" class=\"wp-block-list\">\n<li>Necesidades no cubiertas en vivienda, infraestructura y revitalizaci\u00f3n econ\u00f3mica derivadas de los huracanes de 2017.<\/li>\n\n\n\n<li>Actividades de mitigaci\u00f3n para proteger el territorio de los da\u00f1os de eventos futuros.<\/li>\n<\/ul>\n\n\n\n<p class=\"text-link-col has-base-2-color has-text-color has-link-color wp-elements-73c25004aa20be365cb0fe970bb5b9e2\" style=\"margin-top:10px;margin-bottom:10px;line-height:1.8\">\nSi tiene alguna pregunta o inquietud con respecto al estado de las reparaciones de viviendas bajo el Programa EnVIsion Tomorrow, llame al \n<a href=\"tel:18665201310\">1-866-520-1310<\/a> \no env\u00edenos un correo electr\u00f3nico a \n<a href=\"mailto:info@usviodr.com\">info@usviodr.com<\/a>.\n<\/p>\n<\/div>\n\n\n\n<div class=\"wp-block-column two-card-layout is-layout-flow wp-block-column-is-layout-flow\">\n<div class=\"wp-block-group text-doc-non card-width is-vertical is-content-justification-stretch is-nowrap is-layout-flex wp-container-core-group-is-layout-8360d6be wp-block-group-is-layout-flex\">\n<div class=\"wp-block-group is-vertical is-content-justification-stretch is-layout-flex wp-container-core-group-is-layout-dc2c9a7d wp-block-group-is-layout-flex\" style=\"border-top-left-radius:12px;border-top-right-radius:12px;border-bottom-left-radius:12px;border-bottom-right-radius:12px;padding-right:0;padding-left:0;box-shadow:var(--wp--preset--shadow--deep)\">\n<h3 class=\"wp-block-heading has-text-align-left is-style-default has-base-color has-contrast-3-background-color has-text-color has-background has-link-color wp-elements-a7cf5f1480af93a68534027edfa590b9\" style=\"border-top-left-radius:12px;border-top-right-radius:12px;padding-top:15px;padding-bottom:15px;padding-left:40px\">HUD<\/h3>\n\n\n\n<ul style=\"padding-top:0px;padding-right:0px;padding-bottom:0px;padding-left:0px;font-size:clamp(14px, 0.875rem + ((1vw - 3.2px) * 0.294), 17px);line-height:2.7\" class=\"wp-block-list is-style-default mar-pad-less\">\n<li style=\"border-bottom-color:#cccccc;border-bottom-width:1px;margin-top:10px;margin-right:var(--wp--preset--spacing--30);margin-bottom:10px;margin-left:var(--wp--preset--spacing--30);padding-top:10px;padding-bottom:10px;line-height:1.06\"><a href=\"http:\/\/hud.gov\/\">HUD<\/a><\/li>\n\n\n\n<li style=\"border-bottom-color:#cccccc;border-bottom-width:1px;margin-top:10px;margin-right:var(--wp--preset--spacing--30);margin-bottom:10px;margin-left:var(--wp--preset--spacing--30);padding-top:10px;padding-bottom:10px;line-height:1.06\"><a href=\"https:\/\/www.hud.gov\/disaster-resources\">Recursos para Desastres del HUD<\/a><\/li>\n\n\n\n<li style=\"border-bottom-color:#cccccc;border-bottom-width:1px;margin-top:10px;margin-right:var(--wp--preset--spacing--30);margin-bottom:10px;margin-left:var(--wp--preset--spacing--30);padding-top:10px;padding-bottom:10px;line-height:1.06\"><a href=\"https:\/\/www.hudexchange.info\/programs\/cdbg-dr\/\">Intercambio CDBG-DR del HUD<\/a><\/li>\n\n\n\n<li style=\"border-bottom-style:none;border-bottom-width:0px;margin-top:10px;margin-right:var(--wp--preset--spacing--30);margin-bottom:10px;margin-left:var(--wp--preset--spacing--30);padding-top:10px;padding-bottom:10px;line-height:1.06\"><a href=\"https:\/\/www.hud.gov\/program_offices\/comm_planning\/cdbg-dr\/\">Conozca el CDBG-DR del HUD<\/a><\/li>\n<\/ul>\n<\/div>\n\n\n\n<div class=\"wp-block-group is-vertical is-content-justification-stretch is-layout-flex wp-container-core-group-is-layout-dc2c9a7d wp-block-group-is-layout-flex\" style=\"border-top-left-radius:12px;border-top-right-radius:12px;border-bottom-left-radius:12px;border-bottom-right-radius:12px;padding-right:0;padding-left:0;box-shadow:var(--wp--preset--shadow--deep)\">\n<h3 class=\"wp-block-heading has-text-align-left is-style-default has-base-color has-contrast-3-background-color has-text-color has-background has-link-color wp-elements-86b27ac6276a6020f8608097ab098e06\" style=\"border-top-left-radius:12px;border-top-right-radius:12px;padding-top:15px;padding-bottom:15px;padding-left:40px\">CDBG-DR de las USVI<\/h3>\n\n\n\n<ul style=\"padding-top:0px;padding-right:0px;padding-bottom:0px;padding-left:0px;font-size:clamp(14px, 0.875rem + ((1vw - 3.2px) * 0.294), 17px);line-height:2.7\" class=\"wp-block-list is-style-default mar-pad-less text-doc-non\">\n<li style=\"border-bottom-color:#cccccc;border-bottom-width:1px;margin-top:10px;margin-right:var(--wp--preset--spacing--30);margin-bottom:10px;margin-left:var(--wp--preset--spacing--30);padding-top:10px;padding-bottom:10px;line-height:1.06\"><a href=\"https:\/\/cdbgdr.vihfa.gov\/for-citizens\/\">Participaci\u00f3n Comunitaria<\/a><\/li>\n\n\n\n<li style=\"border-bottom-color:#cccccc;border-bottom-width:1px;margin-top:10px;margin-right:var(--wp--preset--spacing--30);margin-bottom:10px;margin-left:var(--wp--preset--spacing--30);padding-top:10px;padding-bottom:10px;line-height:1.06\"><a href=\"https:\/\/cdbgdr.vihfa.gov\/recovery-programs\/\">Programas CDBG-DR<\/a><\/li>\n\n\n\n<li style=\"border-bottom-color:#cccccc;border-bottom-width:1px;margin-top:10px;margin-right:var(--wp--preset--spacing--30);margin-bottom:10px;margin-left:var(--wp--preset--spacing--30);padding-top:10px;padding-bottom:10px;line-height:1.06\"><a href=\"https:\/\/www.usviodr.com\/doing-business-with-odr\/\">Proyectos CDBG-DR<\/a><\/li>\n\n\n\n<li style=\"border-bottom-color:#cccccc;border-bottom-width:1px;margin-top:10px;margin-right:var(--wp--preset--spacing--30);margin-bottom:10px;margin-left:var(--wp--preset--spacing--30);padding-top:10px;padding-bottom:10px;line-height:1.06\"><a href=\"https:\/\/cdbgdr.vihfa.gov\/plans\/\">Plan de Acci\u00f3n CDBG-DR<\/a><\/li>\n\n\n\n<li style=\"border-bottom-color:#cccccc;border-bottom-width:1px;margin-top:10px;margin-right:var(--wp--preset--spacing--30);margin-bottom:10px;margin-left:var(--wp--preset--spacing--30);padding-top:10px;padding-bottom:10px;line-height:1.06\"><a href=\"https:\/\/cdbgdr.vihfa.gov\/plans\/\">Informes Trimestrales CDBG-DR<\/a><\/li>\n\n\n\n<li style=\"border-bottom-color:#cccccc;border-bottom-width:1px;margin-top:10px;margin-right:var(--wp--preset--spacing--30);margin-bottom:10px;margin-left:var(--wp--preset--spacing--30);padding-top:10px;padding-bottom:10px;line-height:1.06\"><a href=\"https:\/\/cdbgdr.vihfa.gov\/subrecipients\/\">Qu\u00e9 es un Subreceptor<\/a><\/li>\n\n\n\n<li style=\"border-bottom-color:#cccccc;border-bottom-width:1px;margin-top:10px;margin-right:var(--wp--preset--spacing--30);margin-bottom:10px;margin-left:var(--wp--preset--spacing--30);padding-top:10px;padding-bottom:10px;line-height:1.06\"><a href=\"https:\/\/cdbgdr.vihfa.gov\/housing\/\">EnVIsion Tomorrow y Vivienda CDBG-DR<\/a><\/li>\n\n\n\n<li style=\"border-bottom-color:#cccccc;border-bottom-width:1px;margin-top:10px;margin-right:var(--wp--preset--spacing--30);margin-bottom:10px;margin-left:var(--wp--preset--spacing--30);padding-top:10px;padding-bottom:10px;line-height:1.06\"><a href=\"https:\/\/www.hudexchange.info\/programs\/cdbg-dr\/toolkits\/\">Kit de Herramientas CDBG-DR<\/a><\/li>\n\n\n\n<li style=\"margin-top:10px;margin-right:var(--wp--preset--spacing--30);margin-bottom:10px;margin-left:var(--wp--preset--spacing--30);padding-top:10px;padding-bottom:10px;line-height:1.06\"><a href=\"https:\/\/www.usviodr.com\/own-a-lot-build-a-home\/\">Posea un Terreno, Construya una Casa &#8211; Programa para Compradores de Primera Vivienda<\/a><\/li>\n<\/ul>\n<\/div>\n\n\n\n<div class=\"wp-block-group is-vertical is-content-justification-stretch is-layout-flex wp-container-core-group-is-layout-dc2c9a7d wp-block-group-is-layout-flex\" style=\"border-top-left-radius:12px;border-top-right-radius:12px;border-bottom-left-radius:12px;border-bottom-right-radius:12px;padding-right:0;padding-left:0;box-shadow:var(--wp--preset--shadow--deep)\">\n<h3 class=\"wp-block-heading has-text-align-left is-style-default has-base-color has-contrast-3-background-color has-text-color has-background has-link-color wp-elements-b3e7e6127a5a4aca031fc9afcdf6816b\" style=\"border-top-left-radius:12px;border-top-right-radius:12px;padding-top:15px;padding-bottom:15px;padding-left:40px\">Recursos Adicionales<br\/><br\/><\/h3>\n\n\n\n<ul style=\"padding-top:0px;padding-right:0px;padding-bottom:0px;padding-left:0px;font-size:clamp(14px, 0.875rem + ((1vw - 3.2px) * 0.294), 17px);line-height:2.7\" class=\"wp-block-list is-style-default mar-pad-less text-doc-non\">\n<li style=\"border-bottom-color:#cccccc;border-bottom-width:1px;margin-top:10px;margin-right:var(--wp--preset--spacing--30);margin-bottom:10px;margin-left:var(--wp--preset--spacing--30);padding-top:10px;padding-bottom:10px;line-height:1.06\"><a href=\"https:\/\/www.vihfa.gov\/\">Autoridad de Financiaci\u00f3n de Vivienda de las Islas V\u00edrgenes<\/a><\/li>\n\n\n\n<li style=\"border-bottom-color:#cccccc;border-bottom-width:1px;margin-top:10px;margin-right:var(--wp--preset--spacing--30);margin-bottom:10px;margin-left:var(--wp--preset--spacing--30);padding-top:10px;padding-bottom:10px;line-height:1.06\"><a href=\"https:\/\/www.usviodr.com\/wp-content\/uploads\/2026\/04\/CDBG-DR-Construction-Standards.pdf\">Normas de Construcci\u00f3n CDBG-DR<\/a><\/li>\n\n\n\n<li style=\"margin-top:10px;margin-right:var(--wp--preset--spacing--30);margin-bottom:10px;margin-left:var(--wp--preset--spacing--30);padding-top:10px;padding-bottom:10px;line-height:1.06\"><a href=\"https:\/\/www.usviodr.com\/wp-content\/uploads\/2026\/04\/Copy-of-VIHFA-Green-Building-Retrofit-Final-Checklist.pdf\">Lista de Verificaci\u00f3n de Adaptaci\u00f3n de Construcci\u00f3n Ecol\u00f3gica de VIHFA<\/a><\/li>\n<\/ul>\n<\/div>\n<\/div>\n<\/div>\n<\/div>\n<\/div>\n\n<div class=\"wp-block-group alignfull has-contrast-3-background-color has-background has-global-padding is-layout-constrained wp-container-core-group-is-layout-0c22906e wp-block-group-is-layout-constrained\" style=\"padding-top:90px;padding-bottom:45px\">\n<h3 class=\"wp-block-heading has-base-color has-text-color has-link-color has-body-font-family wp-elements-48a8a069cc3fa00e48eb2a1eed5a9ffa\" style=\"font-size:clamp(20px, 1.25rem + ((1vw - 3.2px) * 1.176), 32px);font-style:normal;font-weight:400;line-height:1.28\">Estos fondos CDBG-DR est\u00e1n destinados por el HUD a abordar:<\/h3>\n\n\n\n<div class=\"wp-block-columns is-layout-flex wp-container-core-columns-is-layout-133cf375 wp-block-columns-is-layout-flex\">\n<div class=\"wp-block-column has-base-background-color has-background is-layout-flow wp-block-column-is-layout-flow\" style=\"border-top-left-radius:10px;border-top-right-radius:10px;border-bottom-left-radius:10px;border-bottom-right-radius:10px;padding-top:12px;padding-right:12px;padding-bottom:12px;padding-left:12px\">\n<p class=\"has-text-color has-link-color wp-elements-11b2f5b4d02583e31d79bce87d8682a4\" style=\"color:#505050;font-size:clamp(14px, 0.875rem + ((1vw - 3.2px) * 0.294), 17px);line-height:1.64\">Necesidades no cubiertas en vivienda, infraestructura y revitalizaci\u00f3n econ\u00f3mica derivadas de los huracanes de 2017<\/p>\n<\/div>\n\n\n\n<div class=\"wp-block-column has-base-background-color has-background is-layout-flow wp-block-column-is-layout-flow\" style=\"border-top-left-radius:10px;border-top-right-radius:10px;border-bottom-left-radius:10px;border-bottom-right-radius:10px;padding-top:12px;padding-right:12px;padding-bottom:12px;padding-left:12px\">\n<p class=\"has-text-color has-link-color wp-elements-e7d3a18d6658606e0c4b268b3c7f8bdc\" style=\"color:#505050;font-size:clamp(14px, 0.875rem + ((1vw - 3.2px) * 0.294), 17px);line-height:1.64\">Actividades de mitigaci\u00f3n para proteger el territorio de los da\u00f1os de eventos futuros.<\/p>\n<\/div>\n<\/div>\n\n\n\n<p class=\"has-base-color has-text-color has-link-color wp-elements-cfc681c51e79ae4dedcf8dda97cff241\" style=\"font-size:clamp(14px, 0.875rem + ((1vw - 3.2px) * 0.49), 19px);font-style:italic;font-weight:500;line-height:1.95\">Si tiene alguna pregunta o inquietud con respecto al estado de las reparaciones de viviendas bajo el Programa EnVIsion Tomorrow,<br\/> llame al 1-866-520-1310 o env\u00edenos un correo electr\u00f3nico a info@usviodr.com.<\/p>\n<\/div>\n\n<div class=\"wp-block-group alignwide has-global-padding is-layout-constrained wp-container-core-group-is-layout-bb7df0c0 wp-block-group-is-layout-constrained\" style=\"padding-top:var(--wp--preset--spacing--40);padding-right:var(--wp--preset--spacing--40);padding-bottom:var(--wp--preset--spacing--40);padding-left:var(--wp--preset--spacing--40)\">\n<h2 class=\"wp-block-heading has-text-align-center\" style=\"font-style:normal;font-weight:400\">Recursos Adicionales<\/h2>\n\n\n\n<div class=\"wp-block-columns is-layout-flex wp-container-core-columns-is-layout-90345f32 wp-block-columns-is-layout-flex\" style=\"padding-top:var(--wp--preset--spacing--20);padding-bottom:var(--wp--preset--spacing--20)\">\n<div class=\"wp-block-column is-layout-flow wp-block-column-is-layout-flow\">\n<div class=\"wp-block-group is-layout-flow wp-block-group-is-layout-flow has-background\" style=\"min-height:129px;padding-top:30px;padding-bottom:0;background-image:url(&apos;https:\/\/dev-us-vi-odr.pantheonsite.io\/wp-content\/uploads\/2026\/01\/Shape-83-copy-3.png&apos;);background-position:50% 50%;background-repeat:no-repeat;background-size:contain;background-attachment:scroll;\">\n<figure class=\"wp-block-image aligncenter size-full is-resized\"><img loading=\"lazy\" decoding=\"async\" width=\"82\" height=\"82\" src=\"https:\/\/www.usviodr.com\/wp-content\/uploads\/2026\/01\/bank-money-wobg.png\" alt=\"\" class=\"wp-image-865\" style=\"width:70px;height:auto\"\/><\/figure><\/div>\n\n\n\n<h4 class=\"wp-block-heading has-text-align-center\" style=\"font-size:clamp(14.642px, 0.915rem + ((1vw - 3.2px) * 0.721), 22px);font-style:normal;font-weight:700\"><a href=\"https:\/\/cdbgdr.vihfa.gov\/\">Autoridad de Financiaci\u00f3n<br\/>de Vivienda de las Islas V\u00edrgenes<\/a><\/h4>\n<\/div>\n\n\n\n<div class=\"wp-block-column is-layout-flow wp-block-column-is-layout-flow\">\n<div class=\"wp-block-group is-layout-flow wp-block-group-is-layout-flow has-background\" style=\"min-height:129px;padding-top:30px;padding-bottom:0;background-image:url(&apos;https:\/\/www.usviodr.com\/wp-content\/uploads\/2026\/01\/bg-blue-circle.png&apos;);background-position:50% 50%;background-repeat:no-repeat;background-size:contain;\">\n<figure class=\"wp-block-image aligncenter size-full is-resized\"><img loading=\"lazy\" decoding=\"async\" width=\"70\" height=\"76\" src=\"https:\/\/www.usviodr.com\/wp-content\/uploads\/2026\/01\/construction-standards.png\" alt=\"\" class=\"wp-image-866\" style=\"width:64px;height:auto\"\/><\/figure><\/div>\n\n\n\n<h4 class=\"wp-block-heading has-text-align-center\" style=\"font-size:clamp(14.642px, 0.915rem + ((1vw - 3.2px) * 0.721), 22px);font-style:normal;font-weight:700\"><a href=\"https:\/\/www.hudexchange.info\/programs\/davis-bacon-and-labor-standards\/\">Normas Laborales de<br\/>Construcci\u00f3n CDBG-DR<\/a><\/h4>\n<\/div>\n\n\n\n<div class=\"wp-block-column is-layout-flow wp-block-column-is-layout-flow\">\n<div class=\"wp-block-group is-layout-flow wp-block-group-is-layout-flow has-background\" style=\"min-height:129px;padding-top:30px;padding-bottom:0;background-image:url(&apos;https:\/\/dev-us-vi-odr.pantheonsite.io\/wp-content\/uploads\/2026\/01\/Shape-83-copy-3.png&apos;);background-position:50% 50%;background-repeat:no-repeat;background-size:contain;background-attachment:scroll;\">\n<figure class=\"wp-block-image aligncenter size-full is-resized\"><img loading=\"lazy\" decoding=\"async\" width=\"61\" height=\"84\" src=\"https:\/\/www.usviodr.com\/wp-content\/uploads\/2026\/01\/note-wobg-black.png\" alt=\"\" class=\"wp-image-867\" style=\"width:51px;height:auto\"\/><\/figure><\/div>\n\n\n\n<h4 class=\"wp-block-heading has-text-align-center\" style=\"font-size:clamp(14.642px, 0.915rem + ((1vw - 3.2px) * 0.721), 22px);font-style:normal;font-weight:700\"><a href=\"https:\/\/www.usviodr.com\/wp-content\/uploads\/2024\/03\/Copy-of-VIHFA-Green-Building-Retrofit-Final-Checklist.pdf\">Lista de Verificaci\u00f3n de Adaptaci\u00f3n<br\/>de Construcci\u00f3n Ecol\u00f3gica de VIHFA<\/a><\/h4>\n<\/div>\n<\/div>\n<\/div>\n\n<p><\/p>\n","protected":false},"excerpt":{"rendered":"<p>Subvenci\u00f3n en Bloque para el Desarrollo Comunitario \u2013 Recuperaci\u00f3n ante Desastres Los huracanes Irma y Mar\u00eda tuvieron un impacto devastador en las Islas V\u00edrgenes de los Estados Unidos. Las dos tormentas consecutivas de categor\u00eda 5 en septiembre de 2017 causaron una destrucci\u00f3n significativa en viviendas, infraestructura y la econom\u00eda. La Subvenci\u00f3n en Bloque para el [&hellip;]<\/p>\n","protected":false},"author":1,"featured_media":0,"parent":0,"menu_order":0,"comment_status":"closed","ping_status":"closed","template":"","meta":{"project_id":"","notification":"","due_date":"","status":"","show_rebuild":"","footnotes":""},"class_list":["post-19790","page","type-page","status-publish","hentry"],"_links":{"self":[{"href":"https:\/\/www.usviodr.com\/es\/wp-json\/wp\/v2\/pages\/19790","targetHints":{"allow":["GET"]}}],"collection":[{"href":"https:\/\/www.usviodr.com\/es\/wp-json\/wp\/v2\/pages"}],"about":[{"href":"https:\/\/www.usviodr.com\/es\/wp-json\/wp\/v2\/types\/page"}],"author":[{"embeddable":true,"href":"https:\/\/www.usviodr.com\/es\/wp-json\/wp\/v2\/users\/1"}],"replies":[{"embeddable":true,"href":"https:\/\/www.usviodr.com\/es\/wp-json\/wp\/v2\/comments?post=19790"}],"version-history":[{"count":1,"href":"https:\/\/www.usviodr.com\/es\/wp-json\/wp\/v2\/pages\/19790\/revisions"}],"predecessor-version":[{"id":19793,"href":"https:\/\/www.usviodr.com\/es\/wp-json\/wp\/v2\/pages\/19790\/revisions\/19793"}],"wp:attachment":[{"href":"https:\/\/www.usviodr.com\/es\/wp-json\/wp\/v2\/media?parent=19790"}],"curies":[{"name":"wp","href":"https:\/\/api.w.org\/{rel}","templated":true}]}}