{"id":20063,"date":"2026-03-27T06:25:05","date_gmt":"2026-03-27T06:25:05","guid":{"rendered":"https:\/\/www.usviodr.com\/fema-hmgp\/"},"modified":"2026-04-12T08:16:16","modified_gmt":"2026-04-12T08:16:16","slug":"fema-hmgp","status":"publish","type":"page","link":"https:\/\/www.usviodr.com\/es\/fema-hmgp\/","title":{"rendered":"FEMA-HMGP"},"content":{"rendered":"\n<div class=\"wp-block-cover alignfull\"><img loading=\"lazy\" decoding=\"async\" width=\"1024\" height=\"574\" class=\"wp-block-cover__image-background wp-image-2325 size-large\" alt=\"\" src=\"https:\/\/www.usviodr.com\/wp-content\/uploads\/2026\/03\/DSC_0692-2-1024x574.jpg\" data-object-fit=\"cover\" srcset=\"https:\/\/www.usviodr.com\/wp-content\/uploads\/2026\/03\/DSC_0692-2-1024x574.jpg 1024w, https:\/\/www.usviodr.com\/wp-content\/uploads\/2026\/03\/DSC_0692-2-300x168.jpg 300w, https:\/\/www.usviodr.com\/wp-content\/uploads\/2026\/03\/DSC_0692-2-768x430.jpg 768w, https:\/\/www.usviodr.com\/wp-content\/uploads\/2026\/03\/DSC_0692-2-1536x861.jpg 1536w, https:\/\/www.usviodr.com\/wp-content\/uploads\/2026\/03\/DSC_0692-2-2048x1147.jpg 2048w\" sizes=\"auto, (max-width: 1024px) 100vw, 1024px\" \/><span aria-hidden=\"true\" class=\"wp-block-cover__background has-base-2-background-color has-background-dim\"><\/span><div class=\"wp-block-cover__inner-container has-global-padding is-layout-constrained wp-container-core-cover-is-layout-da7e64e0 wp-block-cover-is-layout-constrained\">\n<h1 class=\"wp-block-heading has-text-align-left\">FEMA-HMGP<\/h1>\n<\/div><\/div>\n\n<div class=\"wp-block-group alignfull has-global-padding is-layout-constrained wp-container-core-group-is-layout-27cc3302 wp-block-group-is-layout-constrained\" style=\"margin-top:0px;margin-bottom:0px;padding-top:var(--wp--preset--spacing--50);padding-bottom:var(--wp--preset--spacing--50)\">\n<div class=\"wp-block-columns is-layout-flex wp-container-core-columns-is-layout-28f84493 wp-block-columns-is-layout-flex\">\n<div class=\"wp-block-column is-layout-flow wp-block-column-is-layout-flow\" style=\"flex-basis:66.66%\">\n<h2 class=\"wp-block-heading\" style=\"font-size:clamp(24.034px, 1.502rem + ((1vw - 3.2px) * 1.565), 40px);font-style:normal;font-weight:400\">Hazard Mitigation Grant Program<\/h2>\n\n\n\n<h3 class=\"wp-block-heading has-contrast-3-color has-text-color has-link-color wp-elements-9cb67a2bc41871e2bf96c1dcb44e0410\" style=\"text-transform:uppercase\">What is the Hazard Mitigation Grant Program?<\/h3>\n\n\n\n<p class=\"text-link-col has-base-2-color has-text-color has-link-color wp-elements-8aa7d6dea137cbcb8a00d70271a5708a\" style=\"margin-top:10px;margin-bottom:10px;line-height:1.8\">The Hazard Mitigation Grant Program is authorized by the Robert T. Stafford Disaster Relief and Emergency Act Section 404. It is a partnership designed to assist the States, Territories, local governments, and non-profit organizations with the implementation of long-term hazard mitigation measures following a Presidential Disaster Declaration. <\/p>\n\n\n\n<h3 class=\"wp-block-heading has-contrast-3-color has-text-color has-link-color wp-elements-2e90c0648278dace41fdb57df6b3ff2e\" style=\"text-transform:uppercase\">\u00bfQu\u00e9 es la mitigaci\u00f3n?<\/h3>\n\n\n\n<p style=\"margin-top:10px;margin-bottom:10px;line-height:1.8\">La mitigaci\u00f3n es un proceso continuo que tiene lugar antes y despu\u00e9s de los desastres. Su prop\u00f3sito principal es reducir o eliminar la p\u00e9rdida de vidas humanas. Asimismo, romper el ciclo de da\u00f1os y reparaciones como resultado de peligros. La mitigaci\u00f3n es cualquier acci\u00f3n sostenida adoptada para reducir o eliminar el riesgo a largo plazo para la vida humana y la propiedad derivado de cualquier evento peligroso. El objetivo es tomar medidas ahora, antes de que ocurra otro desastre, para garantizar que la comunidad de las Islas V\u00edrgenes sea m\u00e1s resiliente ante cualquier peligro potencial. La Subvenci\u00f3n para la Mitigaci\u00f3n de Peligros es un programa financiado por el gobierno federal. El programa es administrado por la Agencia Territorial de Gesti\u00f3n de Emergencias de las Islas V\u00edrgenes (VITEMA), entidad beneficiaria. La Oficina de Recuperaci\u00f3n ante Desastres (ODR) se estableci\u00f3 en febrero de 2019. Es responsable de coordinar y supervisar todos los esfuerzos de recuperaci\u00f3n, incluido el Programa de Subvenciones para la Mitigaci\u00f3n de Peligros.        <\/p>\n\n\n\n<h3 class=\"wp-block-heading has-contrast-3-color has-text-color has-link-color wp-elements-d122dfcefbcb1fdc0ba66436585bdb62\" style=\"text-transform:uppercase\">Financiaci\u00f3n del HMGP<\/h3>\n\n\n\n<p style=\"line-height:1.8\">El importe de la financiaci\u00f3n del HMGP se basa en la asistencia federal recibida para el desastre. La financiaci\u00f3n federal se asigna mediante una f\u00f3rmula de escala m\u00f3vil basada en el porcentaje de Asistencia P\u00fablica e Individual para cada desastre declarado presidencialmente. Tradicionalmente, la parte federal de la financiaci\u00f3n del HMGP tiene un l\u00edmite del 75 % del coste total elegible del proyecto, con una aportaci\u00f3n local del 25 %. Debido a la devastaci\u00f3n y los desaf\u00edos financieros en las Islas V\u00edrgenes de los Estados Unidos, para los huracanes Irma (DR-4335) y Mar\u00eda (DR-4340) la parte federal es del 100 %. No se requiere aportaci\u00f3n de fondos locales.    <\/p>\n\n\n\n<p style=\"line-height:1.8\">El equipo del HMGP ofrece asistencia t\u00e9cnica a las agencias gubernamentales locales y a las organizaciones privadas sin fines de lucro para la identificaci\u00f3n de proyectos y el desarrollo de solicitudes. El HMGP, con la participaci\u00f3n de la Oficina de Recuperaci\u00f3n ante Desastres (ODR) y el Representante Autorizado del Gobernador (GAR), es responsable de la revisi\u00f3n, priorizaci\u00f3n, recomendaci\u00f3n de financiaci\u00f3n, desarrollo de proyectos y presentaci\u00f3n de proyectos elegibles, t\u00e9cnicamente viables y rentables ante la Agencia Federal para el Manejo de Emergencias (FEMA). FEMA es responsable de todas las aprobaciones finales de los proyectos elegibles del HMGP.  <\/p>\n\n\n\n<h3 class=\"wp-block-heading has-contrast-3-color has-text-color has-link-color wp-elements-5cda1e9aa55bc81a4f243b093da187cd\" style=\"text-transform:uppercase\">Fondos disponibles<\/h3>\n\n\n\n<p>Hurac\u00e1n Irma DR-4335: $32.951.711<br\/>Hurac\u00e1n Mar\u00eda DR-4340: $428.927.038<\/p>\n\n\n\n<h3 class=\"wp-block-heading has-contrast-3-color has-text-color has-link-color wp-elements-e1c7c0d28c47e39369267a494ac793a7\" style=\"text-transform:uppercase\">Actividades elegibles<\/h3>\n\n\n\n<p>Las actividades elegibles para la Mitigaci\u00f3n de Peligros incluyen, entre otras:<\/p>\n\n\n\n<ul style=\"font-size:clamp(14px, 0.875rem + ((1vw - 3.2px) * 0.392), 18px);\" class=\"wp-block-list\">\n<li>Adquisici\u00f3n de propiedades<\/li>\n\n\n\n<li>Reconstrucci\u00f3n de mitigaci\u00f3n<\/li>\n\n\n\n<li>Generadores para instalaciones cr\u00edticas<\/li>\n\n\n\n<li>Proyectos de reducci\u00f3n del riesgo de inundaciones<\/li>\n\n\n\n<li>Modernizaci\u00f3n estructural<\/li>\n\n\n\n<li>Construcci\u00f3n de refugios seguros<\/li>\n\n\n\n<li>Modernizaci\u00f3n de infraestructuras<\/li>\n\n\n\n<li>Estabilizaci\u00f3n del suelo<\/li>\n\n\n\n<li>Mitigaci\u00f3n de incendios forestales<\/li>\n\n\n\n<li>Aplicaci\u00f3n de c\u00f3digos posteriores a desastres<\/li>\n\n\n\n<li>Planificaci\u00f3n de la mitigaci\u00f3n de peligros<\/li>\n\n\n\n<li>Proyectos de control de la erosi\u00f3n<\/li>\n<\/ul>\n<\/div>\n\n\n\n<div class=\"wp-block-column is-layout-flow wp-block-column-is-layout-flow\">\n<div class=\"wp-block-group is-vertical is-content-justification-stretch is-nowrap is-layout-flex wp-container-core-group-is-layout-8360d6be wp-block-group-is-layout-flex\">\n<div class=\"wp-block-group is-vertical is-content-justification-stretch is-layout-flex wp-container-core-group-is-layout-dc2c9a7d wp-block-group-is-layout-flex\" style=\"border-top-left-radius:12px;border-top-right-radius:12px;border-bottom-left-radius:12px;border-bottom-right-radius:12px;padding-right:0;padding-left:0;box-shadow:var(--wp--preset--shadow--deep)\">\n<h3 class=\"wp-block-heading has-text-align-left is-style-default has-base-color has-contrast-3-background-color has-text-color has-background has-link-color wp-elements-8582281a3fb25686460d8c90f6b25b37\" style=\"border-top-left-radius:12px;border-top-right-radius:12px;padding-top:15px;padding-bottom:15px;padding-left:40px\">Financiaci\u00f3n y proyectos de los huracanes de 2017<\/h3>\n\n\n\n<ul style=\"padding-top:0px;padding-right:0px;padding-bottom:0px;padding-left:0px;font-size:clamp(14px, 0.875rem + ((1vw - 3.2px) * 0.294), 17px);line-height:2.7\" class=\"wp-block-list is-style-default mar-pad-less text-doc-non\">\n<li style=\"border-bottom-style:none;border-bottom-width:0px;margin-top:10px;margin-right:var(--wp--preset--spacing--30);margin-bottom:10px;margin-left:var(--wp--preset--spacing--30);padding-top:10px;padding-bottom:10px;line-height:1.06\"><a href=\"https:\/\/www.usviodr.com\/es\/huracanes-de-2017\/\" data-type=\"link\" data-id=\"https:\/\/www.fema.gov\/sites\/default\/files\/documents\/fema_pappg-v4-updated-links_policy_6-1-2020.pdf\">Financiaci\u00f3n y proyectos del Programa de Subvenciones para la Mitigaci\u00f3n de Peligros de FEMA de 2017<\/a><\/li>\n<\/ul>\n<\/div>\n\n\n\n<div class=\"wp-block-group text-doc-non is-vertical is-content-justification-stretch is-layout-flex wp-container-core-group-is-layout-dc2c9a7d wp-block-group-is-layout-flex\" style=\"border-top-left-radius:12px;border-top-right-radius:12px;border-bottom-left-radius:12px;border-bottom-right-radius:12px;padding-right:0;padding-left:0;box-shadow:var(--wp--preset--shadow--deep)\">\n<h3 class=\"wp-block-heading has-text-align-left is-style-default has-base-color has-contrast-3-background-color has-text-color has-background has-link-color wp-elements-6ca77e620e493de14218ef8f41891963\" style=\"border-top-left-radius:12px;border-top-right-radius:12px;padding-top:15px;padding-bottom:15px;padding-left:40px\">Noticias recientes<\/h3>\n\n\n\n<ul style=\"padding-top:0px;padding-right:0px;padding-bottom:0px;padding-left:0px;font-size:clamp(14px, 0.875rem + ((1vw - 3.2px) * 0.294), 17px);line-height:2.7\" id=\"text-doc-non\" class=\"wp-block-list is-style-default mar-pad-less\">\n<li style=\"border-bottom-color:#cccccc;border-bottom-width:1px;margin-top:10px;margin-right:var(--wp--preset--spacing--30);margin-bottom:10px;margin-left:var(--wp--preset--spacing--30);padding-top:10px;padding-bottom:10px;line-height:1.06\"><a href=\"https:\/\/www.usviodr.com\/hmgp-awards-dpw-2-5m-to-mitigate-landslides-territory-wide\/\" data-type=\"page\" data-id=\"43\">El HMGP otorga $2,5 millones al DPW para mitigar deslizamientos de tierra en todo el territorio<\/a><\/li>\n\n\n\n<li style=\"margin-top:10px;margin-right:var(--wp--preset--spacing--30);margin-bottom:10px;margin-left:var(--wp--preset--spacing--30);padding-top:10px;padding-bottom:10px;line-height:1.06\"><a href=\"https:\/\/www.usviodr.com\/fema-hmgp-awards-uvi-4-1m\/\">El HMGP de FEMA otorga $4,1 millones a la UVI<\/a><\/li>\n<\/ul>\n<\/div>\n\n\n\n<div class=\"wp-block-group text-doc-non is-vertical is-content-justification-stretch is-layout-flex wp-container-core-group-is-layout-dc2c9a7d wp-block-group-is-layout-flex\" style=\"border-top-left-radius:12px;border-top-right-radius:12px;border-bottom-left-radius:12px;border-bottom-right-radius:12px;padding-right:0;padding-left:0;box-shadow:var(--wp--preset--shadow--deep)\">\n<h3 class=\"wp-block-heading has-text-align-left is-style-default has-base-color has-contrast-3-background-color has-text-color has-background has-link-color wp-elements-3c0f0f669ea06db80fb5912c2a1eaefa\" style=\"border-top-left-radius:12px;border-top-right-radius:12px;padding-top:15px;padding-bottom:15px;padding-left:40px\">ENLACES R\u00c1PIDOS<\/h3>\n\n\n\n<ul style=\"padding-top:0px;padding-right:0px;padding-bottom:0px;padding-left:0px;font-size:clamp(14px, 0.875rem + ((1vw - 3.2px) * 0.294), 17px);line-height:2.7\" id=\"text-doc-non\" class=\"wp-block-list is-style-default mar-pad-less\">\n<li style=\"border-bottom-color:#cccccc;border-bottom-width:1px;margin-top:10px;margin-right:var(--wp--preset--spacing--30);margin-bottom:10px;margin-left:var(--wp--preset--spacing--30);padding-top:10px;padding-bottom:10px;line-height:1.06\"><a href=\"https:\/\/www.fema.gov\/grants\/mitigation\/learn\/hazard-mitigation-assistance-guidance\" data-type=\"page\" data-id=\"43\">Gu\u00eda de Pol\u00edticas y Programas de Asistencia para la Mitigaci\u00f3n de Peligros de 2023<\/a><\/li>\n\n\n\n<li style=\"border-bottom-color:#cccccc;border-bottom-width:1px;margin-top:10px;margin-right:var(--wp--preset--spacing--30);margin-bottom:10px;margin-left:var(--wp--preset--spacing--30);padding-top:10px;padding-bottom:10px;line-height:1.06\"><a href=\"https:\/\/www.usviodr.com\/2024-hazard-mitigation-and-resilience-plan\/\">Plan de Mitigaci\u00f3n de Peligros y Resiliencia de 2024<\/a><\/li>\n\n\n\n<li style=\"border-bottom-color:#cccccc;border-bottom-width:1px;margin-top:10px;margin-right:var(--wp--preset--spacing--30);margin-bottom:10px;margin-left:var(--wp--preset--spacing--30);padding-top:10px;padding-bottom:10px;line-height:1.06\"><a href=\"https:\/\/www.usviodr.com\/wp-content\/uploads\/2026\/04\/USVI-Hazard-Mitigation-Plan-2019.pdf\">Plan de Mitigaci\u00f3n de Peligros de las USVI de 2019<\/a><\/li>\n\n\n\n<li style=\"border-bottom-color:#cccccc;border-bottom-width:1px;margin-top:10px;margin-right:var(--wp--preset--spacing--30);margin-bottom:10px;margin-left:var(--wp--preset--spacing--30);padding-top:10px;padding-bottom:10px;line-height:1.06\"><a href=\"https:\/\/www.fema.gov\/grants\/mitigation\">Descripci\u00f3n general<\/a><\/li>\n\n\n\n<li style=\"border-bottom-color:#cccccc;border-bottom-width:1px;margin-top:10px;margin-right:var(--wp--preset--spacing--30);margin-bottom:10px;margin-left:var(--wp--preset--spacing--30);padding-top:10px;padding-bottom:10px;line-height:1.06\"><a href=\"https:\/\/www.fema.gov\/grants\/mitigation\">Orientaci\u00f3n del programa<\/a><\/li>\n\n\n\n<li style=\"border-bottom-color:#cccccc;border-bottom-width:1px;margin-top:10px;margin-right:var(--wp--preset--spacing--30);margin-bottom:10px;margin-left:var(--wp--preset--spacing--30);padding-top:10px;padding-bottom:10px;line-height:1.06\"><a href=\"https:\/\/www.fema.gov\/grants\/mitigation\/hazard-mitigation-assistance-guidance-and-addendum-fy15\">Aclaraciones y adendas<\/a><\/li>\n\n\n\n<li style=\"border-bottom-color:#cccccc;border-bottom-width:1px;margin-top:10px;margin-right:var(--wp--preset--spacing--30);margin-bottom:10px;margin-left:var(--wp--preset--spacing--30);padding-top:10px;padding-bottom:10px;line-height:1.06\"><a href=\"https:\/\/www.fema.gov\/grants\/tools\/benefit-cost-analysis\">An\u00e1lisis de costes y beneficios de FEMA<\/a><\/li>\n\n\n\n<li style=\"border-bottom-color:#cccccc;border-bottom-width:1px;margin-top:10px;margin-right:var(--wp--preset--spacing--30);margin-bottom:10px;margin-left:var(--wp--preset--spacing--30);padding-top:10px;padding-bottom:10px;line-height:1.06\"><a href=\"https:\/\/www.usviodr.com\/wp-content\/uploads\/2026\/04\/fema_hma-guide-v2.1_2025.pdf\">Gu\u00eda de Pol\u00edticas y Programas de Asistencia para la Mitigaci\u00f3n de Peligros de FEMA<\/a><\/li>\n\n\n\n<li style=\"margin-top:10px;margin-right:var(--wp--preset--spacing--30);margin-bottom:10px;margin-left:var(--wp--preset--spacing--30);padding-top:10px;padding-bottom:10px;line-height:1.06\"><a href=\"https:\/\/www.fema.gov\/about\/strategic-plan\/goal-1\/objective-1-2\">Enfoque \u00abLas personas primero\u00bb de FEMA<\/a><\/li>\n<\/ul>\n<\/div>\n<\/div>\n<\/div>\n<\/div>\n<\/div>\n","protected":false},"excerpt":{"rendered":"<p>Hazard Mitigation Grant Program What is the Hazard Mitigation Grant Program? The Hazard Mitigation Grant Program is authorized by the Robert T. Stafford Disaster Relief and Emergency Act Section 404. It is a partnership designed to assist the States, Territories, local governments, and non-profit organizations with the implementation of long-term hazard mitigation measures following a [&hellip;]<\/p>\n","protected":false},"author":1,"featured_media":0,"parent":0,"menu_order":0,"comment_status":"closed","ping_status":"closed","template":"","meta":{"project_id":"","notification":"","due_date":"","status":"","show_rebuild":"","footnotes":""},"class_list":["post-20063","page","type-page","status-publish","hentry"],"_links":{"self":[{"href":"https:\/\/www.usviodr.com\/es\/wp-json\/wp\/v2\/pages\/20063","targetHints":{"allow":["GET"]}}],"collection":[{"href":"https:\/\/www.usviodr.com\/es\/wp-json\/wp\/v2\/pages"}],"about":[{"href":"https:\/\/www.usviodr.com\/es\/wp-json\/wp\/v2\/types\/page"}],"author":[{"embeddable":true,"href":"https:\/\/www.usviodr.com\/es\/wp-json\/wp\/v2\/users\/1"}],"replies":[{"embeddable":true,"href":"https:\/\/www.usviodr.com\/es\/wp-json\/wp\/v2\/comments?post=20063"}],"version-history":[{"count":1,"href":"https:\/\/www.usviodr.com\/es\/wp-json\/wp\/v2\/pages\/20063\/revisions"}],"predecessor-version":[{"id":20064,"href":"https:\/\/www.usviodr.com\/es\/wp-json\/wp\/v2\/pages\/20063\/revisions\/20064"}],"wp:attachment":[{"href":"https:\/\/www.usviodr.com\/es\/wp-json\/wp\/v2\/media?parent=20063"}],"curies":[{"name":"wp","href":"https:\/\/api.w.org\/{rel}","templated":true}]}}