{"id":20075,"date":"2026-03-26T11:40:21","date_gmt":"2026-03-26T11:40:21","guid":{"rendered":"https:\/\/www.usviodr.com\/fema-pa\/"},"modified":"2026-04-12T08:21:48","modified_gmt":"2026-04-12T08:21:48","slug":"fema-pa","status":"publish","type":"page","link":"https:\/\/www.usviodr.com\/es\/fema-pa\/","title":{"rendered":"FEMA-PA"},"content":{"rendered":"\n<div class=\"wp-block-cover alignfull\"><img loading=\"lazy\" decoding=\"async\" width=\"1024\" height=\"574\" class=\"wp-block-cover__image-background wp-image-2325 size-large\" alt=\"\" src=\"https:\/\/www.usviodr.com\/wp-content\/uploads\/2026\/03\/DSC_0692-2-1024x574.jpg\" data-object-fit=\"cover\" srcset=\"https:\/\/www.usviodr.com\/wp-content\/uploads\/2026\/03\/DSC_0692-2-1024x574.jpg 1024w, https:\/\/www.usviodr.com\/wp-content\/uploads\/2026\/03\/DSC_0692-2-300x168.jpg 300w, https:\/\/www.usviodr.com\/wp-content\/uploads\/2026\/03\/DSC_0692-2-768x430.jpg 768w, https:\/\/www.usviodr.com\/wp-content\/uploads\/2026\/03\/DSC_0692-2-1536x861.jpg 1536w, https:\/\/www.usviodr.com\/wp-content\/uploads\/2026\/03\/DSC_0692-2-2048x1147.jpg 2048w\" sizes=\"auto, (max-width: 1024px) 100vw, 1024px\" \/><span aria-hidden=\"true\" class=\"wp-block-cover__background has-base-2-background-color has-background-dim\"><\/span><div class=\"wp-block-cover__inner-container has-global-padding is-layout-constrained wp-container-core-cover-is-layout-da7e64e0 wp-block-cover-is-layout-constrained\">\n<h1 class=\"wp-block-heading has-text-align-left\">FEMA-PA<\/h1>\n<\/div><\/div>\n\n<div class=\"wp-block-group alignfull has-global-padding is-layout-constrained wp-container-core-group-is-layout-27cc3302 wp-block-group-is-layout-constrained\" style=\"margin-top:0px;margin-bottom:0px;padding-top:var(--wp--preset--spacing--50);padding-bottom:var(--wp--preset--spacing--50)\">\n<div class=\"wp-block-columns is-layout-flex wp-container-core-columns-is-layout-28f84493 wp-block-columns-is-layout-flex\">\n<div class=\"wp-block-column is-layout-flow wp-block-column-is-layout-flow\" style=\"flex-basis:66.66%\">\n<h2 class=\"wp-block-heading\" style=\"font-size:clamp(24.034px, 1.502rem + ((1vw - 3.2px) * 1.565), 40px);font-style:normal;font-weight:400\">Programa de Asistencia P\u00fablica<\/h2>\n\n\n\n<h3 class=\"wp-block-heading has-contrast-3-color has-text-color has-link-color wp-elements-b931749d6fa48d4c6ee2f5c2f70cf1b3\">OBJETIVO<\/h3>\n\n\n\n<p class=\"text-link-col has-base-2-color has-text-color has-link-color wp-elements-cb122304093bfe8866942ac5bd284c97\" style=\"margin-top:10px;margin-bottom:10px;line-height:1.8\">El objetivo del <a href=\"https:\/\/www.fema.gov\/assistance\/public\">Programa de Subvenciones de Asistencia P\u00fablica (PA) de la Agencia Federal para el Manejo de Emergencias (FEMA)<\/a> es proporcionar asistencia a los gobiernos estatales, tribales y locales, as\u00ed como a ciertos tipos de organizaciones privadas sin \u00e1nimo de lucro, para que las comunidades puedan responder y recuperarse r\u00e1pidamente de desastres mayores o emergencias declaradas por el presidente. Las Islas V\u00edrgenes de los Estados Unidos (USVI) gestionan este programa como beneficiarias de FEMA (otorgante) para todas las subvenciones otorgadas a jurisdicciones y agencias locales elegibles dentro de las USVI. <\/p>\n\n\n\n<p style=\"line-height:1.8\">A trav\u00e9s del Programa de Subvenciones de Asistencia P\u00fablica, FEMA proporciona asistencia federal suplementaria en forma de subvenciones para la remoci\u00f3n de escombros y medidas de protecci\u00f3n de emergencia. Adem\u00e1s, se puede proporcionar asistencia en forma de subvenciones para la reparaci\u00f3n, sustituci\u00f3n o restauraci\u00f3n de instalaciones de propiedad p\u00fablica da\u00f1adas por el desastre y las instalaciones de ciertas organizaciones privadas sin \u00e1nimo de lucro (PNP). Para ser elegible para recibir asistencia del programa de subvenciones, los solicitantes potenciales deben completar una Solicitud de Asistencia P\u00fablica para la Divisi\u00f3n de Asistencia P\u00fablica dentro de la Oficina de Recuperaci\u00f3n ante Desastres. El Programa de Subvenciones de Asistencia P\u00fablica de FEMA tambi\u00e9n fomenta la protecci\u00f3n de las instalaciones da\u00f1adas frente a eventos futuros mediante la provisi\u00f3n de asistencia para medidas de mitigaci\u00f3n de riesgos durante el proceso de recuperaci\u00f3n.   <\/p>\n\n\n\n<p style=\"line-height:1.8\">La Asistencia P\u00fablica es el programa de subvenciones m\u00e1s grande de FEMA. Desde las declaraciones presidenciales de 2017 de los huracanes Irma y Mar\u00eda, las USVI han recibido m\u00e1s de 1.800 millones de d\u00f3lares a trav\u00e9s de subvenciones de PA para ayudar al territorio a retirar escombros y reconstruir carreteras, escuelas y otras instalaciones p\u00fablicas. <\/p>\n\n\n\n<h3 class=\"wp-block-heading has-contrast-3-color has-text-color has-link-color wp-elements-1b0cefd496af75e1a4ee5b2d40bb7f0b\">PROCESO DE DECLARACI\u00d3N Y PDA<\/h3>\n\n\n\n<p style=\"margin-top:10px;margin-bottom:10px;line-height:1.8\">Antes de que el Programa de Subvenciones de Asistencia P\u00fablica est\u00e9 disponible, debe realizarse una declaraci\u00f3n presidencial que designe las jurisdicciones elegibles para la Asistencia P\u00fablica. El Territorio participar\u00e1 con FEMA en una Evaluaci\u00f3n Preliminar de Da\u00f1os (PDA) de la jurisdicci\u00f3n local para determinar la elegibilidad del Estado para una declaraci\u00f3n presidencial del Programa de Subvenciones de Asistencia P\u00fablica. El proceso de PDA eval\u00faa el coste asociado con las Medidas de Protecci\u00f3n de Emergencia, la Remoci\u00f3n de Escombros y la Restauraci\u00f3n de Infraestructura a la condici\u00f3n previa al desastre despu\u00e9s de las deducciones por seguros y cualquier otro pago de programas federales. Si el total de estos costes tanto para los condados afectados como para el estado excede la cantidad de asistencia que el estado puede proporcionar, seg\u00fan lo establecido por el umbral del a\u00f1o fiscal actual desarrollado por FEMA bas\u00e1ndose en ajustes al \u00edndice de precios al consumidor, el incidente puede entonces ser elegible para una declaraci\u00f3n de Asistencia P\u00fablica. Es por esta raz\u00f3n que todos los da\u00f1os deben tabularse para capturar el coste real del incidente para el estado para su consideraci\u00f3n por parte de FEMA y el presidente.    <\/p>\n\n\n\n<h3 class=\"wp-block-heading has-contrast-3-color has-text-color has-link-color wp-elements-71b80969c866535c5d46f3dc6c6b81a0\">TIPOS DE TRABAJO<\/h3>\n\n\n\n<p style=\"line-height:1.8\">La Asistencia P\u00fablica se clasifica en dos tipos de trabajo: de Emergencia y Permanente. El per\u00edodo de ejecuci\u00f3n para las Subvenciones de Asistencia P\u00fablica de Trabajo de Emergencia es normalmente de 180 d\u00edas despu\u00e9s de la declaraci\u00f3n presidencial. El per\u00edodo de ejecuci\u00f3n para las Subvenciones de Asistencia P\u00fablica de Trabajo Permanente es normalmente de 18 meses despu\u00e9s de la declaraci\u00f3n presidencial. El per\u00edodo de ejecuci\u00f3n de ambos tipos de subvenciones puede prorrogarse siempre que se presente una solicitud de pr\u00f3rroga apropiada al territorio (beneficiario) por parte de la jurisdicci\u00f3n o agencia local (subbeneficiario).   <\/p>\n<\/div>\n\n\n\n<div class=\"wp-block-column is-layout-flow wp-block-column-is-layout-flow\">\n<div class=\"wp-block-group is-vertical is-content-justification-stretch is-nowrap is-layout-flex wp-container-core-group-is-layout-8360d6be wp-block-group-is-layout-flex\">\n<div class=\"wp-block-group is-vertical is-content-justification-stretch is-layout-flex wp-container-core-group-is-layout-dc2c9a7d wp-block-group-is-layout-flex\" style=\"border-top-left-radius:12px;border-top-right-radius:12px;border-bottom-left-radius:12px;border-bottom-right-radius:12px;padding-right:0;padding-left:0;box-shadow:var(--wp--preset--shadow--deep)\">\n<h3 class=\"wp-block-heading has-text-align-left is-style-default has-base-color has-contrast-3-background-color has-text-color has-background has-link-color wp-elements-a3d39fc75475aeb550e769d945de56ae\" style=\"border-top-left-radius:12px;border-top-right-radius:12px;padding-top:15px;padding-bottom:15px;padding-left:40px\">INFORMACI\u00d3N DEL PROGRAMA<\/h3>\n\n\n\n<ul style=\"padding-top:0px;padding-right:0px;padding-bottom:0px;padding-left:0px;font-size:clamp(14px, 0.875rem + ((1vw - 3.2px) * 0.294), 17px);line-height:2.7\" class=\"wp-block-list is-style-default mar-pad-less text-doc-non\">\n<li style=\"border-bottom-style:none;border-bottom-width:0px;margin-top:10px;margin-right:var(--wp--preset--spacing--30);margin-bottom:10px;margin-left:var(--wp--preset--spacing--30);padding-top:10px;padding-bottom:10px;line-height:1.06\"><a href=\"https:\/\/www.fema.gov\/sites\/default\/files\/documents\/fema_pappg-v4-updated-links_policy_6-1-2020.pdf\" data-type=\"link\" data-id=\"https:\/\/www.fema.gov\/sites\/default\/files\/documents\/fema_pappg-v4-updated-links_policy_6-1-2020.pdf\">Gu\u00eda de Programa y Pol\u00edtica<\/a><\/li>\n<\/ul>\n<\/div>\n\n\n\n<div class=\"wp-block-group text-doc-non is-vertical is-content-justification-stretch is-layout-flex wp-container-core-group-is-layout-dc2c9a7d wp-block-group-is-layout-flex\" style=\"border-top-left-radius:12px;border-top-right-radius:12px;border-bottom-left-radius:12px;border-bottom-right-radius:12px;padding-right:0;padding-left:0;box-shadow:var(--wp--preset--shadow--deep)\">\n<h3 class=\"wp-block-heading has-text-align-left is-style-default has-base-color has-contrast-3-background-color has-text-color has-background has-link-color wp-elements-3c0f0f669ea06db80fb5912c2a1eaefa\" style=\"border-top-left-radius:12px;border-top-right-radius:12px;padding-top:15px;padding-bottom:15px;padding-left:40px\">ENLACES R\u00c1PIDOS<\/h3>\n\n\n\n<ul style=\"padding-top:0px;padding-right:0px;padding-bottom:0px;padding-left:0px;font-size:clamp(14px, 0.875rem + ((1vw - 3.2px) * 0.294), 17px);line-height:2.7\" class=\"wp-block-list is-style-default mar-pad-less\">\n<li style=\"border-bottom-color:#cccccc;border-bottom-width:1px;margin-top:10px;margin-right:var(--wp--preset--spacing--30);margin-bottom:10px;margin-left:var(--wp--preset--spacing--30);padding-top:10px;padding-bottom:10px;line-height:1.06\"><a href=\"https:\/\/grantee.fema.gov\/\" data-type=\"page\" data-id=\"43\">Portal de Subvenciones<\/a><\/li>\n\n\n\n<li style=\"border-bottom-color:#cccccc;border-bottom-width:1px;margin-top:10px;margin-right:var(--wp--preset--spacing--30);margin-bottom:10px;margin-left:var(--wp--preset--spacing--30);padding-top:10px;padding-bottom:10px;line-height:1.06\"><a href=\"https:\/\/www.usviodr.com\/wp-content\/uploads\/2026\/04\/Procurement-Under-FEMA-Awards.pdf\">Contrataci\u00f3n bajo Subvenciones Federales<\/a><\/li>\n\n\n\n<li style=\"border-bottom-color:#cccccc;border-bottom-width:1px;margin-top:10px;margin-right:var(--wp--preset--spacing--30);margin-bottom:10px;margin-left:var(--wp--preset--spacing--30);padding-top:10px;padding-bottom:10px;line-height:1.06\"><a href=\"https:\/\/www.usviodr.com\/wp-content\/uploads\/2026\/04\/Drawdown-Payment-Request-supporting-documentation-review-guide.pdf\">Documentaci\u00f3n de Solicitud de Pago<\/a><\/li>\n\n\n\n<li style=\"border-bottom-color:#cccccc;border-bottom-width:1px;margin-top:10px;margin-right:var(--wp--preset--spacing--30);margin-bottom:10px;margin-left:var(--wp--preset--spacing--30);padding-top:10px;padding-bottom:10px;line-height:1.06\"><a href=\"https:\/\/www.usviodr.com\/wp-content\/uploads\/2026\/04\/USVI-2017-Hurricane-Recovery-Procurement-Documentation-Request-Checklist.pdf\">Lista de Verificaci\u00f3n de Contrataci\u00f3n<\/a><\/li>\n\n\n\n<li style=\"margin-top:10px;margin-right:var(--wp--preset--spacing--30);margin-bottom:10px;margin-left:var(--wp--preset--spacing--30);padding-top:10px;padding-bottom:10px;line-height:1.06\"><a href=\"https:\/\/www.usviodr.com\/wp-content\/uploads\/2026\/04\/USVI-Hurricane-Recovery-Drawdown-Payment-Request-Supporting-Documentation-Checklist.pdf\">Lista de Verificaci\u00f3n de Desembolso de Pagos<\/a><\/li>\n<\/ul>\n<\/div>\n\n\n<\/div>\n<\/div>\n<\/div>\n<\/div>\n","protected":false},"excerpt":{"rendered":"<p>Programa de Asistencia P\u00fablica OBJETIVO El objetivo del Programa de Subvenciones de Asistencia P\u00fablica (PA) de la Agencia Federal para el Manejo de Emergencias (FEMA) es proporcionar asistencia a los gobiernos estatales, tribales y locales, as\u00ed como a ciertos tipos de organizaciones privadas sin \u00e1nimo de lucro, para que las comunidades puedan responder y recuperarse [&hellip;]<\/p>\n","protected":false},"author":1,"featured_media":0,"parent":0,"menu_order":0,"comment_status":"closed","ping_status":"closed","template":"","meta":{"project_id":"","notification":"","due_date":"","status":"","show_rebuild":"","footnotes":""},"class_list":["post-20075","page","type-page","status-publish","hentry"],"_links":{"self":[{"href":"https:\/\/www.usviodr.com\/es\/wp-json\/wp\/v2\/pages\/20075","targetHints":{"allow":["GET"]}}],"collection":[{"href":"https:\/\/www.usviodr.com\/es\/wp-json\/wp\/v2\/pages"}],"about":[{"href":"https:\/\/www.usviodr.com\/es\/wp-json\/wp\/v2\/types\/page"}],"author":[{"embeddable":true,"href":"https:\/\/www.usviodr.com\/es\/wp-json\/wp\/v2\/users\/1"}],"replies":[{"embeddable":true,"href":"https:\/\/www.usviodr.com\/es\/wp-json\/wp\/v2\/comments?post=20075"}],"version-history":[{"count":1,"href":"https:\/\/www.usviodr.com\/es\/wp-json\/wp\/v2\/pages\/20075\/revisions"}],"predecessor-version":[{"id":20077,"href":"https:\/\/www.usviodr.com\/es\/wp-json\/wp\/v2\/pages\/20075\/revisions\/20077"}],"wp:attachment":[{"href":"https:\/\/www.usviodr.com\/es\/wp-json\/wp\/v2\/media?parent=20075"}],"curies":[{"name":"wp","href":"https:\/\/api.w.org\/{rel}","templated":true}]}}