{"id":19591,"date":"2026-03-25T12:02:13","date_gmt":"2026-03-25T12:02:13","guid":{"rendered":"https:\/\/www.usviodr.com\/avertissement-general\/"},"modified":"2026-04-11T19:59:08","modified_gmt":"2026-04-11T19:59:08","slug":"avertissement-general","status":"publish","type":"page","link":"https:\/\/www.usviodr.com\/fr\/avertissement-general\/","title":{"rendered":"Avertissement g\u00e9n\u00e9ral"},"content":{"rendered":"\n<div class=\"wp-block-cover alignfull\"><img loading=\"lazy\" decoding=\"async\" width=\"1024\" height=\"417\" class=\"wp-block-cover__image-background wp-image-2260 size-large\" alt=\"\" src=\"https:\/\/www.usviodr.com\/wp-content\/uploads\/2026\/03\/DSC_2519-1024x417.jpg\" data-object-fit=\"cover\" srcset=\"https:\/\/www.usviodr.com\/wp-content\/uploads\/2026\/03\/DSC_2519-1024x417.jpg 1024w, https:\/\/www.usviodr.com\/wp-content\/uploads\/2026\/03\/DSC_2519-300x122.jpg 300w, https:\/\/www.usviodr.com\/wp-content\/uploads\/2026\/03\/DSC_2519-768x313.jpg 768w, https:\/\/www.usviodr.com\/wp-content\/uploads\/2026\/03\/DSC_2519-1536x625.jpg 1536w, https:\/\/www.usviodr.com\/wp-content\/uploads\/2026\/03\/DSC_2519-2048x834.jpg 2048w\" sizes=\"auto, (max-width: 1024px) 100vw, 1024px\" \/><span aria-hidden=\"true\" class=\"wp-block-cover__background has-base-2-background-color has-background-dim\"><\/span><div class=\"wp-block-cover__inner-container has-global-padding is-layout-constrained wp-container-core-cover-is-layout-da7e64e0 wp-block-cover-is-layout-constrained\">\n<h1 class=\"wp-block-heading\">Avertissement g\u00e9n\u00e9ral<\/h1>\n<\/div><\/div>\n\n<div class=\"wp-block-group alignfull has-global-padding is-layout-constrained wp-container-core-group-is-layout-7cef8d7d wp-block-group-is-layout-constrained\" style=\"padding-top:var(--wp--preset--spacing--30);padding-bottom:var(--wp--preset--spacing--30)\">\n<p>Nous vous remercions de visiter le site web du Bureau de rel\u00e8vement apr\u00e8s catastrophe. Bien que le Bureau de rel\u00e8vement apr\u00e8s catastrophe s&rsquo;efforce de publier des informations exactes et \u00e0 jour, il ne formule aucune d\u00e9claration, promesse ou garantie quant \u00e0 l&rsquo;exactitude, l&rsquo;exhaustivit\u00e9 ou la pertinence du contenu de ce site, et d\u00e9cline toute responsabilit\u00e9 pour les erreurs et omissions pr\u00e9sentes dans le contenu de ce site. Les informations figurant sur ce site web sont fournies \u00e0 titre d&rsquo;information g\u00e9n\u00e9rale uniquement. Aucune garantie d&rsquo;aucune sorte, implicite, expresse, l\u00e9gale ou autre, n&rsquo;est donn\u00e9e concernant le contenu de ce site web ou ses liens vers d&rsquo;autres ressources Internet.<\/p>\n\n\n\n<p>La r\u00e9f\u00e9rence sur ce site \u00e0 un produit, processus ou service sp\u00e9cifique, ou l&rsquo;utilisation d&rsquo;un nom commercial, d&rsquo;entreprise ou de soci\u00e9t\u00e9, est fournie \u00e0 titre d&rsquo;information et de commodit\u00e9 pour le public et ne constitue pas une approbation, une recommandation ou une pr\u00e9f\u00e9rence de la part du Bureau de rel\u00e8vement apr\u00e8s catastrophe.<\/p>\n<\/div>\n","protected":false},"excerpt":{"rendered":"<p>Nous vous remercions de visiter le site web du Bureau de rel\u00e8vement apr\u00e8s catastrophe. Bien que le Bureau de rel\u00e8vement apr\u00e8s catastrophe s&rsquo;efforce de publier des informations exactes et \u00e0 jour, il ne formule aucune d\u00e9claration, promesse ou garantie quant \u00e0 l&rsquo;exactitude, l&rsquo;exhaustivit\u00e9 ou la pertinence du contenu de ce site, et d\u00e9cline toute responsabilit\u00e9 [&hellip;]<\/p>\n","protected":false},"author":1,"featured_media":0,"parent":0,"menu_order":0,"comment_status":"closed","ping_status":"closed","template":"","meta":{"project_id":"","notification":"","due_date":"","status":"","show_rebuild":"","footnotes":""},"class_list":["post-19591","page","type-page","status-publish","hentry"],"_links":{"self":[{"href":"https:\/\/www.usviodr.com\/fr\/wp-json\/wp\/v2\/pages\/19591","targetHints":{"allow":["GET"]}}],"collection":[{"href":"https:\/\/www.usviodr.com\/fr\/wp-json\/wp\/v2\/pages"}],"about":[{"href":"https:\/\/www.usviodr.com\/fr\/wp-json\/wp\/v2\/types\/page"}],"author":[{"embeddable":true,"href":"https:\/\/www.usviodr.com\/fr\/wp-json\/wp\/v2\/users\/1"}],"replies":[{"embeddable":true,"href":"https:\/\/www.usviodr.com\/fr\/wp-json\/wp\/v2\/comments?post=19591"}],"version-history":[{"count":1,"href":"https:\/\/www.usviodr.com\/fr\/wp-json\/wp\/v2\/pages\/19591\/revisions"}],"predecessor-version":[{"id":19593,"href":"https:\/\/www.usviodr.com\/fr\/wp-json\/wp\/v2\/pages\/19591\/revisions\/19593"}],"wp:attachment":[{"href":"https:\/\/www.usviodr.com\/fr\/wp-json\/wp\/v2\/media?parent=19591"}],"curies":[{"name":"wp","href":"https:\/\/api.w.org\/{rel}","templated":true}]}}