{"id":19622,"date":"2026-01-24T07:50:05","date_gmt":"2026-01-24T07:50:05","guid":{"rendered":"https:\/\/www.usviodr.com\/industry-day-2023\/"},"modified":"2026-04-11T20:12:40","modified_gmt":"2026-04-11T20:12:40","slug":"industry-day-2023","status":"publish","type":"page","link":"https:\/\/www.usviodr.com\/fr\/industry-day-2023\/","title":{"rendered":"Industry Day 2023"},"content":{"rendered":"\n<div class=\"wp-block-cover alignfull\" style=\"margin-top:0px;margin-bottom:0px;padding-top:0px;padding-right:0px;padding-bottom:0px;padding-left:0px\"><img loading=\"lazy\" decoding=\"async\" width=\"1024\" height=\"433\" class=\"wp-block-cover__image-background wp-image-64 size-large\" alt=\"\" src=\"https:\/\/www.usviodr.com\/wp-content\/uploads\/2026\/01\/CDBG-DR-2-1024x433.png\" data-object-fit=\"cover\" srcset=\"https:\/\/www.usviodr.com\/wp-content\/uploads\/2026\/01\/CDBG-DR-2-1024x433.png 1024w, https:\/\/www.usviodr.com\/wp-content\/uploads\/2026\/01\/CDBG-DR-2-300x127.png 300w, https:\/\/www.usviodr.com\/wp-content\/uploads\/2026\/01\/CDBG-DR-2-768x325.png 768w, https:\/\/www.usviodr.com\/wp-content\/uploads\/2026\/01\/CDBG-DR-2.png 1366w\" sizes=\"auto, (max-width: 1024px) 100vw, 1024px\" \/><span aria-hidden=\"true\" class=\"wp-block-cover__background has-base-2-background-color has-background-dim-0 has-background-dim\"><\/span><div class=\"wp-block-cover__inner-container has-global-padding is-layout-constrained wp-container-core-cover-is-layout-f54c662a wp-block-cover-is-layout-constrained\">\n<h1 class=\"wp-block-heading alignwide has-text-align-center has-base-color has-text-color has-link-color has-body-font-family wp-elements-410a7f3daf4d9098f2d136e5dfa1ac40\" style=\"padding-top:110px;font-size:clamp(33.419px, 2.089rem + ((1vw - 3.2px) * 2.606), 60px);font-style:normal;font-weight:400\"><strong>Industry Day 2023<\/strong><\/h1>\n<\/div><\/div>\n\n<div class=\"wp-block-group ind-block-1 is-layout-flow wp-block-group-is-layout-flow\" style=\"padding-top:40px;padding-right:var(--wp--preset--spacing--40);padding-bottom:var(--wp--preset--spacing--40);padding-left:30px\">\n<h2 class=\"wp-block-heading has-text-align-center has-text-color has-link-color has-body-font-family wp-elements-4e895c15c20a42c099f5444ab5ed9018\" style=\"color:#0767a9;padding-top:40px;padding-bottom:20px;font-size:clamp(24.034px, 1.502rem + ((1vw - 3.2px) * 1.565), 40px);\"><strong>Journ\u00e9e de l&rsquo;industrie Rebuild USVI 202<\/strong>3-<strong>5 \u2013 7 d\u00e9cembre 2023<\/strong> <br\/>Sainte-Croix et Saint-Thomas, \u00celes Vierges am\u00e9ricaines<\/h2>\n\n\n\n<p class=\"has-text-align-center\">Le Bureau de la reconstruction apr\u00e8s sinistre (ODR) du gouvernement des \u00eeles Vierges am\u00e9ricaines organise une Journ\u00e9e de l&rsquo;industrie du 5 au 7 d\u00e9cembre \u00e0 Sainte-Croix et Saint-Thomas. La Journ\u00e9e de l&rsquo;industrie Rebuild USVI offre un premier aper\u00e7u des opportunit\u00e9s passionnantes offertes par les programmes de reconstruction d&rsquo;infrastructures de 20 milliards de dollars du Territoire, qui couvrent les \u00e9coles, les h\u00f4pitaux, les routes, l&rsquo;\u00e9nergie, l&rsquo;eau, les eaux us\u00e9es, et bien plus encore.<\/p>\n\n\n\n<figure class=\"wp-block-video ind-video\" style=\"margin-top:var(--wp--preset--spacing--40);margin-bottom:var(--wp--preset--spacing--40);padding-right:300px;padding-left:300px\"><video height=\"1080\" style=\"aspect-ratio: 1920 \/ 1080;\" width=\"1920\" controls=\"\" src=\"https:\/\/www.usviodr.com\/wp-content\/uploads\/2026\/03\/Industry-Day-Opener-with-music.mp4\"><\/video><\/figure><\/div>\n\n<div class=\"wp-block-group has-global-padding is-layout-constrained wp-container-core-group-is-layout-c6fb8f2d wp-block-group-is-layout-constrained\" style=\"margin-top:-30px;margin-bottom:20px;padding-right:30px;padding-left:30px\">\n<div class=\"wp-block-columns is-layout-flex wp-container-core-columns-is-layout-28f84493 wp-block-columns-is-layout-flex\">\n<div class=\"wp-block-column is-layout-flow wp-block-column-is-layout-flow\">\n<p style=\"line-height:1.5\">L&rsquo;implication de votre entreprise est essentielle pour garantir que les initiatives Rebuild USVI soient fa\u00e7onn\u00e9es par les connaissances, l&rsquo;exp\u00e9rience et les besoins de notre communaut\u00e9. Nous vous invitons \u00e0 venir pr\u00e9par\u00e9(e) \u00e0 explorer les opportunit\u00e9s de collaboration avec les entrepreneurs principaux et d&rsquo;autres fournisseurs de services.<br\/>fournisseurs.<\/p>\n\n\n\n<p>Pour manifester votre int\u00e9r\u00eat \u00e0 participer, veuillez remplir le formulaire d&rsquo;inscription d\u00e8s que possible en visitant https:\/\/www.usviodr.com\/industry-day-2025-registration. Les repr\u00e9sentants d&rsquo;entreprises int\u00e9ress\u00e9s sont fortement encourag\u00e9s \u00e0 s&rsquo;inscrire dans le district qu&rsquo;ils desservent. Les places sont limit\u00e9es et la priorit\u00e9 sera donn\u00e9e aux propri\u00e9taires de petites entreprises. Veuillez vous assurer de consulter les mises \u00e0 jour concernant la confirmation de votre inscription, les d\u00e9tails de l&rsquo;\u00e9v\u00e9nement et l&rsquo;ordre du jour du programme.<\/p>\n\n\n\n<p>Nous vous remercions et nous nous r\u00e9jouissons de vous accueillir \u00e0 la Journ\u00e9e de l&rsquo;industrie Rebuild USVI 2025 !<\/p>\n<\/div>\n<\/div>\n<\/div>\n\n<div class=\"wp-block-columns alignfull is-layout-flex wp-container-core-columns-is-layout-28f84493 wp-block-columns-is-layout-flex\">\n<div class=\"wp-block-column has-accent-background-color has-background is-layout-flow wp-block-column-is-layout-flow\" style=\"padding-top:100px;padding-bottom:100px\">\n<figure class=\"wp-block-image aligncenter size-large\"><img loading=\"lazy\" decoding=\"async\" width=\"1024\" height=\"433\" src=\"https:\/\/www.usviodr.com\/wp-content\/uploads\/2026\/01\/CDBG-DR-group-1-1024x433.png\" alt=\"\" class=\"wp-image-572\" srcset=\"https:\/\/www.usviodr.com\/wp-content\/uploads\/2026\/01\/CDBG-DR-group-1-1024x433.png 1024w, https:\/\/www.usviodr.com\/wp-content\/uploads\/2026\/01\/CDBG-DR-group-1-300x127.png 300w, https:\/\/www.usviodr.com\/wp-content\/uploads\/2026\/01\/CDBG-DR-group-1-768x325.png 768w, https:\/\/www.usviodr.com\/wp-content\/uploads\/2026\/01\/CDBG-DR-group-1.png 1366w\" sizes=\"auto, (max-width: 1024px) 100vw, 1024px\" \/><\/figure><\/div>\n<\/div>\n\n<div class=\"wp-block-group alignfull page-card-mob has-background has-global-padding is-layout-constrained wp-container-core-group-is-layout-e19f7806 wp-block-group-is-layout-constrained\" style=\"background-color:#f7f7f7;margin-top:0px;margin-bottom:0px;padding-top:0px;padding-right:0px;padding-bottom:0px;padding-left:0px\">\n<div class=\"wp-block-columns page-card-mob is-layout-flex wp-container-core-columns-is-layout-9a7ec5e2 wp-block-columns-is-layout-flex\" style=\"border-top-left-radius:20px;border-top-right-radius:20px;border-bottom-left-radius:20px;border-bottom-right-radius:20px;padding-top:100px;padding-right:100px;padding-bottom:100px;padding-left:100px\">\n<div class=\"wp-block-column career-shadow has-border-color has-base-background-color has-background is-layout-flow wp-block-column-is-layout-flow\" style=\"border-color:#ffffff;border-top-left-radius:20px;border-top-right-radius:20px;border-bottom-left-radius:20px;border-bottom-right-radius:20px;padding-top:25px;padding-right:15px;padding-bottom:25px;padding-left:15px;flex-basis:350px\">\n<h3 class=\"wp-block-heading has-text-color has-link-color has-body-font-family wp-elements-3cf4769f6a51225451eb4705e925c600\" style=\"color:#3e3e3e;font-size:clamp(14px, 0.875rem + ((1vw - 3.2px) * 0.588), 20px);font-style:normal;font-weight:700\">Ordres du jour de la Journ\u00e9e de l&rsquo;industrie<\/h3>\n\n\n\n<div class=\"wp-block-group is-vertical is-layout-flex wp-container-core-group-is-layout-84c5f1ea wp-block-group-is-layout-flex\" style=\"margin-top:2px;margin-bottom:2px;padding-top:10px;padding-bottom:10px\">\n<p class=\"has-accent-color has-text-color has-link-color has-body-font-family wp-elements-0f835fbbb210a87c2a0ace06623c0f1f\" style=\"padding-top:2px;padding-bottom:2px;font-size:clamp(14px, 0.875rem + ((1vw - 3.2px) * 0.294), 17px);font-style:normal;font-weight:600\">Cliquez ici pour l&rsquo;ordre du jour de Saint-Thomas<\/p>\n\n\n\n<p class=\"has-accent-color has-text-color has-link-color has-body-font-family wp-elements-2d5408c85939a98431d4968bd0c893ad\" style=\"margin-top:0px;margin-bottom:0px;padding-top:2px;padding-bottom:2px;font-size:clamp(14px, 0.875rem + ((1vw - 3.2px) * 0.294), 17px);font-style:normal;font-weight:600\">Cliquez ici pour l&rsquo;ordre du jour de Sainte-Croix<\/p>\n<\/div>\n<\/div>\n\n\n\n<div class=\"wp-block-column career-shadow has-border-color has-base-background-color has-background is-layout-flow wp-block-column-is-layout-flow\" style=\"border-color:#ffffff;border-top-left-radius:20px;border-top-right-radius:20px;border-bottom-left-radius:20px;border-bottom-right-radius:20px;padding-top:25px;padding-right:15px;padding-bottom:25px;padding-left:15px;flex-basis:350px\">\n<h3 class=\"wp-block-heading has-text-color has-link-color has-body-font-family wp-elements-e72c03efc21a5c2bfc646239096d983b\" style=\"color:#3e3e3e;font-size:clamp(14px, 0.875rem + ((1vw - 3.2px) * 0.588), 20px);font-style:normal;font-weight:700\">Communiqu\u00e9s de presse de la Journ\u00e9e de l&rsquo;industrie<\/h3>\n\n\n\n<div class=\"wp-block-group is-vertical is-layout-flex wp-container-core-group-is-layout-84c5f1ea wp-block-group-is-layout-flex\" style=\"margin-top:2px;margin-bottom:2px;padding-top:10px;padding-bottom:10px\">\n<p class=\"has-accent-color has-text-color has-link-color has-body-font-family wp-elements-b80d5cdd6bd6678051b0c4ab99702096\" style=\"padding-top:2px;padding-bottom:2px;font-size:clamp(14px, 0.875rem + ((1vw - 3.2px) * 0.294), 17px);font-style:normal;font-weight:600\">L&rsquo;ODR invite la communaut\u00e9 d&rsquo;affaires locale<br\/>\u00e0 la Journ\u00e9e de l&rsquo;industrie 2025<\/p>\n\n\n\n<p class=\"has-accent-color has-text-color has-link-color has-body-font-family wp-elements-43dff2ba5ddbe6920b48cc212df9866b\" style=\"padding-top:2px;padding-bottom:2px;font-size:clamp(14px, 0.875rem + ((1vw - 3.2px) * 0.294), 17px);font-style:normal;font-weight:600\">La Journ\u00e9e de l&rsquo;industrie Rebuild USVI d\u00e9voile<br\/>des opportunit\u00e9s pour les entrepreneurs locaux<\/p>\n\n\n\n<p class=\"has-accent-color has-text-color has-link-color has-body-font-family wp-elements-9343160e056c2c4829871fa2d8eeca3d\" style=\"padding-top:2px;padding-bottom:2px;font-size:clamp(14px, 0.875rem + ((1vw - 3.2px) * 0.294), 17px);font-style:normal;font-weight:600\"><\/p>\n<\/div>\n<\/div>\n\n\n\n<div class=\"wp-block-column career-shadow has-border-color has-base-background-color has-background is-layout-flow wp-block-column-is-layout-flow\" style=\"border-color:#ffffff;border-top-left-radius:20px;border-top-right-radius:20px;border-bottom-left-radius:20px;border-bottom-right-radius:20px;padding-top:25px;padding-right:15px;padding-bottom:25px;padding-left:15px;flex-basis:350px\">\n<h3 class=\"wp-block-heading has-text-color has-link-color has-body-font-family wp-elements-3cf4769f6a51225451eb4705e925c600\" style=\"color:#3e3e3e;font-size:clamp(14px, 0.875rem + ((1vw - 3.2px) * 0.588), 20px);font-style:normal;font-weight:700\">Ordres du jour de la Journ\u00e9e de l&rsquo;industrie<\/h3>\n\n\n\n<div class=\"wp-block-group is-vertical is-layout-flex wp-container-core-group-is-layout-84c5f1ea wp-block-group-is-layout-flex\" style=\"margin-top:2px;margin-bottom:2px;padding-top:10px;padding-bottom:10px\">\n<p class=\"has-accent-color has-text-color has-link-color has-body-font-family wp-elements-74668ab4f346edebde5218517b60df45\" style=\"padding-top:2px;padding-bottom:2px;font-size:clamp(14px, 0.875rem + ((1vw - 3.2px) * 0.294), 17px);font-style:normal;font-weight:600\">Bureau de la reconstruction apr\u00e8s sinistre des \u00celes Vierges am\u00e9ricaines<\/p>\n\n\n\n<p class=\"has-accent-color has-text-color has-link-color has-body-font-family wp-elements-7737dbcae5b3eea141c22884b5ef4850\" style=\"padding-top:2px;padding-bottom:2px;font-size:clamp(14px, 0.875rem + ((1vw - 3.2px) * 0.294), 17px);font-style:normal;font-weight:600\">Coentreprise KHVI (Kiewit\/Haugland)<\/p>\n\n\n\n<p class=\"has-accent-color has-text-color has-link-color has-body-font-family wp-elements-b2b0db9b790b0e613afb073e4122b370\" style=\"padding-top:2px;padding-bottom:2px;font-size:clamp(14px, 0.875rem + ((1vw - 3.2px) * 0.294), 17px);font-style:normal;font-weight:600\">Coentreprise Clark\/MCN<\/p>\n\n\n\n<p class=\"has-accent-color has-text-color has-link-color has-body-font-family wp-elements-be9ce5128dbff676ad5936609d29592d\" style=\"padding-top:2px;padding-bottom:2px;font-size:clamp(14px, 0.875rem + ((1vw - 3.2px) * 0.294), 17px);font-style:normal;font-weight:600\">Coentreprise Consigli\/Benton 1<\/p>\n\n\n\n<p class=\"has-accent-color has-text-color has-link-color has-body-font-family wp-elements-1a519d593048f8f9f1df353e2b66d642\" style=\"padding-top:2px;padding-bottom:2px;font-size:clamp(14px, 0.875rem + ((1vw - 3.2px) * 0.294), 17px);font-style:normal;font-weight:600\">Coentreprise Suffolk\/CBNA \u2013 Sainte-Croix<\/p>\n\n\n\n<p class=\"has-accent-color has-text-color has-link-color has-body-font-family wp-elements-7fdd3a1eb289e8fb9fcadf942fb3eaad\" style=\"padding-top:2px;padding-bottom:2px;font-size:clamp(14px, 0.875rem + ((1vw - 3.2px) * 0.294), 17px);font-style:normal;font-weight:600\">Coentreprise Suffolk\/CBNA \u2013 Saint-Thomas<\/p>\n<\/div>\n<\/div>\n<\/div>\n<\/div>\n\n<div class=\"wp-block-group alignfull has-global-padding is-layout-constrained wp-block-group-is-layout-constrained\" style=\"padding-top:50px;padding-bottom:50px\">\n<div class=\"wp-block-group is-content-justification-center is-nowrap is-layout-flex wp-container-core-group-is-layout-432656d8 wp-block-group-is-layout-flex\" style=\"padding-right:100px;padding-left:100px\">\n<p class=\"has-text-align-center has-accent-color has-text-color has-link-color has-body-font-family wp-elements-981a860ae60d8c4e523aaeb18397395e\" style=\"font-size:clamp(14px, 0.875rem + ((1vw - 3.2px) * 0.588), 20px);font-style:normal;font-weight:400\">T\u00e9moignages des participants<\/p>\n<\/div>\n\n\n\n<div class=\"wp-block-columns alignwide is-layout-flex wp-container-core-columns-is-layout-ed9cf160 wp-block-columns-is-layout-flex\" style=\"padding-right:100px;padding-left:100px\">\n<div class=\"wp-block-column is-layout-flow wp-block-column-is-layout-flow\" style=\"border-top-left-radius:20px;border-top-right-radius:20px;border-bottom-left-radius:20px;border-bottom-right-radius:20px\">\n<figure class=\"wp-block-image size-large\"><img loading=\"lazy\" decoding=\"async\" width=\"801\" height=\"1024\" src=\"https:\/\/www.usviodr.com\/wp-content\/uploads\/2026\/03\/ODR_IndustryDayBooklet_12.1.23_V2_R7_PRINT-2_pages-to-jpg-0006-scaled-1-801x1024.jpg\" alt=\"\" class=\"wp-image-2493\" srcset=\"https:\/\/www.usviodr.com\/wp-content\/uploads\/2026\/03\/ODR_IndustryDayBooklet_12.1.23_V2_R7_PRINT-2_pages-to-jpg-0006-scaled-1-801x1024.jpg 801w, https:\/\/www.usviodr.com\/wp-content\/uploads\/2026\/03\/ODR_IndustryDayBooklet_12.1.23_V2_R7_PRINT-2_pages-to-jpg-0006-scaled-1-235x300.jpg 235w, https:\/\/www.usviodr.com\/wp-content\/uploads\/2026\/03\/ODR_IndustryDayBooklet_12.1.23_V2_R7_PRINT-2_pages-to-jpg-0006-scaled-1-768x982.jpg 768w, https:\/\/www.usviodr.com\/wp-content\/uploads\/2026\/03\/ODR_IndustryDayBooklet_12.1.23_V2_R7_PRINT-2_pages-to-jpg-0006-scaled-1-1202x1536.jpg 1202w, https:\/\/www.usviodr.com\/wp-content\/uploads\/2026\/03\/ODR_IndustryDayBooklet_12.1.23_V2_R7_PRINT-2_pages-to-jpg-0006-scaled-1-1602x2048.jpg 1602w, https:\/\/www.usviodr.com\/wp-content\/uploads\/2026\/03\/ODR_IndustryDayBooklet_12.1.23_V2_R7_PRINT-2_pages-to-jpg-0006-scaled-1.jpg 2003w\" sizes=\"auto, (max-width: 801px) 100vw, 801px\" \/><\/figure><\/div>\n\n\n\n<div class=\"wp-block-column is-layout-flow wp-block-column-is-layout-flow\" style=\"border-top-left-radius:20px;border-top-right-radius:20px;border-bottom-left-radius:20px;border-bottom-right-radius:20px\">\n<figure class=\"wp-block-image size-large\"><img loading=\"lazy\" decoding=\"async\" width=\"801\" height=\"1024\" src=\"https:\/\/www.usviodr.com\/wp-content\/uploads\/2026\/03\/ODR_IndustryDayBooklet_12.1.23_V2_R7_PRINT-2_pages-to-jpg-0007-scaled-1-801x1024.jpg\" alt=\"\" class=\"wp-image-2494\" srcset=\"https:\/\/www.usviodr.com\/wp-content\/uploads\/2026\/03\/ODR_IndustryDayBooklet_12.1.23_V2_R7_PRINT-2_pages-to-jpg-0007-scaled-1-801x1024.jpg 801w, https:\/\/www.usviodr.com\/wp-content\/uploads\/2026\/03\/ODR_IndustryDayBooklet_12.1.23_V2_R7_PRINT-2_pages-to-jpg-0007-scaled-1-235x300.jpg 235w, https:\/\/www.usviodr.com\/wp-content\/uploads\/2026\/03\/ODR_IndustryDayBooklet_12.1.23_V2_R7_PRINT-2_pages-to-jpg-0007-scaled-1-768x982.jpg 768w, https:\/\/www.usviodr.com\/wp-content\/uploads\/2026\/03\/ODR_IndustryDayBooklet_12.1.23_V2_R7_PRINT-2_pages-to-jpg-0007-scaled-1-1202x1536.jpg 1202w, https:\/\/www.usviodr.com\/wp-content\/uploads\/2026\/03\/ODR_IndustryDayBooklet_12.1.23_V2_R7_PRINT-2_pages-to-jpg-0007-scaled-1-1602x2048.jpg 1602w, https:\/\/www.usviodr.com\/wp-content\/uploads\/2026\/03\/ODR_IndustryDayBooklet_12.1.23_V2_R7_PRINT-2_pages-to-jpg-0007-scaled-1.jpg 2003w\" sizes=\"auto, (max-width: 801px) 100vw, 801px\" \/><\/figure><\/div>\n<\/div>\n<\/div>\n","protected":false},"excerpt":{"rendered":"<p>Journ\u00e9e de l&rsquo;industrie Rebuild USVI 2023-5 \u2013 7 d\u00e9cembre 2023 Sainte-Croix et Saint-Thomas, \u00celes Vierges am\u00e9ricaines Le Bureau de la reconstruction apr\u00e8s sinistre (ODR) du gouvernement des \u00eeles Vierges am\u00e9ricaines organise une Journ\u00e9e de l&rsquo;industrie du 5 au 7 d\u00e9cembre \u00e0 Sainte-Croix et Saint-Thomas. La Journ\u00e9e de l&rsquo;industrie Rebuild USVI offre un premier aper\u00e7u des [&hellip;]<\/p>\n","protected":false},"author":1,"featured_media":0,"parent":0,"menu_order":0,"comment_status":"closed","ping_status":"closed","template":"","meta":{"project_id":"","notification":"","due_date":"","status":"","show_rebuild":"","footnotes":""},"class_list":["post-19622","page","type-page","status-publish","hentry"],"_links":{"self":[{"href":"https:\/\/www.usviodr.com\/fr\/wp-json\/wp\/v2\/pages\/19622","targetHints":{"allow":["GET"]}}],"collection":[{"href":"https:\/\/www.usviodr.com\/fr\/wp-json\/wp\/v2\/pages"}],"about":[{"href":"https:\/\/www.usviodr.com\/fr\/wp-json\/wp\/v2\/types\/page"}],"author":[{"embeddable":true,"href":"https:\/\/www.usviodr.com\/fr\/wp-json\/wp\/v2\/users\/1"}],"replies":[{"embeddable":true,"href":"https:\/\/www.usviodr.com\/fr\/wp-json\/wp\/v2\/comments?post=19622"}],"version-history":[{"count":1,"href":"https:\/\/www.usviodr.com\/fr\/wp-json\/wp\/v2\/pages\/19622\/revisions"}],"predecessor-version":[{"id":19623,"href":"https:\/\/www.usviodr.com\/fr\/wp-json\/wp\/v2\/pages\/19622\/revisions\/19623"}],"wp:attachment":[{"href":"https:\/\/www.usviodr.com\/fr\/wp-json\/wp\/v2\/media?parent=19622"}],"curies":[{"name":"wp","href":"https:\/\/api.w.org\/{rel}","templated":true}]}}