{"id":19648,"date":"2026-03-27T09:04:37","date_gmt":"2026-03-27T09:04:37","guid":{"rendered":"https:\/\/www.usviodr.com\/journee-de-lindustrie-2025\/"},"modified":"2026-04-11T20:16:33","modified_gmt":"2026-04-11T20:16:33","slug":"journee-de-lindustrie-2025","status":"publish","type":"page","link":"https:\/\/www.usviodr.com\/fr\/journee-de-lindustrie-2025\/","title":{"rendered":"Journ\u00e9e de l&rsquo;Industrie 2025"},"content":{"rendered":"\n<div class=\"wp-block-cover alignfull\" style=\"margin-top:0px;margin-bottom:0px;padding-top:0px;padding-right:0px;padding-bottom:0px;padding-left:0px\"><img loading=\"lazy\" decoding=\"async\" width=\"1024\" height=\"433\" class=\"wp-block-cover__image-background wp-image-19486 size-large\" alt=\"\" src=\"https:\/\/www.usviodr.com\/wp-content\/uploads\/2026\/04\/Layer-6-1024x433.png\" data-object-fit=\"cover\" srcset=\"https:\/\/www.usviodr.com\/wp-content\/uploads\/2026\/04\/Layer-6-1024x433.png 1024w, https:\/\/www.usviodr.com\/wp-content\/uploads\/2026\/04\/Layer-6-300x127.png 300w, https:\/\/www.usviodr.com\/wp-content\/uploads\/2026\/04\/Layer-6-768x325.png 768w, https:\/\/www.usviodr.com\/wp-content\/uploads\/2026\/04\/Layer-6.png 1366w\" sizes=\"auto, (max-width: 1024px) 100vw, 1024px\" \/><span aria-hidden=\"true\" class=\"wp-block-cover__background has-base-2-background-color has-background-dim-0 has-background-dim\"><\/span><div class=\"wp-block-cover__inner-container has-global-padding is-layout-constrained wp-container-core-cover-is-layout-f54c662a wp-block-cover-is-layout-constrained\">\n<h1 class=\"wp-block-heading alignwide has-text-align-center has-base-color has-text-color has-link-color has-body-font-family wp-elements-bfe2e6c52cc8c54b6aadac346b464097\" style=\"padding-top:110px;font-size:clamp(33.419px, 2.089rem + ((1vw - 3.2px) * 2.606), 60px);font-style:normal;font-weight:400\"><strong>Journ\u00e9e de l&rsquo;Industrie 202<\/strong>5<\/h1>\n<\/div><\/div>\n\n<div class=\"wp-block-group is-layout-flow wp-block-group-is-layout-flow\" style=\"padding-top:var(--wp--preset--spacing--40);padding-right:10px;padding-bottom:var(--wp--preset--spacing--30);padding-left:var(--wp--preset--spacing--20)\">\n<h2 class=\"wp-block-heading has-text-align-center has-text-color has-link-color wp-elements-691c4ad86a75c16bcf71788e739a6d0b\" style=\"color:#0767a9;padding-top:40px;padding-bottom:20px\"><strong>Journ\u00e9e de l&rsquo;Industrie Rebuild USVI 2025<\/strong><\/h2>\n\n\n\n<p class=\"has-text-align-center has-body-font-family\" style=\"padding-right:0;padding-left:0;font-size:clamp(14px, 0.875rem + ((1vw - 3.2px) * 0.588), 20px);font-style:normal;font-weight:400;line-height:1.4\">Le Bureau de la reprise apr\u00e8s sinistre des \u00eeles Vierges am\u00e9ricaines a le plaisir d&rsquo;inviter la communaut\u00e9 des petites entreprises du territoire \u00e0 la Journ\u00e9e de l&rsquo;Industrie 2025,<br\/>marquant le d\u00e9but de projets cruciaux dans le cadre de l&rsquo;initiative Rebuild USVI. Cet \u00e9v\u00e9nement important r\u00e9unira des partenaires de l&rsquo;industrie de la construction,<br\/>des entit\u00e9s du secteur priv\u00e9 et des partenaires institutionnels engag\u00e9s dans la reconstruction, la modernisation<br\/>et le renforcement des infrastructures du territoire.<\/p>\n<\/div>\n\n<div class=\"wp-block-group alignfull col-2-ind has-global-padding is-layout-constrained wp-container-core-group-is-layout-2e5606c7 wp-block-group-is-layout-constrained\" style=\"padding-top:60px;padding-bottom:60px\">\n<div class=\"wp-block-group alignwide col-2-ind is-layout-flow wp-block-group-is-layout-flow\">\n<div class=\"wp-block-columns col-2-ind is-layout-flex wp-container-core-columns-is-layout-e420535e wp-block-columns-is-layout-flex\">\n<div class=\"wp-block-column is-layout-flow wp-container-core-column-is-layout-343acf9e wp-block-column-is-layout-flow\" style=\"flex-basis:60%\">\n<h3 class=\"wp-block-heading has-body-font-family\" style=\"font-size:clamp(14px, 0.875rem + ((1vw - 3.2px) * 0.392), 18px);\">Les \u00e9v\u00e9nements auront lieu dans les deux districts :<\/h3>\n\n\n\n<ul style=\"font-size:clamp(14px, 0.875rem + ((1vw - 3.2px) * 0.392), 18px);\" class=\"wp-block-list\">\n<li>St. Thomas\/St. John : 27 octobre 2025, Westin Beach Resort &amp; Spa, de 8 h \u00e0 17 h<\/li>\n\n\n\n<li>St. Croix : 29 octobre 2025, Campus Albert A. Sheen, Universit\u00e9 des \u00eeles Vierges, de 8 h \u00e0 17 h<\/li>\n<\/ul>\n\n\n\n<h3 class=\"wp-block-heading has-body-font-family\" style=\"font-size:clamp(14px, 0.875rem + ((1vw - 3.2px) * 0.392), 18px);line-height:1.5\">Pendant la Journ\u00e9e de l&rsquo;Industrie, les participants entendront les entrepreneurs principaux<br\/>s\u00e9lectionn\u00e9s par un processus concurrentiel pour r\u00e9aliser des projets d&rsquo;infrastructure critiques \u00e0 travers le territoire. Les participants obtiendront des informations pr\u00e9cieuses sur :<\/h3>\n\n\n\n<ul style=\"font-size:clamp(14px, 0.875rem + ((1vw - 3.2px) * 0.392), 18px);\" class=\"wp-block-list\">\n<li>Les projets planifi\u00e9s d&rsquo;am\u00e9lioration des immobilisations et de r\u00e9silience pour les \u00e9coles, les \u00e9tablissements de sant\u00e9, les routes et les services publics<\/li>\n\n\n\n<li>Les exigences pour les participants int\u00e9ress\u00e9s \u00e0 devenir sous-traitants<\/li>\n\n\n\n<li>Les programmes de soutien et de certification des petites entreprises<\/li>\n<\/ul>\n<\/div>\n\n\n\n<div class=\"wp-block-column is-layout-flow wp-block-column-is-layout-flow\" style=\"flex-basis:40%\">\n<figure class=\"wp-block-image size-full is-resized has-custom-border is-style-default\" style=\"margin-top:50px;margin-bottom:50px\"><img loading=\"lazy\" decoding=\"async\" width=\"424\" height=\"423\" src=\"https:\/\/www.usviodr.com\/wp-content\/uploads\/2026\/04\/home-ban1.png\" alt=\"\" class=\"wp-image-19481\" style=\"border-top-left-radius:12px;border-top-right-radius:12px;border-bottom-left-radius:12px;border-bottom-right-radius:12px;object-fit:contain;width:350px;height:300px\" srcset=\"https:\/\/www.usviodr.com\/wp-content\/uploads\/2026\/04\/home-ban1.png 424w, https:\/\/www.usviodr.com\/wp-content\/uploads\/2026\/04\/home-ban1-300x300.png 300w, https:\/\/www.usviodr.com\/wp-content\/uploads\/2026\/04\/home-ban1-150x150.png 150w\" sizes=\"auto, (max-width: 424px) 100vw, 424px\" \/><\/figure><\/div>\n<\/div>\n<\/div>\n<\/div>\n\n<div class=\"wp-block-group has-global-padding is-layout-constrained wp-container-core-group-is-layout-c6fb8f2d wp-block-group-is-layout-constrained\" style=\"margin-top:-30px;margin-bottom:20px;padding-right:30px;padding-left:30px\">\n<div class=\"wp-block-columns is-layout-flex wp-container-core-columns-is-layout-28f84493 wp-block-columns-is-layout-flex\">\n<div class=\"wp-block-column is-layout-flow wp-block-column-is-layout-flow\">\n<p style=\"line-height:1.5\">L&rsquo;implication de votre entreprise est essentielle pour garantir que les initiatives Rebuild USVI soient fa\u00e7onn\u00e9es par les connaissances, l&rsquo;exp\u00e9rience et les besoins de notre communaut\u00e9. Nous vous invitons \u00e0 venir pr\u00e9par\u00e9(e) \u00e0 explorer les opportunit\u00e9s de collaboration avec les entrepreneurs principaux et d&rsquo;autres fournisseurs de services.<br\/>fournisseurs.<\/p>\n\n\n\n<p>Pour manifester votre int\u00e9r\u00eat \u00e0 participer, veuillez remplir le formulaire d&rsquo;inscription d\u00e8s que possible en visitant https:\/\/www.usviodr.com\/industry-day-2025-registration. Les repr\u00e9sentants d&rsquo;entreprises int\u00e9ress\u00e9s sont fortement encourag\u00e9s \u00e0 s&rsquo;inscrire dans le district qu&rsquo;ils desservent. Les places sont limit\u00e9es et la priorit\u00e9 sera donn\u00e9e aux propri\u00e9taires de petites entreprises. Veuillez vous assurer de consulter les mises \u00e0 jour concernant la confirmation de votre inscription, les d\u00e9tails de l&rsquo;\u00e9v\u00e9nement et l&rsquo;ordre du jour du programme.<\/p>\n\n\n\n<p>Nous vous remercions et nous nous r\u00e9jouissons de vous accueillir \u00e0 la Journ\u00e9e de l&rsquo;industrie Rebuild USVI 2025 !<\/p>\n<\/div>\n<\/div>\n<\/div>\n\n<div class=\"wp-block-columns alignfull is-layout-flex wp-container-core-columns-is-layout-28f84493 wp-block-columns-is-layout-flex\">\n<div class=\"wp-block-column has-accent-background-color has-background is-layout-flow wp-block-column-is-layout-flow\" style=\"padding-top:100px;padding-bottom:100px\">\n<figure class=\"wp-block-image aligncenter size-large\"><img loading=\"lazy\" decoding=\"async\" width=\"1024\" height=\"443\" src=\"https:\/\/www.usviodr.com\/wp-content\/uploads\/2026\/04\/industryday-2025-1024x443.png\" alt=\"\" class=\"wp-image-19482\" srcset=\"https:\/\/www.usviodr.com\/wp-content\/uploads\/2026\/04\/industryday-2025-1024x443.png 1024w, https:\/\/www.usviodr.com\/wp-content\/uploads\/2026\/04\/industryday-2025-300x130.png 300w, https:\/\/www.usviodr.com\/wp-content\/uploads\/2026\/04\/industryday-2025-768x333.png 768w, https:\/\/www.usviodr.com\/wp-content\/uploads\/2026\/04\/industryday-2025.png 1166w\" sizes=\"auto, (max-width: 1024px) 100vw, 1024px\" \/><\/figure><\/div>\n<\/div>\n\n<div class=\"wp-block-group alignfull has-background has-global-padding is-layout-constrained wp-container-core-group-is-layout-e19f7806 wp-block-group-is-layout-constrained\" style=\"background-color:#f7f7f7;margin-top:0px;margin-bottom:0px;padding-top:0px;padding-right:0px;padding-bottom:0px;padding-left:0px\">\n<div class=\"wp-block-columns page-card-mob is-layout-flex wp-container-core-columns-is-layout-9a7ec5e2 wp-block-columns-is-layout-flex\" style=\"border-top-left-radius:20px;border-top-right-radius:20px;border-bottom-left-radius:20px;border-bottom-right-radius:20px;padding-top:100px;padding-right:100px;padding-bottom:100px;padding-left:100px\">\n<div class=\"wp-block-column career-shadow has-border-color has-base-background-color has-background is-layout-flow wp-block-column-is-layout-flow\" style=\"border-color:#ffffff;border-top-left-radius:20px;border-top-right-radius:20px;border-bottom-left-radius:20px;border-bottom-right-radius:20px;padding-top:25px;padding-right:15px;padding-bottom:25px;padding-left:15px;flex-basis:350px\">\n<h3 class=\"wp-block-heading has-text-color has-link-color has-body-font-family wp-elements-3cf4769f6a51225451eb4705e925c600\" style=\"color:#3e3e3e;font-size:clamp(14px, 0.875rem + ((1vw - 3.2px) * 0.588), 20px);font-style:normal;font-weight:700\">Ordres du jour de la Journ\u00e9e de l&rsquo;industrie<\/h3>\n\n\n\n<div class=\"wp-block-group is-vertical is-layout-flex wp-container-core-group-is-layout-84c5f1ea wp-block-group-is-layout-flex\" style=\"margin-top:2px;margin-bottom:2px;padding-top:10px;padding-bottom:10px\">\n<p class=\"has-accent-color has-text-color has-link-color has-body-font-family wp-elements-0f835fbbb210a87c2a0ace06623c0f1f\" style=\"padding-top:2px;padding-bottom:2px;font-size:clamp(14px, 0.875rem + ((1vw - 3.2px) * 0.294), 17px);font-style:normal;font-weight:600\">Cliquez ici pour l&rsquo;ordre du jour de Saint-Thomas<\/p>\n\n\n\n<p class=\"has-accent-color has-text-color has-link-color has-body-font-family wp-elements-2d5408c85939a98431d4968bd0c893ad\" style=\"margin-top:0px;margin-bottom:0px;padding-top:2px;padding-bottom:2px;font-size:clamp(14px, 0.875rem + ((1vw - 3.2px) * 0.294), 17px);font-style:normal;font-weight:600\">Cliquez ici pour l&rsquo;ordre du jour de Sainte-Croix<\/p>\n<\/div>\n<\/div>\n\n\n\n<div class=\"wp-block-column career-shadow has-border-color has-base-background-color has-background is-layout-flow wp-block-column-is-layout-flow\" style=\"border-color:#ffffff;border-top-left-radius:20px;border-top-right-radius:20px;border-bottom-left-radius:20px;border-bottom-right-radius:20px;padding-top:25px;padding-right:15px;padding-bottom:25px;padding-left:15px;flex-basis:350px\">\n<h3 class=\"wp-block-heading has-text-color has-link-color has-body-font-family wp-elements-e72c03efc21a5c2bfc646239096d983b\" style=\"color:#3e3e3e;font-size:clamp(14px, 0.875rem + ((1vw - 3.2px) * 0.588), 20px);font-style:normal;font-weight:700\">Communiqu\u00e9s de presse de la Journ\u00e9e de l&rsquo;industrie<\/h3>\n\n\n\n<div class=\"wp-block-group is-vertical is-layout-flex wp-container-core-group-is-layout-84c5f1ea wp-block-group-is-layout-flex\" style=\"margin-top:2px;margin-bottom:2px;padding-top:10px;padding-bottom:10px\">\n<p class=\"has-accent-color has-text-color has-link-color has-body-font-family wp-elements-b80d5cdd6bd6678051b0c4ab99702096\" style=\"padding-top:2px;padding-bottom:2px;font-size:clamp(14px, 0.875rem + ((1vw - 3.2px) * 0.294), 17px);font-style:normal;font-weight:600\">L&rsquo;ODR invite la communaut\u00e9 d&rsquo;affaires locale<br\/>\u00e0 la Journ\u00e9e de l&rsquo;industrie 2025<\/p>\n\n\n\n<p class=\"has-accent-color has-text-color has-link-color has-body-font-family wp-elements-43dff2ba5ddbe6920b48cc212df9866b\" style=\"padding-top:2px;padding-bottom:2px;font-size:clamp(14px, 0.875rem + ((1vw - 3.2px) * 0.294), 17px);font-style:normal;font-weight:600\">La Journ\u00e9e de l&rsquo;industrie Rebuild USVI d\u00e9voile<br\/>des opportunit\u00e9s pour les entrepreneurs locaux<\/p>\n\n\n\n<p class=\"has-accent-color has-text-color has-link-color has-body-font-family wp-elements-9343160e056c2c4829871fa2d8eeca3d\" style=\"padding-top:2px;padding-bottom:2px;font-size:clamp(14px, 0.875rem + ((1vw - 3.2px) * 0.294), 17px);font-style:normal;font-weight:600\"><\/p>\n<\/div>\n<\/div>\n\n\n\n<div class=\"wp-block-column career-shadow has-border-color has-base-background-color has-background is-layout-flow wp-block-column-is-layout-flow\" style=\"border-color:#ffffff;border-top-left-radius:20px;border-top-right-radius:20px;border-bottom-left-radius:20px;border-bottom-right-radius:20px;padding-top:25px;padding-right:15px;padding-bottom:25px;padding-left:15px;flex-basis:350px\">\n<h3 class=\"wp-block-heading has-text-color has-link-color has-body-font-family wp-elements-3cf4769f6a51225451eb4705e925c600\" style=\"color:#3e3e3e;font-size:clamp(14px, 0.875rem + ((1vw - 3.2px) * 0.588), 20px);font-style:normal;font-weight:700\">Ordres du jour de la Journ\u00e9e de l&rsquo;industrie<\/h3>\n\n\n\n<div class=\"wp-block-group is-vertical is-layout-flex wp-container-core-group-is-layout-84c5f1ea wp-block-group-is-layout-flex\" style=\"margin-top:2px;margin-bottom:2px;padding-top:10px;padding-bottom:10px\">\n<p class=\"has-accent-color has-text-color has-link-color has-body-font-family wp-elements-74668ab4f346edebde5218517b60df45\" style=\"padding-top:2px;padding-bottom:2px;font-size:clamp(14px, 0.875rem + ((1vw - 3.2px) * 0.294), 17px);font-style:normal;font-weight:600\">Bureau de la reconstruction apr\u00e8s sinistre des \u00celes Vierges am\u00e9ricaines<\/p>\n\n\n\n<p class=\"has-accent-color has-text-color has-link-color has-body-font-family wp-elements-7737dbcae5b3eea141c22884b5ef4850\" style=\"padding-top:2px;padding-bottom:2px;font-size:clamp(14px, 0.875rem + ((1vw - 3.2px) * 0.294), 17px);font-style:normal;font-weight:600\">Coentreprise KHVI (Kiewit\/Haugland)<\/p>\n\n\n\n<p class=\"has-accent-color has-text-color has-link-color has-body-font-family wp-elements-b2b0db9b790b0e613afb073e4122b370\" style=\"padding-top:2px;padding-bottom:2px;font-size:clamp(14px, 0.875rem + ((1vw - 3.2px) * 0.294), 17px);font-style:normal;font-weight:600\">Coentreprise Clark\/MCN<\/p>\n\n\n\n<p class=\"has-accent-color has-text-color has-link-color has-body-font-family wp-elements-be9ce5128dbff676ad5936609d29592d\" style=\"padding-top:2px;padding-bottom:2px;font-size:clamp(14px, 0.875rem + ((1vw - 3.2px) * 0.294), 17px);font-style:normal;font-weight:600\">Coentreprise Consigli\/Benton 1<\/p>\n\n\n\n<p class=\"has-accent-color has-text-color has-link-color has-body-font-family wp-elements-1a519d593048f8f9f1df353e2b66d642\" style=\"padding-top:2px;padding-bottom:2px;font-size:clamp(14px, 0.875rem + ((1vw - 3.2px) * 0.294), 17px);font-style:normal;font-weight:600\">Coentreprise Suffolk\/CBNA \u2013 Sainte-Croix<\/p>\n\n\n\n<p class=\"has-accent-color has-text-color has-link-color has-body-font-family wp-elements-7fdd3a1eb289e8fb9fcadf942fb3eaad\" style=\"padding-top:2px;padding-bottom:2px;font-size:clamp(14px, 0.875rem + ((1vw - 3.2px) * 0.294), 17px);font-style:normal;font-weight:600\">Coentreprise Suffolk\/CBNA \u2013 Saint-Thomas<\/p>\n<\/div>\n<\/div>\n<\/div>\n<\/div>\n\n<div class=\"wp-block-group alignfull video-group has-global-padding is-layout-constrained wp-block-group-is-layout-constrained\" style=\"padding-top:50px;padding-bottom:50px\">\n<div class=\"wp-block-columns alignwide is-layout-flex wp-container-core-columns-is-layout-ed9cf160 wp-block-columns-is-layout-flex\" style=\"padding-right:100px;padding-left:100px\">\n<div class=\"wp-block-column col-card is-layout-flow wp-block-column-is-layout-flow\" style=\"border-top-left-radius:20px;border-top-right-radius:20px;border-bottom-left-radius:20px;border-bottom-right-radius:20px\">\n<p class=\"has-accent-color has-text-color has-link-color wp-elements-5adc52c2c55aa1ee293edddaea7369ec\">\u00c9coutez l&rsquo;entrepreneur principal Clark\/MCN<\/p>\n\n\n\n<figure class=\"wp-block-embed is-type-video is-provider-youtube wp-block-embed-youtube wp-embed-aspect-16-9 wp-has-aspect-ratio\"><div class=\"wp-block-embed__wrapper\">\n<iframe loading=\"lazy\" title=\"Clark\/MCN Emphasizes the Need for Local Workforce to Complete Major Recovery Projects\" width=\"500\" height=\"281\" src=\"https:\/\/www.youtube.com\/embed\/cSBIf1kEgiI?feature=oembed\" frameborder=\"0\" allow=\"accelerometer; autoplay; clipboard-write; encrypted-media; gyroscope; picture-in-picture; web-share\" referrerpolicy=\"strict-origin-when-cross-origin\" allowfullscreen><\/iframe>\n<\/div><\/figure>\n<\/div>\n\n\n\n<div class=\"wp-block-column col-card is-layout-flow wp-block-column-is-layout-flow\" style=\"border-top-left-radius:20px;border-top-right-radius:20px;border-bottom-left-radius:20px;border-bottom-right-radius:20px\">\n<p class=\"has-accent-color has-text-color has-link-color wp-elements-56746df1051d7f277f71a1dcc9f4f358\">\u00c9coutez les entrepreneurs<\/p>\n\n\n\n<figure class=\"wp-block-embed is-type-video is-provider-youtube wp-block-embed-youtube wp-embed-aspect-16-9 wp-has-aspect-ratio\"><div class=\"wp-block-embed__wrapper\">\n<iframe loading=\"lazy\" title=\"Contractor Four Star Construction Gives Perspective on Rebuild USVI Industry Day 2025\" width=\"500\" height=\"281\" src=\"https:\/\/www.youtube.com\/embed\/eZPh2F_Bh5A?feature=oembed\" frameborder=\"0\" allow=\"accelerometer; autoplay; clipboard-write; encrypted-media; gyroscope; picture-in-picture; web-share\" referrerpolicy=\"strict-origin-when-cross-origin\" allowfullscreen><\/iframe>\n<\/div><\/figure>\n<\/div>\n<\/div>\n<\/div>\n","protected":false},"excerpt":{"rendered":"<p>Journ\u00e9e de l&rsquo;Industrie Rebuild USVI 2025 Le Bureau de la reprise apr\u00e8s sinistre des \u00eeles Vierges am\u00e9ricaines a le plaisir d&rsquo;inviter la communaut\u00e9 des petites entreprises du territoire \u00e0 la Journ\u00e9e de l&rsquo;Industrie 2025,marquant le d\u00e9but de projets cruciaux dans le cadre de l&rsquo;initiative Rebuild USVI. Cet \u00e9v\u00e9nement important r\u00e9unira des partenaires de l&rsquo;industrie de [&hellip;]<\/p>\n","protected":false},"author":1,"featured_media":0,"parent":0,"menu_order":0,"comment_status":"closed","ping_status":"closed","template":"","meta":{"project_id":"","notification":"","due_date":"","status":"","show_rebuild":"","footnotes":""},"class_list":["post-19648","page","type-page","status-publish","hentry"],"_links":{"self":[{"href":"https:\/\/www.usviodr.com\/fr\/wp-json\/wp\/v2\/pages\/19648","targetHints":{"allow":["GET"]}}],"collection":[{"href":"https:\/\/www.usviodr.com\/fr\/wp-json\/wp\/v2\/pages"}],"about":[{"href":"https:\/\/www.usviodr.com\/fr\/wp-json\/wp\/v2\/types\/page"}],"author":[{"embeddable":true,"href":"https:\/\/www.usviodr.com\/fr\/wp-json\/wp\/v2\/users\/1"}],"replies":[{"embeddable":true,"href":"https:\/\/www.usviodr.com\/fr\/wp-json\/wp\/v2\/comments?post=19648"}],"version-history":[{"count":1,"href":"https:\/\/www.usviodr.com\/fr\/wp-json\/wp\/v2\/pages\/19648\/revisions"}],"predecessor-version":[{"id":19649,"href":"https:\/\/www.usviodr.com\/fr\/wp-json\/wp\/v2\/pages\/19648\/revisions\/19649"}],"wp:attachment":[{"href":"https:\/\/www.usviodr.com\/fr\/wp-json\/wp\/v2\/media?parent=19648"}],"curies":[{"name":"wp","href":"https:\/\/api.w.org\/{rel}","templated":true}]}}