{"id":19695,"date":"2026-01-22T06:02:30","date_gmt":"2026-01-22T06:02:30","guid":{"rendered":"https:\/\/www.usviodr.com\/politique-de-confidentialite\/"},"modified":"2026-04-11T20:22:47","modified_gmt":"2026-04-11T20:22:47","slug":"politique-de-confidentialite","status":"publish","type":"page","link":"https:\/\/www.usviodr.com\/fr\/politique-de-confidentialite\/","title":{"rendered":"Politique de confidentialit\u00e9"},"content":{"rendered":"\n<div class=\"wp-block-cover alignfull\"><img loading=\"lazy\" decoding=\"async\" width=\"1024\" height=\"712\" class=\"wp-block-cover__image-background wp-image-2265 size-large\" alt=\"\" src=\"https:\/\/www.usviodr.com\/wp-content\/uploads\/2026\/03\/June-2021-1024x712.jpg\" data-object-fit=\"cover\" srcset=\"https:\/\/www.usviodr.com\/wp-content\/uploads\/2026\/03\/June-2021-1024x712.jpg 1024w, https:\/\/www.usviodr.com\/wp-content\/uploads\/2026\/03\/June-2021-300x209.jpg 300w, https:\/\/www.usviodr.com\/wp-content\/uploads\/2026\/03\/June-2021-768x534.jpg 768w, https:\/\/www.usviodr.com\/wp-content\/uploads\/2026\/03\/June-2021-1536x1068.jpg 1536w, https:\/\/www.usviodr.com\/wp-content\/uploads\/2026\/03\/June-2021.jpg 2048w\" sizes=\"auto, (max-width: 1024px) 100vw, 1024px\" \/><span aria-hidden=\"true\" class=\"wp-block-cover__background has-base-2-background-color has-background-dim\"><\/span><div class=\"wp-block-cover__inner-container has-global-padding is-layout-constrained wp-container-core-cover-is-layout-da7e64e0 wp-block-cover-is-layout-constrained\">\n<h1 class=\"wp-block-heading has-text-align-left\">Politique de confidentialit\u00e9<\/h1>\n<\/div><\/div>\n\n<div class=\"wp-block-group alignfull has-global-padding is-layout-constrained wp-container-core-group-is-layout-7cef8d7d wp-block-group-is-layout-constrained\" style=\"padding-top:var(--wp--preset--spacing--30);padding-bottom:var(--wp--preset--spacing--30)\">\n<p>L\u2019ODR s\u2019engage \u00e0 prot\u00e9ger la confidentialit\u00e9 et la s\u00e9curit\u00e9 des utilisateurs de son site web. Les utilisateurs ne sont pas tenus de fournir des informations personnelles pour acc\u00e9der au contenu du site web de l\u2019ODR. Si un utilisateur choisit de fournir des informations personnelles, par exemple en envoyant un message \u00e0 une adresse e-mail figurant sur le site web de l\u2019ODR ou en remplissant et en soumettant un formulaire, l\u2019ODR utilisera ces informations pour r\u00e9pondre au message de l\u2019utilisateur ou lui fournir les informations demand\u00e9es dans la communication. Toute adresse e-mail fournie dans le cadre de la communication de l\u2019utilisateur ne sera pas visible publiquement sur le site web de l\u2019ODR.<\/p>\n\n\n\n<p><em>Informations collect\u00e9es et stock\u00e9es automatiquement<\/em><\/p>\n\n\n\n<p>Lorsqu\u2019un utilisateur acc\u00e8de \u00e0 des informations sur le site web de l\u2019ODR, les informations de base suivantes sont automatiquement collect\u00e9es et stock\u00e9es \u00e0 des fins d\u2019analyses statistiques, dans le but d\u2019apporter des am\u00e9liorations techniques au site et d\u2019offrir aux utilisateurs la meilleure exp\u00e9rience possible :<\/p>\n\n\n\n<ul style=\"font-size:clamp(14px, 0.875rem + ((1vw - 3.2px) * 0.392), 18px);\" class=\"wp-block-list\">\n<li>Le domaine Internet \u00e0 partir duquel l\u2019utilisateur acc\u00e8de au site web de l\u2019ODR<\/li>\n\n\n\n<li>L\u2019adresse de protocole Internet (IP) (qui est un num\u00e9ro attribu\u00e9 automatiquement \u00e0 un ordinateur lors de l\u2019utilisation d\u2019Internet) \u00e0 partir de laquelle un utilisateur acc\u00e8de au site web de l\u2019ODR<\/li>\n\n\n\n<li>Le type de navigateur et le syst\u00e8me d\u2019exploitation utilis\u00e9s pour acc\u00e9der au site web de l\u2019ODR<\/li>\n\n\n\n<li>La date et l\u2019heure auxquelles un utilisateur acc\u00e8de au site web de l\u2019ODR<\/li>\n\n\n\n<li>L\u2019adresse Internet du site web \u00e0 partir duquel un utilisateur a \u00e9tabli un lien direct vers le site web de l\u2019ODR<\/li>\n\n\n\n<li>Les pages consult\u00e9es par l\u2019utilisateur et les informations demand\u00e9es par l\u2019utilisateur<\/li>\n<\/ul>\n\n\n\n<p>Ces informations collect\u00e9es et stock\u00e9es sont utilis\u00e9es pour mesurer le nombre de visiteurs sur les diff\u00e9rentes pages du site web de l\u2019ODR, \u00e9valuer quelles informations suscitent le plus et le moins d\u2019int\u00e9r\u00eat aupr\u00e8s du public, et identifier les performances du syst\u00e8me ou les zones probl\u00e9matiques.<\/p>\n\n\n\n<p><em>Technologies de mesure et de personnalisation du site web \/ cookies<\/em><\/p>\n\n\n\n<p>L\u2019ODR utilise des technologies de mesure et de personnalisation du web, commun\u00e9ment appel\u00e9es \u00ab cookies \u00bb, pour suivre les activit\u00e9s des utilisateurs sur son site web. Les cookies sont de petits fragments de texte qui sont t\u00e9l\u00e9charg\u00e9s dans le navigateur Internet d\u2019un utilisateur lorsque celui-ci acc\u00e8de \u00e0 un site web. Les cookies sont g\u00e9n\u00e9ralement utilis\u00e9s pour reconna\u00eetre ult\u00e9rieurement l\u2019ordinateur d\u2019un utilisateur.<\/p>\n\n\n\n<p>L\u2019ODR utilise des cookies de session \u00e0 des fins techniques, telles que la simplification de la navigation et l\u2019analyse statistique. Un cookie de session est une ligne de texte stock\u00e9e temporairement dans la m\u00e9moire cache du navigateur web d\u2019un utilisateur et qui est d\u00e9truite lorsque l\u2019utilisateur termine une session ou quitte le site web. Les cookies de session ne sont pas stock\u00e9s sur le disque dur de l\u2019ordinateur de l\u2019utilisateur et ne recueillent pas d\u2019informations permettant de l\u2019identifier personnellement.<\/p>\n\n\n\n<p>L\u2019ODR utilise \u00e9galement des cookies persistants afin de permettre \u00e0 Google Analytics de mesurer la mani\u00e8re dont les nouveaux utilisateurs et les utilisateurs r\u00e9currents interagissent avec son site web. Les cookies persistants restent sur le disque dur de l\u2019ordinateur de l\u2019utilisateur apr\u00e8s la fin d\u2019une session et entre les sessions.<\/p>\n\n\n\n<p>Les utilisateurs peuvent d\u00e9sactiver ou supprimer les cookies de leur navigateur et continuer \u00e0 acc\u00e9der aux informations sur le site web de l\u2019ODR.<\/p>\n\n\n\n<p><strong>Politique relative aux liens vers des sites web et des applications de tiers<\/strong><\/p>\n\n\n\n<p>L\u2019ODR utilise des sites web tiers, y compris des plateformes de m\u00e9dias sociaux avec des comptes officiels de l\u2019ODR, pour interagir avec le public, am\u00e9liorer l\u2019exp\u00e9rience utilisateur et promouvoir l\u2019acc\u00e8s \u00e0 l\u2019information. Les conditions d\u2019utilisation et les politiques du prestataire de services tiers, y compris sa politique de confidentialit\u00e9, r\u00e9gissent les activit\u00e9s des utilisateurs sur le site web ou l\u2019application du tiers. L\u2019ODR n\u2019utilise pas de sites web tiers pour solliciter et collecter des informations personnelles et ne contr\u00f4le pas ce que le prestataire de services tiers fait des informations qu\u2019il collecte. Toute information personnelle collect\u00e9e par un site web tiers ne sera pas transmise \u00e0 l\u2019ODR, sauf si cela est requis \u00e0 des fins d\u2019application de la loi ou autrement autoris\u00e9 par la loi.<\/p>\n\n\n\n<p>La cr\u00e9ation et l\u2019utilisation de comptes officiels de l\u2019ODR sur des plateformes de m\u00e9dias sociaux peuvent rendre des informations permettant d\u2019identifier une personne disponibles ou accessibles \u00e0 l\u2019ODR. De telles informations permettant d\u2019identifier une personne deviennent disponibles lorsqu\u2019un utilisateur communique, \u00e9tablit un lien, publie ou associe des informations au compte officiel de l\u2019ODR, par exemple en \u00ab aimant \u00bb, en ajoutant en ami, en commentant des publications ou en r\u00e9pondant \u00e0 des tweets. L\u2019ODR ne collectera ni ne conservera autrement des informations permettant d\u2019identifier une personne rendues disponibles sur des sites web ou des applications de tiers via des comptes officiels de l\u2019ODR. L\u2019ODR ne contr\u00f4le, ne mod\u00e8re et n\u2019approuve pas non plus les commentaires ou opinions fournis par les utilisateurs sur les comptes officiels de l\u2019ODR.<\/p>\n\n\n\n<p>Le site web de l\u2019ODR contient \u00e9galement des liens vers des sites web cr\u00e9\u00e9s et g\u00e9r\u00e9s par d\u2019autres organisations publiques et priv\u00e9es. L\u2019ODR fournit ces liens \u00e0 titre de service aux utilisateurs. Lorsque les utilisateurs suivent un lien vers un site web tiers, ils quittent le site web de l\u2019ODR et ne sont plus prot\u00e9g\u00e9s par la politique de confidentialit\u00e9 de l\u2019ODR. \u00c0 la place, les utilisateurs qui acc\u00e8dent \u00e0 des sites web tiers sont soumis aux conditions d\u2019utilisation et aux politiques du prestataire tiers. L\u2019ODR n\u2019est pas responsable des conditions d\u2019utilisation, de la politique de confidentialit\u00e9, des autres politiques ou du contenu des sites web tiers, et ne les approuve pas. Il est recommand\u00e9 aux utilisateurs de se familiariser avec les conditions et politiques du tiers.<\/p>\n<\/div>\n","protected":false},"excerpt":{"rendered":"<p>L\u2019ODR s\u2019engage \u00e0 prot\u00e9ger la confidentialit\u00e9 et la s\u00e9curit\u00e9 des utilisateurs de son site web. Les utilisateurs ne sont pas tenus de fournir des informations personnelles pour acc\u00e9der au contenu du site web de l\u2019ODR. Si un utilisateur choisit de fournir des informations personnelles, par exemple en envoyant un message \u00e0 une adresse e-mail figurant [&hellip;]<\/p>\n","protected":false},"author":1,"featured_media":0,"parent":0,"menu_order":0,"comment_status":"closed","ping_status":"open","template":"","meta":{"project_id":"","notification":"","due_date":"","status":"","show_rebuild":"","footnotes":""},"class_list":["post-19695","page","type-page","status-publish","hentry"],"_links":{"self":[{"href":"https:\/\/www.usviodr.com\/fr\/wp-json\/wp\/v2\/pages\/19695","targetHints":{"allow":["GET"]}}],"collection":[{"href":"https:\/\/www.usviodr.com\/fr\/wp-json\/wp\/v2\/pages"}],"about":[{"href":"https:\/\/www.usviodr.com\/fr\/wp-json\/wp\/v2\/types\/page"}],"author":[{"embeddable":true,"href":"https:\/\/www.usviodr.com\/fr\/wp-json\/wp\/v2\/users\/1"}],"replies":[{"embeddable":true,"href":"https:\/\/www.usviodr.com\/fr\/wp-json\/wp\/v2\/comments?post=19695"}],"version-history":[{"count":1,"href":"https:\/\/www.usviodr.com\/fr\/wp-json\/wp\/v2\/pages\/19695\/revisions"}],"predecessor-version":[{"id":19696,"href":"https:\/\/www.usviodr.com\/fr\/wp-json\/wp\/v2\/pages\/19695\/revisions\/19696"}],"wp:attachment":[{"href":"https:\/\/www.usviodr.com\/fr\/wp-json\/wp\/v2\/media?parent=19695"}],"curies":[{"name":"wp","href":"https:\/\/api.w.org\/{rel}","templated":true}]}}