{"id":19758,"date":"2026-01-22T06:20:23","date_gmt":"2026-01-22T06:20:23","guid":{"rendered":"https:\/\/www.usviodr.com\/a-propos-de-lodr\/"},"modified":"2026-04-11T20:47:14","modified_gmt":"2026-04-11T20:47:14","slug":"a-propos-de-lodr","status":"publish","type":"page","link":"https:\/\/www.usviodr.com\/fr\/a-propos-de-lodr\/","title":{"rendered":"\u00c0 propos de l&rsquo;ODR"},"content":{"rendered":"\n<div class=\"wp-block-cover alignfull\"><img loading=\"lazy\" decoding=\"async\" width=\"1024\" height=\"433\" class=\"wp-block-cover__image-background wp-image-1149 size-large\" alt=\"\" src=\"https:\/\/www.usviodr.com\/wp-content\/uploads\/2026\/01\/hurricanes-hero-1024x433.png\" data-object-fit=\"cover\" srcset=\"https:\/\/www.usviodr.com\/wp-content\/uploads\/2026\/01\/hurricanes-hero-1024x433.png 1024w, https:\/\/www.usviodr.com\/wp-content\/uploads\/2026\/01\/hurricanes-hero-300x127.png 300w, https:\/\/www.usviodr.com\/wp-content\/uploads\/2026\/01\/hurricanes-hero-768x325.png 768w, https:\/\/www.usviodr.com\/wp-content\/uploads\/2026\/01\/hurricanes-hero.png 1366w\" sizes=\"auto, (max-width: 1024px) 100vw, 1024px\" \/><span aria-hidden=\"true\" class=\"wp-block-cover__background has-base-2-background-color has-background-dim\"><\/span><div class=\"wp-block-cover__inner-container has-global-padding is-layout-constrained wp-container-core-cover-is-layout-da7e64e0 wp-block-cover-is-layout-constrained\">\n<h1 class=\"wp-block-heading has-text-align-left\">\u00c0 propos de l&rsquo;ODR<\/h1>\n<\/div><\/div>\n\n<div class=\"wp-block-group alignfull has-global-padding is-layout-constrained wp-container-core-group-is-layout-2e5606c7 wp-block-group-is-layout-constrained\" style=\"padding-top:60px;padding-bottom:60px\">\n<div class=\"wp-block-group alignwide is-layout-flow wp-block-group-is-layout-flow\">\n<div class=\"wp-block-columns is-layout-flex wp-container-core-columns-is-layout-e420535e wp-block-columns-is-layout-flex\">\n<div class=\"wp-block-column is-layout-flow wp-container-core-column-is-layout-089a6cab wp-block-column-is-layout-flow\" style=\"padding-bottom:var(--wp--preset--spacing--40);flex-basis:60%\">\n<p style=\"line-height:1.5\">Le Bureau du r\u00e9tablissement apr\u00e8s sinistre (ODR), au sein de l\u2019Autorit\u00e9 des finances publiques des \u00eeles Vierges, sert de centre de coordination pour les plus de 20 milliards de dollars de fonds f\u00e9d\u00e9raux pr\u00e9vus pour soutenir les efforts de r\u00e9tablissement suite aux ouragans Irma et Maria de 2017 et \u00e0 toute autre catastrophe.<\/p>\n\n\n\n<p style=\"line-height:1.5\">L\u2019ODR met un accent particulier sur la coordination et l\u2019organisation entre les d\u00e9partements et agences gouvernementaux et les partenaires priv\u00e9s ou \u00e0 but non lucratif afin de maximiser l\u2019efficacit\u00e9 et l\u2019int\u00e9gration. L\u2019objectif de l\u2019ODR est d\u2019assurer une surveillance globale des efforts de r\u00e9tablissement et de garantir la pleine conformit\u00e9 aux r\u00e9glementations dans la gestion et le suivi des fonds, des d\u00e9penses et des calendriers des projets.<\/p>\n\n\n\n<p>Pour ce faire, l\u2019ODR :<\/p>\n\n\n\n<ul style=\"font-size:clamp(14px, 0.875rem + ((1vw - 3.2px) * 0.392), 18px);\" class=\"wp-block-list\">\n<li>Surveille et rend compte des obligations et des d\u00e9penses des sources de financement f\u00e9d\u00e9rales afin de garantir la conformit\u00e9 et la transparence.<\/li>\n\n\n\n<li>S\u2019efforce de renforcer les capacit\u00e9s de gestion financi\u00e8re et de performance au sein des agences b\u00e9n\u00e9ficiaires.<\/li>\n\n\n\n<li>Tient \u00e0 jour les calendriers directeurs des projets, suit l\u2019avancement de tous les projets et produit des rapports complets sur les catastrophes.<\/li>\n<\/ul>\n<\/div>\n\n\n\n<div class=\"wp-block-column is-layout-flow wp-block-column-is-layout-flow\" style=\"flex-basis:40%\">\n<div class=\"wp-block-group is-vertical is-content-justification-stretch is-layout-flex wp-container-core-group-is-layout-dab67cd7 wp-block-group-is-layout-flex\" style=\"padding-right:0;padding-left:0\">\n<div class=\"wp-block-columns is-layout-flex wp-container-core-columns-is-layout-28f84493 wp-block-columns-is-layout-flex\">\n<div class=\"wp-block-column has-global-padding is-layout-constrained wp-container-core-column-is-layout-45af82af wp-block-column-is-layout-constrained\" style=\"flex-basis:100%\">\n<div class=\"wp-block-group has-contrast-3-background-color has-background is-vertical is-content-justification-center is-layout-flex wp-container-core-group-is-layout-132a309e wp-block-group-is-layout-flex\" style=\"padding-top:var(--wp--preset--spacing--30);padding-right:var(--wp--preset--spacing--20);padding-bottom:var(--wp--preset--spacing--30);padding-left:var(--wp--preset--spacing--20);box-shadow:var(--wp--preset--shadow--natural)\"><div class=\"is-default-size wp-block-site-logo\"><a href=\"https:\/\/www.usviodr.com\/fr\/\" class=\"custom-logo-link\" rel=\"home\"><img loading=\"lazy\" decoding=\"async\" width=\"105\" height=\"105\" src=\"https:\/\/www.usviodr.com\/wp-content\/uploads\/2026\/01\/ODR-LOGO.png\" class=\"custom-logo\" alt=\"US VI ODR\" \/><\/a><\/div>\n\n\n<h3 class=\"wp-block-heading has-text-align-center has-button-color has-text-color has-link-color wp-elements-cd58ebe900455857c8437b54af47dca0\">LE BUREAU DU R\u00c9TABLISSEMENT APR\u00c8S SINISTRE<\/h3>\n\n\n\n<p class=\"has-text-align-center has-base-color has-text-color has-link-color wp-elements-27f4d9b09dd584a93a5e578e8edc6e90\">Vision, mission, valeurs et priorit\u00e9s strat\u00e9giques<\/p>\n\n\n\n<div class=\"wp-block-group has-border-color has-button-border-color has-button-background-color has-background has-global-padding is-layout-constrained wp-container-core-group-is-layout-ed8c939b wp-block-group-is-layout-constrained\" style=\"border-width:1px;border-top-left-radius:50%;border-top-right-radius:50%;border-bottom-left-radius:50%;border-bottom-right-radius:50%;margin-top:var(--wp--preset--spacing--20);margin-bottom:var(--wp--preset--spacing--20);padding-top:0px;padding-right:0px;padding-bottom:0px;padding-left:0px\">\n<div class=\"wp-block-group has-border-color has-contrast-3-border-color has-button-background-color has-background has-global-padding is-layout-constrained wp-container-core-group-is-layout-b246b637 wp-block-group-is-layout-constrained\" style=\"border-width:2px;border-top-left-radius:50%;border-top-right-radius:50%;border-bottom-left-radius:50%;border-bottom-right-radius:50%;padding-top:var(--wp--preset--spacing--40);padding-right:var(--wp--preset--spacing--30);padding-bottom:var(--wp--preset--spacing--40);padding-left:var(--wp--preset--spacing--30)\">\n<p class=\"has-base-color has-text-color has-link-color wp-elements-ac0deddf7b81a1beb11bb70b0ee61dc3\">Vision<\/p>\n<\/div>\n<\/div>\n\n\n\n<p class=\"has-text-align-center has-base-color has-text-color has-link-color wp-elements-38967c83bfcf2e19d68ea38232c87e75\" style=\"border-top-color:var(--wp--preset--color--button);border-top-width:2px\">B\u00e2tir des \u00eeles Vierges r\u00e9silientes.<\/p>\n\n\n\n<div class=\"wp-block-group has-border-color has-button-border-color has-button-background-color has-background has-global-padding is-layout-constrained wp-container-core-group-is-layout-ed8c939b wp-block-group-is-layout-constrained\" style=\"border-width:1px;border-top-left-radius:50%;border-top-right-radius:50%;border-bottom-left-radius:50%;border-bottom-right-radius:50%;margin-top:var(--wp--preset--spacing--20);margin-bottom:var(--wp--preset--spacing--20);padding-top:0px;padding-right:0px;padding-bottom:0px;padding-left:0px\">\n<div class=\"wp-block-group has-border-color has-contrast-3-border-color has-button-background-color has-background has-global-padding is-layout-constrained wp-container-core-group-is-layout-fabe7382 wp-block-group-is-layout-constrained\" style=\"border-width:2px;border-top-left-radius:50%;border-top-right-radius:50%;border-bottom-left-radius:50%;border-bottom-right-radius:50%;padding-top:var(--wp--preset--spacing--40);padding-right:15px;padding-bottom:var(--wp--preset--spacing--40);padding-left:15px\">\n<p class=\"has-text-align-center has-base-color has-text-color has-link-color wp-elements-225602e2e4c578f45c472fb61fbc5b56\">Mission<\/p>\n<\/div>\n<\/div>\n\n\n\n<p class=\"has-text-align-center has-base-color has-text-color has-link-color wp-elements-eab0e2aba69f90f56d44fb13bf341696\">B\u00e2tir une communaut\u00e9 s\u00fbre et r\u00e9siliente qui transforme et renforce l\u2019infrastructure du Territoire en mettant en place des syst\u00e8mes robustes, en cultivant la collaboration entre les parties prenantes et en menant \u00e0 bien les projets de r\u00e9tablissement afin de mieux positionner la communaut\u00e9 pour sa prosp\u00e9rit\u00e9.<\/p>\n<\/div>\n<\/div>\n<\/div>\n<\/div>\n<\/div>\n<\/div>\n<\/div>\n<\/div>\n\n<hr class=\"wp-block-separator has-alpha-channel-opacity\"\/>\n\n<p>Pour toute question, veuillez nous envoyer un e-mail \u00e0 l\u2019adresse <a href=\"mailto:info@usviodr.com\">info@usviodr.com<\/a>.<\/p>\n\n<p><\/p>\n","protected":false},"excerpt":{"rendered":"<p>Le Bureau du r\u00e9tablissement apr\u00e8s sinistre (ODR), au sein de l\u2019Autorit\u00e9 des finances publiques des \u00eeles Vierges, sert de centre de coordination pour les plus de 20 milliards de dollars de fonds f\u00e9d\u00e9raux pr\u00e9vus pour soutenir les efforts de r\u00e9tablissement suite aux ouragans Irma et Maria de 2017 et \u00e0 toute autre catastrophe. L\u2019ODR met [&hellip;]<\/p>\n","protected":false},"author":1,"featured_media":0,"parent":0,"menu_order":0,"comment_status":"closed","ping_status":"closed","template":"","meta":{"project_id":"","notification":"","due_date":"","status":"","show_rebuild":"","footnotes":""},"class_list":["post-19758","page","type-page","status-publish","hentry"],"_links":{"self":[{"href":"https:\/\/www.usviodr.com\/fr\/wp-json\/wp\/v2\/pages\/19758","targetHints":{"allow":["GET"]}}],"collection":[{"href":"https:\/\/www.usviodr.com\/fr\/wp-json\/wp\/v2\/pages"}],"about":[{"href":"https:\/\/www.usviodr.com\/fr\/wp-json\/wp\/v2\/types\/page"}],"author":[{"embeddable":true,"href":"https:\/\/www.usviodr.com\/fr\/wp-json\/wp\/v2\/users\/1"}],"replies":[{"embeddable":true,"href":"https:\/\/www.usviodr.com\/fr\/wp-json\/wp\/v2\/comments?post=19758"}],"version-history":[{"count":1,"href":"https:\/\/www.usviodr.com\/fr\/wp-json\/wp\/v2\/pages\/19758\/revisions"}],"predecessor-version":[{"id":19759,"href":"https:\/\/www.usviodr.com\/fr\/wp-json\/wp\/v2\/pages\/19758\/revisions\/19759"}],"wp:attachment":[{"href":"https:\/\/www.usviodr.com\/fr\/wp-json\/wp\/v2\/media?parent=19758"}],"curies":[{"name":"wp","href":"https:\/\/api.w.org\/{rel}","templated":true}]}}