{"id":19772,"date":"2026-01-22T06:20:52","date_gmt":"2026-01-22T06:20:52","guid":{"rendered":"https:\/\/www.usviodr.com\/careers\/"},"modified":"2026-04-11T20:49:03","modified_gmt":"2026-04-11T20:49:03","slug":"careers","status":"publish","type":"page","link":"https:\/\/www.usviodr.com\/fr\/careers\/","title":{"rendered":"Careers"},"content":{"rendered":"\n<div class=\"wp-block-cover alignfull\"><img loading=\"lazy\" decoding=\"async\" width=\"2560\" height=\"1707\" class=\"wp-block-cover__image-background wp-image-388 size-full\" alt=\"\" src=\"https:\/\/www.usviodr.com\/wp-content\/uploads\/2026\/01\/DSC00543-scaled-2.jpg\" data-object-fit=\"cover\" srcset=\"https:\/\/www.usviodr.com\/wp-content\/uploads\/2026\/01\/DSC00543-scaled-2.jpg 2560w, https:\/\/www.usviodr.com\/wp-content\/uploads\/2026\/01\/DSC00543-scaled-2-300x200.jpg 300w, https:\/\/www.usviodr.com\/wp-content\/uploads\/2026\/01\/DSC00543-scaled-2-1024x683.jpg 1024w, https:\/\/www.usviodr.com\/wp-content\/uploads\/2026\/01\/DSC00543-scaled-2-768x512.jpg 768w, https:\/\/www.usviodr.com\/wp-content\/uploads\/2026\/01\/DSC00543-scaled-2-1536x1024.jpg 1536w, https:\/\/www.usviodr.com\/wp-content\/uploads\/2026\/01\/DSC00543-scaled-2-2048x1366.jpg 2048w\" sizes=\"auto, (max-width: 2560px) 100vw, 2560px\" \/><span aria-hidden=\"true\" class=\"wp-block-cover__background has-base-2-background-color has-background-dim\"><\/span><div class=\"wp-block-cover__inner-container has-global-padding is-layout-constrained wp-container-core-cover-is-layout-ee01b810 wp-block-cover-is-layout-constrained\">\n<h1 class=\"wp-block-heading has-base-color has-text-color has-link-color has-body-font-family wp-elements-e9ee2710a8209712bd5a45de2698b144\"><strong>Careers<\/strong><\/h1>\n\n\n\n<p class=\"has-base-color has-text-color has-link-color wp-elements-92f5dd3199b9f56526d410a0695b8c5c\">Consulter les offres d&#8217;emploi li\u00e9es aux catastrophes<\/p>\n\n\n\n<div class=\"wp-block-buttons is-layout-flex wp-block-buttons-is-layout-flex\" style=\"padding-top:0\">\n<div class=\"wp-block-button is-style-fill\"><a class=\"wp-block-button__link has-base-2-color has-text-color has-background has-link-color has-body-font-family has-custom-font-size wp-element-button\" href=\"https:\/\/www.usviodr.com\/fr\/postes\/\" style=\"border-top-left-radius:28px;border-top-right-radius:28px;border-bottom-left-radius:28px;border-bottom-right-radius:28px;background-color:#ffb613;font-size:clamp(14px, 0.875rem + ((1vw - 3.2px) * 0.392), 18px);\">Voir tous les postes ouverts<\/a><\/div>\n<\/div>\n<\/div><\/div>\n\n<div class=\"wp-block-group is-layout-flow wp-block-group-is-layout-flow\" style=\"padding-top:60px;padding-bottom:60px\">\n<h2 class=\"wp-block-heading has-text-align-center has-text-color has-link-color wp-elements-afcecd82f69e6f4b058bbc61ffea42ac\" style=\"color:#0767a9;padding-top:var(--wp--preset--spacing--10);padding-bottom:30px\"><strong>Nous reconstruisons<\/strong><\/h2>\n\n\n\n<div class=\"wp-block-group career-shadow has-base-background-color has-background is-layout-flow wp-block-group-is-layout-flow\" style=\"border-top-left-radius:20px;border-top-right-radius:20px;border-bottom-left-radius:20px;border-bottom-right-radius:20px;padding-top:30px;padding-right:30px;padding-bottom:30px;padding-left:30px\">\n<p class=\"has-text-align-center\">Les agences gouvernementales des \u00eeles Vierges continuent de recruter du personnel pour des centaines de postes. Des postes sont<br\/>disponibles dans de nombreuses disciplines, notamment pour les assistants administratifs, les ing\u00e9nieurs, les planificateurs et les sp\u00e9cialistes en pr\u00e9servation historique,<br\/>environnement et assurance inondation. Rejoignez notre \u00e9quipe d\u00e8s aujourd&rsquo;hui !<br\/><\/p>\n\n\n\n<p class=\"has-text-align-center has-text-color has-link-color wp-elements-9c317b288695d1a571749a216e45518b\" style=\"color:#0767a9;font-style:normal;font-weight:600\"><strong>Rejoignez-nous<\/strong><\/p>\n\n\n\n<div class=\"wp-block-buttons is-content-justification-center is-layout-flex wp-container-core-buttons-is-layout-a89b3969 wp-block-buttons-is-layout-flex\">\n<div class=\"wp-block-button is-style-fill\"><a class=\"wp-block-button__link has-base-2-color has-text-color has-background has-link-color has-body-font-family has-custom-font-size wp-element-button\" href=\"https:\/\/www.usviodr.com\/fr\/postes\/\" style=\"border-top-left-radius:28px;border-top-right-radius:28px;border-bottom-left-radius:28px;border-bottom-right-radius:28px;background-color:#ffb613;padding-top:15px;padding-right:20px;padding-bottom:15px;padding-left:20px;font-size:clamp(14px, 0.875rem + ((1vw - 3.2px) * 0.392), 18px);\">Voir tous les postes ouverts<\/a><\/div>\n<\/div>\n<\/div>\n<\/div>\n\n<div class=\"wp-block-group is-layout-flow wp-block-group-is-layout-flow\" style=\"padding-top:0px;padding-bottom:50px\">\n<h2 class=\"wp-block-heading has-text-align-center has-text-color has-link-color wp-elements-948c391985f8047001efdd03a73b8af9\" style=\"color:#0767a9;padding-bottom:var(--wp--preset--spacing--50)\"><strong>Postes en vedette<\/strong><\/h2>\n\n\n    <div class=\"jobs-grid\">\n        \n            \n            <div class=\"job-card\">\n                <div class=\"job-icon\">\n                    <img decoding=\"async\" src=\"https:\/\/www.usviodr.com\/wp-content\/themes\/ord-theme\/assets\/images\/Layer-83.png\" alt=\"\" loading=\"lazy\">\n                <\/div>\n\n                <h4 class=\"job-title\">Construction Manager<\/h4>\n\n                <div class=\"job-meta\">\n                    <p class=\"agency\">cdbg-dr<\/p><p class=\"district\">Territorial<\/p>                <\/div>\n\n                <div class=\"job-actions\">\n                    <a href=\"https:\/\/www.usviodr.com\/fr\/jobs\/construction-manager-2\/?job_title=Construction%20Manager\" class=\"job-btn apply-btn\" rel=\"noopener\">\n                        Postuler                    <\/a>\n                                        <a href=\"https:\/\/www.usviodr.com\/fr\/jobs\/construction-manager-2\/\" class=\"job-btn closing-btn\" rel=\"noopener\">\n                        <span class=\"default-text\">Date de cl\u00f4ture<\/span>\n                        <span class=\"hover-text\">N\/A<\/span>\n                    <\/a>\n                <\/div>\n            <\/div>\n\n        \n            \n            <div class=\"job-card\">\n                <div class=\"job-icon\">\n                    <img decoding=\"async\" src=\"https:\/\/www.usviodr.com\/wp-content\/themes\/ord-theme\/assets\/images\/Layer-84.png\" alt=\"\" loading=\"lazy\">\n                <\/div>\n\n                <h4 class=\"job-title\">Project Engineer<\/h4>\n\n                <div class=\"job-meta\">\n                    <p class=\"agency\">Department of Public Works<\/p><p class=\"district\">St. Croix<\/p>                <\/div>\n\n                <div class=\"job-actions\">\n                    <a href=\"https:\/\/www.governmentjobs.com\/careers\/dopusvi\/jobs\/4387111-0\/project-engineer-continuous-4-29-24?job_title=Project%20Engineer\" class=\"job-btn apply-btn\" rel=\"noopener\">\n                        Postuler                    <\/a>\n                                        <a href=\"https:\/\/www.governmentjobs.com\/careers\/dopusvi\/jobs\/4387111-0\/project-engineer-continuous-4-29-24\" class=\"job-btn closing-btn\" rel=\"noopener\">\n                        <span class=\"default-text\">Date de cl\u00f4ture<\/span>\n                        <span class=\"hover-text\">11 \/14 \/2024<\/span>\n                    <\/a>\n                <\/div>\n            <\/div>\n\n        \n            \n            <div class=\"job-card\">\n                <div class=\"job-icon\">\n                    <img decoding=\"async\" src=\"https:\/\/www.usviodr.com\/wp-content\/themes\/ord-theme\/assets\/images\/Layer-85.png\" alt=\"\" loading=\"lazy\">\n                <\/div>\n\n                <h4 class=\"job-title\">Financial Analyst<\/h4>\n\n                <div class=\"job-meta\">\n                    <p class=\"agency\">Office of Disaster Recovery<\/p><p class=\"district\">St. Thomas<\/p>                <\/div>\n\n                <div class=\"job-actions\">\n                    <a href=\"https:\/\/www.usviodr.com\/fr\/jobs\/financial-analyst\/?job_title=Financial%20Analyst\" class=\"job-btn apply-btn\" rel=\"noopener\">\n                        Postuler                    <\/a>\n                                        <a href=\"https:\/\/www.usviodr.com\/fr\/jobs\/financial-analyst\/\" class=\"job-btn closing-btn\" rel=\"noopener\">\n                        <span class=\"default-text\">Date de cl\u00f4ture<\/span>\n                        <span class=\"hover-text\">04 \/10 \/2026<\/span>\n                    <\/a>\n                <\/div>\n            <\/div>\n\n            <\/div>\n    \n<\/div>\n","protected":false},"excerpt":{"rendered":"<p>Nous reconstruisons Les agences gouvernementales des \u00eeles Vierges continuent de recruter du personnel pour des centaines de postes. Des postes sontdisponibles dans de nombreuses disciplines, notamment pour les assistants administratifs, les ing\u00e9nieurs, les planificateurs et les sp\u00e9cialistes en pr\u00e9servation historique,environnement et assurance inondation. Rejoignez notre \u00e9quipe d\u00e8s aujourd&rsquo;hui ! Rejoignez-nous Postes en vedette<\/p>\n","protected":false},"author":1,"featured_media":0,"parent":0,"menu_order":0,"comment_status":"closed","ping_status":"closed","template":"","meta":{"project_id":"","notification":"","due_date":"","status":"","show_rebuild":"","footnotes":""},"class_list":["post-19772","page","type-page","status-publish","hentry"],"_links":{"self":[{"href":"https:\/\/www.usviodr.com\/fr\/wp-json\/wp\/v2\/pages\/19772","targetHints":{"allow":["GET"]}}],"collection":[{"href":"https:\/\/www.usviodr.com\/fr\/wp-json\/wp\/v2\/pages"}],"about":[{"href":"https:\/\/www.usviodr.com\/fr\/wp-json\/wp\/v2\/types\/page"}],"author":[{"embeddable":true,"href":"https:\/\/www.usviodr.com\/fr\/wp-json\/wp\/v2\/users\/1"}],"replies":[{"embeddable":true,"href":"https:\/\/www.usviodr.com\/fr\/wp-json\/wp\/v2\/comments?post=19772"}],"version-history":[{"count":1,"href":"https:\/\/www.usviodr.com\/fr\/wp-json\/wp\/v2\/pages\/19772\/revisions"}],"predecessor-version":[{"id":19774,"href":"https:\/\/www.usviodr.com\/fr\/wp-json\/wp\/v2\/pages\/19772\/revisions\/19774"}],"wp:attachment":[{"href":"https:\/\/www.usviodr.com\/fr\/wp-json\/wp\/v2\/media?parent=19772"}],"curies":[{"name":"wp","href":"https:\/\/api.w.org\/{rel}","templated":true}]}}