{"id":19781,"date":"2026-01-23T11:11:10","date_gmt":"2026-01-23T11:11:10","guid":{"rendered":"https:\/\/www.usviodr.com\/cdbg-dr\/"},"modified":"2026-04-11T20:50:44","modified_gmt":"2026-04-11T20:50:44","slug":"cdbg-dr","status":"publish","type":"page","link":"https:\/\/www.usviodr.com\/fr\/cdbg-dr\/","title":{"rendered":"CDBG-DR"},"content":{"rendered":"\n<div class=\"wp-block-cover alignfull\"><img loading=\"lazy\" decoding=\"async\" width=\"1024\" height=\"433\" class=\"wp-block-cover__image-background wp-image-572 size-large\" alt=\"\" src=\"https:\/\/www.usviodr.com\/wp-content\/uploads\/2026\/01\/CDBG-DR-group-1-1024x433.png\" data-object-fit=\"cover\" srcset=\"https:\/\/www.usviodr.com\/wp-content\/uploads\/2026\/01\/CDBG-DR-group-1-1024x433.png 1024w, https:\/\/www.usviodr.com\/wp-content\/uploads\/2026\/01\/CDBG-DR-group-1-300x127.png 300w, https:\/\/www.usviodr.com\/wp-content\/uploads\/2026\/01\/CDBG-DR-group-1-768x325.png 768w, https:\/\/www.usviodr.com\/wp-content\/uploads\/2026\/01\/CDBG-DR-group-1.png 1366w\" sizes=\"auto, (max-width: 1024px) 100vw, 1024px\" \/><span aria-hidden=\"true\" class=\"wp-block-cover__background has-base-2-background-color has-background-dim\"><\/span><div class=\"wp-block-cover__inner-container has-global-padding is-layout-constrained wp-container-core-cover-is-layout-da7e64e0 wp-block-cover-is-layout-constrained\">\n<h1 class=\"wp-block-heading has-text-align-left\">CDBG-DR<\/h1>\n<\/div><\/div>\n\n<div class=\"wp-block-group alignfull has-global-padding is-layout-constrained wp-container-core-group-is-layout-27cc3302 wp-block-group-is-layout-constrained\" style=\"margin-top:0px;margin-bottom:0px;padding-top:var(--wp--preset--spacing--50);padding-bottom:var(--wp--preset--spacing--50)\">\n<div class=\"wp-block-columns is-layout-flex wp-container-core-columns-is-layout-28f84493 wp-block-columns-is-layout-flex\">\n<div class=\"wp-block-column is-layout-flow wp-block-column-is-layout-flow\" style=\"flex-basis:66.66%\">\n<h2 class=\"wp-block-heading\" style=\"font-size:clamp(24.034px, 1.502rem + ((1vw - 3.2px) * 1.565), 40px);font-style:normal;font-weight:400;line-height:1.3\">Subvention globale pour le d\u00e9veloppement communautaire \u2013 Rel\u00e8vement apr\u00e8s catastrophe<\/h2>\n\n\n\n<p class=\"text-link-col has-base-2-color has-text-color has-link-color wp-elements-359e5b024475cd706ab465fc95581e2b\" style=\"margin-top:10px;margin-bottom:10px;line-height:1.8\">Les ouragans Irma et Maria ont eu un impact d\u00e9vastateur sur les \u00eeles Vierges am\u00e9ricaines. Les deux temp\u00eates de cat\u00e9gorie 5 cons\u00e9cutives de septembre 2017 ont caus\u00e9 des destructions importantes aux logements, aux infrastructures et \u00e0 l&rsquo;\u00e9conomie. La <a href=\"https:\/\/www.hudexchange.info\/programs\/cdbg-dr\/\" target=\"_blank\" rel=\"noreferrer noopener\">Subvention globale pour le d\u00e9veloppement communautaire \u2013 Rel\u00e8vement apr\u00e8s catastrophe (CDBG-DR)<\/a> du HUD fournit un financement pour les besoins non satisfaits apr\u00e8s prise en compte des fonds de la Federal Emergency Management Agency (FEMA), des assurances et d&rsquo;autres sources f\u00e9d\u00e9rales ou priv\u00e9es, en mettant l&rsquo;accent sur les besoins des r\u00e9sidents et des entreprises \u00e0 revenu faible ou mod\u00e9r\u00e9.  <\/p>\n\n\n\n<p class=\"text-link-col has-base-2-color has-text-color has-link-color wp-elements-fb2f2f06b7a765f94b512fd8f70735ed\" style=\"margin-top:10px;margin-bottom:10px;line-height:1.8\">Le 20 novembre 2023, le Bureau de rel\u00e8vement apr\u00e8s catastrophe est devenu sous-b\u00e9n\u00e9ficiaire des fonds CDBG-DR du territoire. Gr\u00e2ce \u00e0 cette expansion, l&rsquo;ODR centralise les efforts de rel\u00e8vement apr\u00e8s catastrophe et favorise la synergie entre les activit\u00e9s du programme et avec les parties prenantes externes. En tant que sous-b\u00e9n\u00e9ficiaire, l&rsquo;ODR est charg\u00e9 d&rsquo;assurer une supervision pragmatique, incluant les op\u00e9rations quotidiennes et la gestion du programme. La <a href=\"https:\/\/www.vihfa.gov\/\" target=\"_blank\" rel=\"noreferrer noopener\">Virgin Islands Housing Finance Authority<\/a> demeure le b\u00e9n\u00e9ficiaire du financement du HUD et, par cons\u00e9quent, l&rsquo;entit\u00e9 de gestion, ce qui comprend l&rsquo;orchestration des mouvements de fonds entre le HUD et le territoire ainsi que l&rsquo;administration environnementale, de conformit\u00e9 et de politique.   <\/p>\n\n\n\n<p class=\"text-link-col has-base-2-color has-text-color has-link-color wp-elements-fa05cdd15b9b917c8effa2af57910334\" style=\"margin-top:10px;margin-bottom:10px;line-height:1.8\">Ces fonds CDBG-DR sont destin\u00e9s par le HUD \u00e0 r\u00e9pondre aux besoins suivants :<\/p>\n\n\n\n<ul style=\"font-size:clamp(14px, 0.875rem + ((1vw - 3.2px) * 0.392), 18px);\" class=\"wp-block-list\">\n<li>Besoins non satisfaits en mati\u00e8re de logement, d&rsquo;infrastructures et de revitalisation \u00e9conomique suite aux ouragans de 2017.<\/li>\n\n\n\n<li>Activit\u00e9s d&rsquo;att\u00e9nuation visant \u00e0 prot\u00e9ger le territoire contre les dommages d&rsquo;\u00e9v\u00e9nements futurs.<\/li>\n<\/ul>\n\n\n\n<p class=\"text-link-col has-base-2-color has-text-color has-link-color wp-elements-ddf3a46ddf27ebfcfea187d4c1ff4b42\" style=\"margin-top:10px;margin-bottom:10px;line-height:1.8\">\nSi vous avez des questions ou des pr\u00e9occupations concernant l&rsquo;\u00e9tat des r\u00e9parations domiciliaires dans le cadre du programme EnVIsion Tomorrow, veuillez appeler le \n<a href=\"tel:18665201310\">1-866-520-1310<\/a> \nou nous envoyer un courriel \u00e0 \n<a href=\"mailto:info@usviodr.com\">info@usviodr.com<\/a>.\n<\/p>\n<\/div>\n\n\n\n<div class=\"wp-block-column two-card-layout is-layout-flow wp-block-column-is-layout-flow\">\n<div class=\"wp-block-group text-doc-non card-width is-vertical is-content-justification-stretch is-nowrap is-layout-flex wp-container-core-group-is-layout-8360d6be wp-block-group-is-layout-flex\">\n<div class=\"wp-block-group is-vertical is-content-justification-stretch is-layout-flex wp-container-core-group-is-layout-dc2c9a7d wp-block-group-is-layout-flex\" style=\"border-top-left-radius:12px;border-top-right-radius:12px;border-bottom-left-radius:12px;border-bottom-right-radius:12px;padding-right:0;padding-left:0;box-shadow:var(--wp--preset--shadow--deep)\">\n<h3 class=\"wp-block-heading has-text-align-left is-style-default has-base-color has-contrast-3-background-color has-text-color has-background has-link-color wp-elements-a7cf5f1480af93a68534027edfa590b9\" style=\"border-top-left-radius:12px;border-top-right-radius:12px;padding-top:15px;padding-bottom:15px;padding-left:40px\">HUD<\/h3>\n\n\n\n<ul style=\"padding-top:0px;padding-right:0px;padding-bottom:0px;padding-left:0px;font-size:clamp(14px, 0.875rem + ((1vw - 3.2px) * 0.294), 17px);line-height:2.7\" class=\"wp-block-list is-style-default mar-pad-less\">\n<li style=\"border-bottom-color:#cccccc;border-bottom-width:1px;margin-top:10px;margin-right:var(--wp--preset--spacing--30);margin-bottom:10px;margin-left:var(--wp--preset--spacing--30);padding-top:10px;padding-bottom:10px;line-height:1.06\"><a href=\"http:\/\/hud.gov\/\">HUD<\/a><\/li>\n\n\n\n<li style=\"border-bottom-color:#cccccc;border-bottom-width:1px;margin-top:10px;margin-right:var(--wp--preset--spacing--30);margin-bottom:10px;margin-left:var(--wp--preset--spacing--30);padding-top:10px;padding-bottom:10px;line-height:1.06\"><a href=\"https:\/\/www.hud.gov\/disaster-resources\">Ressources du HUD en mati\u00e8re de catastrophes<\/a><\/li>\n\n\n\n<li style=\"border-bottom-color:#cccccc;border-bottom-width:1px;margin-top:10px;margin-right:var(--wp--preset--spacing--30);margin-bottom:10px;margin-left:var(--wp--preset--spacing--30);padding-top:10px;padding-bottom:10px;line-height:1.06\"><a href=\"https:\/\/www.hudexchange.info\/programs\/cdbg-dr\/\">Plateforme d&rsquo;\u00e9change CDBG-DR du HUD<\/a><\/li>\n\n\n\n<li style=\"border-bottom-style:none;border-bottom-width:0px;margin-top:10px;margin-right:var(--wp--preset--spacing--30);margin-bottom:10px;margin-left:var(--wp--preset--spacing--30);padding-top:10px;padding-bottom:10px;line-height:1.06\"><a href=\"https:\/\/www.hud.gov\/program_offices\/comm_planning\/cdbg-dr\/\">En savoir plus sur le CDBG-DR du HUD<\/a><\/li>\n<\/ul>\n<\/div>\n\n\n\n<div class=\"wp-block-group is-vertical is-content-justification-stretch is-layout-flex wp-container-core-group-is-layout-dc2c9a7d wp-block-group-is-layout-flex\" style=\"border-top-left-radius:12px;border-top-right-radius:12px;border-bottom-left-radius:12px;border-bottom-right-radius:12px;padding-right:0;padding-left:0;box-shadow:var(--wp--preset--shadow--deep)\">\n<h3 class=\"wp-block-heading has-text-align-left is-style-default has-base-color has-contrast-3-background-color has-text-color has-background has-link-color wp-elements-6c7d31eb168bcc0d4af3f92d751ea0a9\" style=\"border-top-left-radius:12px;border-top-right-radius:12px;padding-top:15px;padding-bottom:15px;padding-left:40px\">CDBG-DR des USVI<\/h3>\n\n\n\n<ul style=\"padding-top:0px;padding-right:0px;padding-bottom:0px;padding-left:0px;font-size:clamp(14px, 0.875rem + ((1vw - 3.2px) * 0.294), 17px);line-height:2.7\" class=\"wp-block-list is-style-default mar-pad-less text-doc-non\">\n<li style=\"border-bottom-color:#cccccc;border-bottom-width:1px;margin-top:10px;margin-right:var(--wp--preset--spacing--30);margin-bottom:10px;margin-left:var(--wp--preset--spacing--30);padding-top:10px;padding-bottom:10px;line-height:1.06\"><a href=\"https:\/\/cdbgdr.vihfa.gov\/for-citizens\/\">Engagement communautaire<\/a><\/li>\n\n\n\n<li style=\"border-bottom-color:#cccccc;border-bottom-width:1px;margin-top:10px;margin-right:var(--wp--preset--spacing--30);margin-bottom:10px;margin-left:var(--wp--preset--spacing--30);padding-top:10px;padding-bottom:10px;line-height:1.06\"><a href=\"https:\/\/cdbgdr.vihfa.gov\/recovery-programs\/\">Programmes CDBG-DR<\/a><\/li>\n\n\n\n<li style=\"border-bottom-color:#cccccc;border-bottom-width:1px;margin-top:10px;margin-right:var(--wp--preset--spacing--30);margin-bottom:10px;margin-left:var(--wp--preset--spacing--30);padding-top:10px;padding-bottom:10px;line-height:1.06\"><a href=\"https:\/\/www.usviodr.com\/doing-business-with-odr\/\">Projets CDBG-DR<\/a><\/li>\n\n\n\n<li style=\"border-bottom-color:#cccccc;border-bottom-width:1px;margin-top:10px;margin-right:var(--wp--preset--spacing--30);margin-bottom:10px;margin-left:var(--wp--preset--spacing--30);padding-top:10px;padding-bottom:10px;line-height:1.06\"><a href=\"https:\/\/cdbgdr.vihfa.gov\/plans\/\">Plan d&rsquo;action CDBG-DR<\/a><\/li>\n\n\n\n<li style=\"border-bottom-color:#cccccc;border-bottom-width:1px;margin-top:10px;margin-right:var(--wp--preset--spacing--30);margin-bottom:10px;margin-left:var(--wp--preset--spacing--30);padding-top:10px;padding-bottom:10px;line-height:1.06\"><a href=\"https:\/\/cdbgdr.vihfa.gov\/plans\/\">Rapports trimestriels CDBG-DR<\/a><\/li>\n\n\n\n<li style=\"border-bottom-color:#cccccc;border-bottom-width:1px;margin-top:10px;margin-right:var(--wp--preset--spacing--30);margin-bottom:10px;margin-left:var(--wp--preset--spacing--30);padding-top:10px;padding-bottom:10px;line-height:1.06\"><a href=\"https:\/\/cdbgdr.vihfa.gov\/subrecipients\/\">Qu&rsquo;est-ce qu&rsquo;un sous-b\u00e9n\u00e9ficiaire<\/a><\/li>\n\n\n\n<li style=\"border-bottom-color:#cccccc;border-bottom-width:1px;margin-top:10px;margin-right:var(--wp--preset--spacing--30);margin-bottom:10px;margin-left:var(--wp--preset--spacing--30);padding-top:10px;padding-bottom:10px;line-height:1.06\"><a href=\"https:\/\/cdbgdr.vihfa.gov\/housing\/\">EnVIsion Tomorrow et logement CDBG-DR<\/a><\/li>\n\n\n\n<li style=\"border-bottom-color:#cccccc;border-bottom-width:1px;margin-top:10px;margin-right:var(--wp--preset--spacing--30);margin-bottom:10px;margin-left:var(--wp--preset--spacing--30);padding-top:10px;padding-bottom:10px;line-height:1.06\"><a href=\"https:\/\/www.hudexchange.info\/programs\/cdbg-dr\/toolkits\/\">Bo\u00eete \u00e0 outils CDBG-DR<\/a><\/li>\n\n\n\n<li style=\"margin-top:10px;margin-right:var(--wp--preset--spacing--30);margin-bottom:10px;margin-left:var(--wp--preset--spacing--30);padding-top:10px;padding-bottom:10px;line-height:1.06\"><a href=\"https:\/\/www.usviodr.com\/own-a-lot-build-a-home\/\">Programme d&rsquo;accession \u00e0 la propri\u00e9t\u00e9 \u2013 Poss\u00e9dez un terrain, construisez une maison<\/a><\/li>\n<\/ul>\n<\/div>\n\n\n\n<div class=\"wp-block-group is-vertical is-content-justification-stretch is-layout-flex wp-container-core-group-is-layout-dc2c9a7d wp-block-group-is-layout-flex\" style=\"border-top-left-radius:12px;border-top-right-radius:12px;border-bottom-left-radius:12px;border-bottom-right-radius:12px;padding-right:0;padding-left:0;box-shadow:var(--wp--preset--shadow--deep)\">\n<h3 class=\"wp-block-heading has-text-align-left is-style-default has-base-color has-contrast-3-background-color has-text-color has-background has-link-color wp-elements-65c8cbb6002ff75d1447e1b616404a00\" style=\"border-top-left-radius:12px;border-top-right-radius:12px;padding-top:15px;padding-bottom:15px;padding-left:40px\">Ressources suppl\u00e9mentaires<br\/><br\/><\/h3>\n\n\n\n<ul style=\"padding-top:0px;padding-right:0px;padding-bottom:0px;padding-left:0px;font-size:clamp(14px, 0.875rem + ((1vw - 3.2px) * 0.294), 17px);line-height:2.7\" class=\"wp-block-list is-style-default mar-pad-less text-doc-non\">\n<li style=\"border-bottom-color:#cccccc;border-bottom-width:1px;margin-top:10px;margin-right:var(--wp--preset--spacing--30);margin-bottom:10px;margin-left:var(--wp--preset--spacing--30);padding-top:10px;padding-bottom:10px;line-height:1.06\"><a href=\"https:\/\/www.vihfa.gov\/\">Virgin Islands Housing Finance Authority<\/a><\/li>\n\n\n\n<li style=\"border-bottom-color:#cccccc;border-bottom-width:1px;margin-top:10px;margin-right:var(--wp--preset--spacing--30);margin-bottom:10px;margin-left:var(--wp--preset--spacing--30);padding-top:10px;padding-bottom:10px;line-height:1.06\"><a href=\"https:\/\/www.usviodr.com\/wp-content\/uploads\/2026\/04\/CDBG-DR-Construction-Standards.pdf\">Normes de construction CDBG-DR<\/a><\/li>\n\n\n\n<li style=\"margin-top:10px;margin-right:var(--wp--preset--spacing--30);margin-bottom:10px;margin-left:var(--wp--preset--spacing--30);padding-top:10px;padding-bottom:10px;line-height:1.06\"><a href=\"https:\/\/www.usviodr.com\/wp-content\/uploads\/2026\/04\/Copy-of-VIHFA-Green-Building-Retrofit-Final-Checklist.pdf\">Liste de v\u00e9rification pour la r\u00e9novation \u00e9cologique de la VIHFA<\/a><\/li>\n<\/ul>\n<\/div>\n<\/div>\n<\/div>\n<\/div>\n<\/div>\n\n<div class=\"wp-block-group alignfull has-contrast-3-background-color has-background has-global-padding is-layout-constrained wp-container-core-group-is-layout-0c22906e wp-block-group-is-layout-constrained\" style=\"padding-top:90px;padding-bottom:45px\">\n<h3 class=\"wp-block-heading has-base-color has-text-color has-link-color has-body-font-family wp-elements-ec78e83a012b62e01b2071ee78b7045a\" style=\"font-size:clamp(20px, 1.25rem + ((1vw - 3.2px) * 1.176), 32px);font-style:normal;font-weight:400;line-height:1.28\">Ces fonds CDBG-DR sont destin\u00e9s par le HUD \u00e0 r\u00e9pondre aux besoins suivants :<\/h3>\n\n\n\n<div class=\"wp-block-columns is-layout-flex wp-container-core-columns-is-layout-133cf375 wp-block-columns-is-layout-flex\">\n<div class=\"wp-block-column has-base-background-color has-background is-layout-flow wp-block-column-is-layout-flow\" style=\"border-top-left-radius:10px;border-top-right-radius:10px;border-bottom-left-radius:10px;border-bottom-right-radius:10px;padding-top:12px;padding-right:12px;padding-bottom:12px;padding-left:12px\">\n<p class=\"has-text-color has-link-color wp-elements-db4520c5dff197bc1f6c1c3a4a114ec8\" style=\"color:#505050;font-size:clamp(14px, 0.875rem + ((1vw - 3.2px) * 0.294), 17px);line-height:1.64\">Besoins non satisfaits en mati\u00e8re de logement, d&rsquo;infrastructures et de revitalisation \u00e9conomique suite aux ouragans de 2017<\/p>\n<\/div>\n\n\n\n<div class=\"wp-block-column has-base-background-color has-background is-layout-flow wp-block-column-is-layout-flow\" style=\"border-top-left-radius:10px;border-top-right-radius:10px;border-bottom-left-radius:10px;border-bottom-right-radius:10px;padding-top:12px;padding-right:12px;padding-bottom:12px;padding-left:12px\">\n<p class=\"has-text-color has-link-color wp-elements-8a48dd0824baf1340e06da0125e0a526\" style=\"color:#505050;font-size:clamp(14px, 0.875rem + ((1vw - 3.2px) * 0.294), 17px);line-height:1.64\">Activit\u00e9s d&rsquo;att\u00e9nuation visant \u00e0 prot\u00e9ger le territoire contre les dommages d&rsquo;\u00e9v\u00e9nements futurs.<\/p>\n<\/div>\n<\/div>\n\n\n\n<p class=\"has-base-color has-text-color has-link-color wp-elements-0875bf936ae12a0a22a1a137a1c47af3\" style=\"font-size:clamp(14px, 0.875rem + ((1vw - 3.2px) * 0.49), 19px);font-style:italic;font-weight:500;line-height:1.95\">Si vous avez des questions ou des pr\u00e9occupations concernant l&rsquo;\u00e9tat des r\u00e9parations domiciliaires dans le cadre du programme EnVIsion Tomorrow,<br\/> veuillez appeler le 1-866-520-1310 ou nous envoyer un courriel \u00e0 info@usviodr.com.<\/p>\n<\/div>\n\n<div class=\"wp-block-group alignwide has-global-padding is-layout-constrained wp-container-core-group-is-layout-bb7df0c0 wp-block-group-is-layout-constrained\" style=\"padding-top:var(--wp--preset--spacing--40);padding-right:var(--wp--preset--spacing--40);padding-bottom:var(--wp--preset--spacing--40);padding-left:var(--wp--preset--spacing--40)\">\n<h2 class=\"wp-block-heading has-text-align-center\" style=\"font-style:normal;font-weight:400\">Ressources suppl\u00e9mentaires<\/h2>\n\n\n\n<div class=\"wp-block-columns is-layout-flex wp-container-core-columns-is-layout-90345f32 wp-block-columns-is-layout-flex\" style=\"padding-top:var(--wp--preset--spacing--20);padding-bottom:var(--wp--preset--spacing--20)\">\n<div class=\"wp-block-column is-layout-flow wp-block-column-is-layout-flow\">\n<div class=\"wp-block-group is-layout-flow wp-block-group-is-layout-flow has-background\" style=\"min-height:129px;padding-top:30px;padding-bottom:0;background-image:url(&apos;https:\/\/dev-us-vi-odr.pantheonsite.io\/wp-content\/uploads\/2026\/01\/Shape-83-copy-3.png&apos;);background-position:50% 50%;background-repeat:no-repeat;background-size:contain;background-attachment:scroll;\">\n<figure class=\"wp-block-image aligncenter size-full is-resized\"><img loading=\"lazy\" decoding=\"async\" width=\"82\" height=\"82\" src=\"https:\/\/www.usviodr.com\/wp-content\/uploads\/2026\/01\/bank-money-wobg.png\" alt=\"\" class=\"wp-image-865\" style=\"width:70px;height:auto\"\/><\/figure><\/div>\n\n\n\n<h4 class=\"wp-block-heading has-text-align-center\" style=\"font-size:clamp(14.642px, 0.915rem + ((1vw - 3.2px) * 0.721), 22px);font-style:normal;font-weight:700\"><a href=\"https:\/\/cdbgdr.vihfa.gov\/\">Virgin Islands Housing<br\/>Finance Authority<\/a><\/h4>\n<\/div>\n\n\n\n<div class=\"wp-block-column is-layout-flow wp-block-column-is-layout-flow\">\n<div class=\"wp-block-group is-layout-flow wp-block-group-is-layout-flow has-background\" style=\"min-height:129px;padding-top:30px;padding-bottom:0;background-image:url(&apos;https:\/\/www.usviodr.com\/wp-content\/uploads\/2026\/01\/bg-blue-circle.png&apos;);background-position:50% 50%;background-repeat:no-repeat;background-size:contain;\">\n<figure class=\"wp-block-image aligncenter size-full is-resized\"><img loading=\"lazy\" decoding=\"async\" width=\"70\" height=\"76\" src=\"https:\/\/www.usviodr.com\/wp-content\/uploads\/2026\/01\/construction-standards.png\" alt=\"\" class=\"wp-image-866\" style=\"width:64px;height:auto\"\/><\/figure><\/div>\n\n\n\n<h4 class=\"wp-block-heading has-text-align-center\" style=\"font-size:clamp(14.642px, 0.915rem + ((1vw - 3.2px) * 0.721), 22px);font-style:normal;font-weight:700\"><a href=\"https:\/\/www.hudexchange.info\/programs\/davis-bacon-and-labor-standards\/\">Normes du travail<br\/>en construction CDBG-DR<\/a><\/h4>\n<\/div>\n\n\n\n<div class=\"wp-block-column is-layout-flow wp-block-column-is-layout-flow\">\n<div class=\"wp-block-group is-layout-flow wp-block-group-is-layout-flow has-background\" style=\"min-height:129px;padding-top:30px;padding-bottom:0;background-image:url(&apos;https:\/\/dev-us-vi-odr.pantheonsite.io\/wp-content\/uploads\/2026\/01\/Shape-83-copy-3.png&apos;);background-position:50% 50%;background-repeat:no-repeat;background-size:contain;background-attachment:scroll;\">\n<figure class=\"wp-block-image aligncenter size-full is-resized\"><img loading=\"lazy\" decoding=\"async\" width=\"61\" height=\"84\" src=\"https:\/\/www.usviodr.com\/wp-content\/uploads\/2026\/01\/note-wobg-black.png\" alt=\"\" class=\"wp-image-867\" style=\"width:51px;height:auto\"\/><\/figure><\/div>\n\n\n\n<h4 class=\"wp-block-heading has-text-align-center\" style=\"font-size:clamp(14.642px, 0.915rem + ((1vw - 3.2px) * 0.721), 22px);font-style:normal;font-weight:700\"><a href=\"https:\/\/www.usviodr.com\/wp-content\/uploads\/2024\/03\/Copy-of-VIHFA-Green-Building-Retrofit-Final-Checklist.pdf\">Liste de v\u00e9rification pour<br\/>la r\u00e9novation \u00e9cologique de la VIHFA<\/a><\/h4>\n<\/div>\n<\/div>\n<\/div>\n\n<p><\/p>\n","protected":false},"excerpt":{"rendered":"<p>Subvention globale pour le d\u00e9veloppement communautaire \u2013 Rel\u00e8vement apr\u00e8s catastrophe Les ouragans Irma et Maria ont eu un impact d\u00e9vastateur sur les \u00eeles Vierges am\u00e9ricaines. Les deux temp\u00eates de cat\u00e9gorie 5 cons\u00e9cutives de septembre 2017 ont caus\u00e9 des destructions importantes aux logements, aux infrastructures et \u00e0 l&rsquo;\u00e9conomie. La Subvention globale pour le d\u00e9veloppement communautaire \u2013 [&hellip;]<\/p>\n","protected":false},"author":1,"featured_media":0,"parent":0,"menu_order":0,"comment_status":"closed","ping_status":"closed","template":"","meta":{"project_id":"","notification":"","due_date":"","status":"","show_rebuild":"","footnotes":""},"class_list":["post-19781","page","type-page","status-publish","hentry"],"_links":{"self":[{"href":"https:\/\/www.usviodr.com\/fr\/wp-json\/wp\/v2\/pages\/19781","targetHints":{"allow":["GET"]}}],"collection":[{"href":"https:\/\/www.usviodr.com\/fr\/wp-json\/wp\/v2\/pages"}],"about":[{"href":"https:\/\/www.usviodr.com\/fr\/wp-json\/wp\/v2\/types\/page"}],"author":[{"embeddable":true,"href":"https:\/\/www.usviodr.com\/fr\/wp-json\/wp\/v2\/users\/1"}],"replies":[{"embeddable":true,"href":"https:\/\/www.usviodr.com\/fr\/wp-json\/wp\/v2\/comments?post=19781"}],"version-history":[{"count":1,"href":"https:\/\/www.usviodr.com\/fr\/wp-json\/wp\/v2\/pages\/19781\/revisions"}],"predecessor-version":[{"id":19784,"href":"https:\/\/www.usviodr.com\/fr\/wp-json\/wp\/v2\/pages\/19781\/revisions\/19784"}],"wp:attachment":[{"href":"https:\/\/www.usviodr.com\/fr\/wp-json\/wp\/v2\/media?parent=19781"}],"curies":[{"name":"wp","href":"https:\/\/api.w.org\/{rel}","templated":true}]}}