{"id":19888,"date":"2026-03-27T06:25:05","date_gmt":"2026-03-27T06:25:05","guid":{"rendered":"https:\/\/www.usviodr.com\/fema-hmgp\/"},"modified":"2026-04-11T21:52:37","modified_gmt":"2026-04-11T21:52:37","slug":"fema-hmgp","status":"publish","type":"page","link":"https:\/\/www.usviodr.com\/fr\/fema-hmgp\/","title":{"rendered":"FEMA-HMGP"},"content":{"rendered":"\n<div class=\"wp-block-cover alignfull\"><img loading=\"lazy\" decoding=\"async\" width=\"1024\" height=\"574\" class=\"wp-block-cover__image-background wp-image-2325 size-large\" alt=\"\" src=\"https:\/\/www.usviodr.com\/wp-content\/uploads\/2026\/03\/DSC_0692-2-1024x574.jpg\" data-object-fit=\"cover\" srcset=\"https:\/\/www.usviodr.com\/wp-content\/uploads\/2026\/03\/DSC_0692-2-1024x574.jpg 1024w, https:\/\/www.usviodr.com\/wp-content\/uploads\/2026\/03\/DSC_0692-2-300x168.jpg 300w, https:\/\/www.usviodr.com\/wp-content\/uploads\/2026\/03\/DSC_0692-2-768x430.jpg 768w, https:\/\/www.usviodr.com\/wp-content\/uploads\/2026\/03\/DSC_0692-2-1536x861.jpg 1536w, https:\/\/www.usviodr.com\/wp-content\/uploads\/2026\/03\/DSC_0692-2-2048x1147.jpg 2048w\" sizes=\"auto, (max-width: 1024px) 100vw, 1024px\" \/><span aria-hidden=\"true\" class=\"wp-block-cover__background has-base-2-background-color has-background-dim\"><\/span><div class=\"wp-block-cover__inner-container has-global-padding is-layout-constrained wp-container-core-cover-is-layout-da7e64e0 wp-block-cover-is-layout-constrained\">\n<h1 class=\"wp-block-heading has-text-align-left\">FEMA-HMGP<\/h1>\n<\/div><\/div>\n\n<div class=\"wp-block-group alignfull has-global-padding is-layout-constrained wp-container-core-group-is-layout-27cc3302 wp-block-group-is-layout-constrained\" style=\"margin-top:0px;margin-bottom:0px;padding-top:var(--wp--preset--spacing--50);padding-bottom:var(--wp--preset--spacing--50)\">\n<div class=\"wp-block-columns is-layout-flex wp-container-core-columns-is-layout-28f84493 wp-block-columns-is-layout-flex\">\n<div class=\"wp-block-column is-layout-flow wp-block-column-is-layout-flow\" style=\"flex-basis:66.66%\">\n<h2 class=\"wp-block-heading\" style=\"font-size:clamp(24.034px, 1.502rem + ((1vw - 3.2px) * 1.565), 40px);font-style:normal;font-weight:400\">Programme de subventions pour l&rsquo;att\u00e9nuation des risques<\/h2>\n\n\n\n<h3 class=\"wp-block-heading has-contrast-3-color has-text-color has-link-color wp-elements-b26f709400927e654c533d2d49d935c1\" style=\"text-transform:uppercase\">Qu&rsquo;est-ce que le Programme de subventions pour l&rsquo;att\u00e9nuation des risques ?<\/h3>\n\n\n\n<p class=\"text-link-col has-base-2-color has-text-color has-link-color wp-elements-358d97151cfff361a17dccbb567a44b8\" style=\"margin-top:10px;margin-bottom:10px;line-height:1.8\">Le Programme de subventions pour l&rsquo;att\u00e9nuation des risques est autoris\u00e9 par la section 404 de la loi Robert T. Stafford sur l&rsquo;aide en cas de catastrophe et les secours d&rsquo;urgence. Il s&rsquo;agit d&rsquo;un partenariat con\u00e7u pour aider les \u00c9tats, les Territoires, les collectivit\u00e9s locales et les organisations \u00e0 but non lucratif \u00e0 mettre en \u0153uvre des mesures d&rsquo;att\u00e9nuation des risques \u00e0 long terme \u00e0 la suite d&rsquo;une d\u00e9claration pr\u00e9sidentielle de catastrophe. <\/p>\n\n\n\n<h3 class=\"wp-block-heading has-contrast-3-color has-text-color has-link-color wp-elements-98e9f4c5c4ef57ea9ccd3ab30ecc20d6\" style=\"text-transform:uppercase\">Qu&rsquo;est-ce que l&rsquo;att\u00e9nuation ?<\/h3>\n\n\n\n<p style=\"margin-top:10px;margin-bottom:10px;line-height:1.8\">L&rsquo;att\u00e9nuation est un processus continu qui a lieu avant et apr\u00e8s les catastrophes. Son objectif principal est de r\u00e9duire ou d&rsquo;\u00e9liminer les pertes en vies humaines. Et aussi, de rompre le cycle des dommages et des r\u00e9parations r\u00e9sultant des risques. L&rsquo;att\u00e9nuation est toute action durable prise pour r\u00e9duire ou \u00e9liminer le risque \u00e0 long terme pour la vie humaine et les biens de tout \u00e9v\u00e9nement dangereux. L&rsquo;objectif est d&rsquo;agir maintenant, avant qu&rsquo;une autre catastrophe ne se produise, afin de garantir que la communaut\u00e9 des \u00eeles Vierges soit plus r\u00e9siliente face \u00e0 tout risque potentiel. La subvention pour l&rsquo;att\u00e9nuation des risques est un programme financ\u00e9 par le gouvernement f\u00e9d\u00e9ral. Le programme est administr\u00e9 par l&rsquo;Agence territoriale de gestion des urgences des \u00eeles Vierges (VITEMA), b\u00e9n\u00e9ficiaire de la subvention. Le Bureau de la reconstruction apr\u00e8s sinistre (ODR) a \u00e9t\u00e9 cr\u00e9\u00e9 en f\u00e9vrier 2019. Il est responsable de la coordination et de la supervision de tous les efforts de reconstruction, y compris le Programme de subventions pour l&rsquo;att\u00e9nuation des risques.        <\/p>\n\n\n\n<h3 class=\"wp-block-heading has-contrast-3-color has-text-color has-link-color wp-elements-a6362d6cabea4c3552840345171df068\" style=\"text-transform:uppercase\">Financement du HMGP<\/h3>\n\n\n\n<p style=\"line-height:1.8\">Le montant du financement du HMGP est bas\u00e9 sur l&rsquo;aide f\u00e9d\u00e9rale re\u00e7ue pour la catastrophe. Le financement f\u00e9d\u00e9ral est allou\u00e9 selon une formule \u00e0 \u00e9chelle mobile bas\u00e9e sur le pourcentage d&rsquo;aide publique et individuelle pour chaque catastrophe d\u00e9clar\u00e9e par le Pr\u00e9sident. Traditionnellement, la part f\u00e9d\u00e9rale du financement du HMGP est plafonn\u00e9e \u00e0 75 % du co\u00fbt total \u00e9ligible du projet, avec une contrepartie locale de 25 %. En raison des d\u00e9vastations et des d\u00e9fis financiers dans les \u00eeles Vierges am\u00e9ricaines, les ouragans Irma (DR-4335) et Maria (DR-4340), la part f\u00e9d\u00e9rale est de 100 %. Aucune contrepartie locale n&rsquo;est requise.    <\/p>\n\n\n\n<p style=\"line-height:1.8\">L&rsquo;\u00e9quipe du HMGP offre une assistance technique aux agences gouvernementales locales et aux organisations priv\u00e9es \u00e0 but non lucratif pour l&rsquo;identification des projets et le d\u00e9veloppement des candidatures. Le HMGP, avec la contribution du Bureau de la reconstruction apr\u00e8s sinistre (ODR) et du Repr\u00e9sentant autoris\u00e9 du Gouverneur (GAR), est responsable de l&rsquo;examen, de la priorisation, de la recommandation de financement, du d\u00e9veloppement de projets et de la soumission de projets \u00e9ligibles, techniquement r\u00e9alisables et rentables \u00e0 la Federal Emergency Management Agency (FEMA). La FEMA est responsable de toutes les approbations finales des projets HMGP \u00e9ligibles.  <\/p>\n\n\n\n<h3 class=\"wp-block-heading has-contrast-3-color has-text-color has-link-color wp-elements-0b331f3a1465ffbc9d65fb0fd096a3ca\" style=\"text-transform:uppercase\">Fonds disponibles<\/h3>\n\n\n\n<p>Ouragan Irma DR-4335 32\u202f951\u202f711 $<br\/>Ouragan Maria DR-4340 428\u202f927\u202f038 $<\/p>\n\n\n\n<h3 class=\"wp-block-heading has-contrast-3-color has-text-color has-link-color wp-elements-9dd15f200107d212ad21e6fee31ef883\" style=\"text-transform:uppercase\">Activit\u00e9s \u00e9ligibles<\/h3>\n\n\n\n<p>Les activit\u00e9s \u00e9ligibles \u00e0 l&rsquo;att\u00e9nuation des risques comprennent, sans s&rsquo;y limiter :<\/p>\n\n\n\n<ul style=\"font-size:clamp(14px, 0.875rem + ((1vw - 3.2px) * 0.392), 18px);\" class=\"wp-block-list\">\n<li>Acquisition de biens<\/li>\n\n\n\n<li>Reconstruction d&rsquo;att\u00e9nuation<\/li>\n\n\n\n<li>G\u00e9n\u00e9rateurs pour les installations critiques<\/li>\n\n\n\n<li>Progr\u00e8s en mati\u00e8re de r\u00e9duction des risques d&rsquo;inondation<\/li>\n\n\n\n<li>R\u00e9novation structurelle<\/li>\n\n\n\n<li>Construction d&rsquo;abris s\u00e9curis\u00e9s<\/li>\n\n\n\n<li>R\u00e9novation d&rsquo;infrastructures<\/li>\n\n\n\n<li>Stabilisation des sols<\/li>\n\n\n\n<li>Att\u00e9nuation des incendies de for\u00eat<\/li>\n\n\n\n<li>Application des codes post-catastrophe<\/li>\n\n\n\n<li>Planification de l&rsquo;att\u00e9nuation des risques<\/li>\n\n\n\n<li>Projets de contr\u00f4le de l&rsquo;\u00e9rosion<\/li>\n<\/ul>\n<\/div>\n\n\n\n<div class=\"wp-block-column is-layout-flow wp-block-column-is-layout-flow\">\n<div class=\"wp-block-group is-vertical is-content-justification-stretch is-nowrap is-layout-flex wp-container-core-group-is-layout-8360d6be wp-block-group-is-layout-flex\">\n<div class=\"wp-block-group is-vertical is-content-justification-stretch is-layout-flex wp-container-core-group-is-layout-dc2c9a7d wp-block-group-is-layout-flex\" style=\"border-top-left-radius:12px;border-top-right-radius:12px;border-bottom-left-radius:12px;border-bottom-right-radius:12px;padding-right:0;padding-left:0;box-shadow:var(--wp--preset--shadow--deep)\">\n<h3 class=\"wp-block-heading has-text-align-left is-style-default has-base-color has-contrast-3-background-color has-text-color has-background has-link-color wp-elements-98c8faac273bcba0696cfd26d9986ced\" style=\"border-top-left-radius:12px;border-top-right-radius:12px;padding-top:15px;padding-bottom:15px;padding-left:40px\">Financement et projets des ouragans de 2017<\/h3>\n\n\n\n<ul style=\"padding-top:0px;padding-right:0px;padding-bottom:0px;padding-left:0px;font-size:clamp(14px, 0.875rem + ((1vw - 3.2px) * 0.294), 17px);line-height:2.7\" class=\"wp-block-list is-style-default mar-pad-less text-doc-non\">\n<li style=\"border-bottom-style:none;border-bottom-width:0px;margin-top:10px;margin-right:var(--wp--preset--spacing--30);margin-bottom:10px;margin-left:var(--wp--preset--spacing--30);padding-top:10px;padding-bottom:10px;line-height:1.06\"><a href=\"https:\/\/www.usviodr.com\/fr\/2017-hurricanes\/\" data-type=\"link\" data-id=\"https:\/\/www.fema.gov\/sites\/default\/files\/documents\/fema_pappg-v4-updated-links_policy_6-1-2020.pdf\">Financement et projets du programme de subventions pour l&rsquo;att\u00e9nuation des risques de la FEMA en 2017<\/a><\/li>\n<\/ul>\n<\/div>\n\n\n\n<div class=\"wp-block-group text-doc-non is-vertical is-content-justification-stretch is-layout-flex wp-container-core-group-is-layout-dc2c9a7d wp-block-group-is-layout-flex\" style=\"border-top-left-radius:12px;border-top-right-radius:12px;border-bottom-left-radius:12px;border-bottom-right-radius:12px;padding-right:0;padding-left:0;box-shadow:var(--wp--preset--shadow--deep)\">\n<h3 class=\"wp-block-heading has-text-align-left is-style-default has-base-color has-contrast-3-background-color has-text-color has-background has-link-color wp-elements-3a83c211c6f86fc639d615b40b638ff9\" style=\"border-top-left-radius:12px;border-top-right-radius:12px;padding-top:15px;padding-bottom:15px;padding-left:40px\">Actualit\u00e9s r\u00e9centes<\/h3>\n\n\n\n<ul style=\"padding-top:0px;padding-right:0px;padding-bottom:0px;padding-left:0px;font-size:clamp(14px, 0.875rem + ((1vw - 3.2px) * 0.294), 17px);line-height:2.7\" id=\"text-doc-non\" class=\"wp-block-list is-style-default mar-pad-less\">\n<li style=\"border-bottom-color:#cccccc;border-bottom-width:1px;margin-top:10px;margin-right:var(--wp--preset--spacing--30);margin-bottom:10px;margin-left:var(--wp--preset--spacing--30);padding-top:10px;padding-bottom:10px;line-height:1.06\"><a href=\"https:\/\/www.usviodr.com\/hmgp-awards-dpw-2-5m-to-mitigate-landslides-territory-wide\/\" data-type=\"page\" data-id=\"43\">Le HMGP attribue 2,5 M$ au DPW pour att\u00e9nuer les glissements de terrain sur l&rsquo;ensemble du territoire<\/a><\/li>\n\n\n\n<li style=\"margin-top:10px;margin-right:var(--wp--preset--spacing--30);margin-bottom:10px;margin-left:var(--wp--preset--spacing--30);padding-top:10px;padding-bottom:10px;line-height:1.06\"><a href=\"https:\/\/www.usviodr.com\/fema-hmgp-awards-uvi-4-1m\/\">La FEMA HMGP attribue 4,1 M$ \u00e0 l&rsquo;UVI<\/a><\/li>\n<\/ul>\n<\/div>\n\n\n\n<div class=\"wp-block-group text-doc-non is-vertical is-content-justification-stretch is-layout-flex wp-container-core-group-is-layout-dc2c9a7d wp-block-group-is-layout-flex\" style=\"border-top-left-radius:12px;border-top-right-radius:12px;border-bottom-left-radius:12px;border-bottom-right-radius:12px;padding-right:0;padding-left:0;box-shadow:var(--wp--preset--shadow--deep)\">\n<h3 class=\"wp-block-heading has-text-align-left is-style-default has-base-color has-contrast-3-background-color has-text-color has-background has-link-color wp-elements-23593215ea7255e455c60df49e9f723e\" style=\"border-top-left-radius:12px;border-top-right-radius:12px;padding-top:15px;padding-bottom:15px;padding-left:40px\">LIENS RAPIDES<\/h3>\n\n\n\n<ul style=\"padding-top:0px;padding-right:0px;padding-bottom:0px;padding-left:0px;font-size:clamp(14px, 0.875rem + ((1vw - 3.2px) * 0.294), 17px);line-height:2.7\" id=\"text-doc-non\" class=\"wp-block-list is-style-default mar-pad-less\">\n<li style=\"border-bottom-color:#cccccc;border-bottom-width:1px;margin-top:10px;margin-right:var(--wp--preset--spacing--30);margin-bottom:10px;margin-left:var(--wp--preset--spacing--30);padding-top:10px;padding-bottom:10px;line-height:1.06\"><a href=\"https:\/\/www.fema.gov\/grants\/mitigation\/learn\/hazard-mitigation-assistance-guidance\" data-type=\"page\" data-id=\"43\">Guide des programmes et politiques d&rsquo;aide \u00e0 l&rsquo;att\u00e9nuation des risques 2023<\/a><\/li>\n\n\n\n<li style=\"border-bottom-color:#cccccc;border-bottom-width:1px;margin-top:10px;margin-right:var(--wp--preset--spacing--30);margin-bottom:10px;margin-left:var(--wp--preset--spacing--30);padding-top:10px;padding-bottom:10px;line-height:1.06\"><a href=\"https:\/\/www.usviodr.com\/2024-hazard-mitigation-and-resilience-plan\/\">Plan d&rsquo;att\u00e9nuation des risques et de r\u00e9silience 2024<\/a><\/li>\n\n\n\n<li style=\"border-bottom-color:#cccccc;border-bottom-width:1px;margin-top:10px;margin-right:var(--wp--preset--spacing--30);margin-bottom:10px;margin-left:var(--wp--preset--spacing--30);padding-top:10px;padding-bottom:10px;line-height:1.06\"><a href=\"https:\/\/www.usviodr.com\/wp-content\/uploads\/2026\/04\/USVI-Hazard-Mitigation-Plan-2019.pdf\">Plan d&rsquo;att\u00e9nuation des risques des \u00eeles Vierges am\u00e9ricaines 2019<\/a><\/li>\n\n\n\n<li style=\"border-bottom-color:#cccccc;border-bottom-width:1px;margin-top:10px;margin-right:var(--wp--preset--spacing--30);margin-bottom:10px;margin-left:var(--wp--preset--spacing--30);padding-top:10px;padding-bottom:10px;line-height:1.06\"><a href=\"https:\/\/www.fema.gov\/grants\/mitigation\">Aper\u00e7u<\/a><\/li>\n\n\n\n<li style=\"border-bottom-color:#cccccc;border-bottom-width:1px;margin-top:10px;margin-right:var(--wp--preset--spacing--30);margin-bottom:10px;margin-left:var(--wp--preset--spacing--30);padding-top:10px;padding-bottom:10px;line-height:1.06\"><a href=\"https:\/\/www.fema.gov\/grants\/mitigation\">Directives du programme<\/a><\/li>\n\n\n\n<li style=\"border-bottom-color:#cccccc;border-bottom-width:1px;margin-top:10px;margin-right:var(--wp--preset--spacing--30);margin-bottom:10px;margin-left:var(--wp--preset--spacing--30);padding-top:10px;padding-bottom:10px;line-height:1.06\"><a href=\"https:\/\/www.fema.gov\/grants\/mitigation\/hazard-mitigation-assistance-guidance-and-addendum-fy15\">Clarifications et addenda<\/a><\/li>\n\n\n\n<li style=\"border-bottom-color:#cccccc;border-bottom-width:1px;margin-top:10px;margin-right:var(--wp--preset--spacing--30);margin-bottom:10px;margin-left:var(--wp--preset--spacing--30);padding-top:10px;padding-bottom:10px;line-height:1.06\"><a href=\"https:\/\/www.fema.gov\/grants\/tools\/benefit-cost-analysis\">Analyse co\u00fbts-avantages de la FEMA<\/a><\/li>\n\n\n\n<li style=\"border-bottom-color:#cccccc;border-bottom-width:1px;margin-top:10px;margin-right:var(--wp--preset--spacing--30);margin-bottom:10px;margin-left:var(--wp--preset--spacing--30);padding-top:10px;padding-bottom:10px;line-height:1.06\"><a href=\"https:\/\/www.usviodr.com\/wp-content\/uploads\/2026\/04\/fema_hma-guide-v2.1_2025.pdf\">Guide des programmes et politiques d&rsquo;aide \u00e0 l&rsquo;att\u00e9nuation des risques de la FEMA<\/a><\/li>\n\n\n\n<li style=\"margin-top:10px;margin-right:var(--wp--preset--spacing--30);margin-bottom:10px;margin-left:var(--wp--preset--spacing--30);padding-top:10px;padding-bottom:10px;line-height:1.06\"><a href=\"https:\/\/www.fema.gov\/about\/strategic-plan\/goal-1\/objective-1-2\">FEMA \u2013 Approche \u00ab Les personnes d&rsquo;abord \u00bb<\/a><\/li>\n<\/ul>\n<\/div>\n<\/div>\n<\/div>\n<\/div>\n<\/div>\n","protected":false},"excerpt":{"rendered":"<p>Programme de subventions pour l&rsquo;att\u00e9nuation des risques Qu&rsquo;est-ce que le Programme de subventions pour l&rsquo;att\u00e9nuation des risques ? Le Programme de subventions pour l&rsquo;att\u00e9nuation des risques est autoris\u00e9 par la section 404 de la loi Robert T. Stafford sur l&rsquo;aide en cas de catastrophe et les secours d&rsquo;urgence. Il s&rsquo;agit d&rsquo;un partenariat con\u00e7u pour aider [&hellip;]<\/p>\n","protected":false},"author":1,"featured_media":0,"parent":0,"menu_order":0,"comment_status":"closed","ping_status":"closed","template":"","meta":{"project_id":"","notification":"","due_date":"","status":"","show_rebuild":"","footnotes":""},"class_list":["post-19888","page","type-page","status-publish","hentry"],"_links":{"self":[{"href":"https:\/\/www.usviodr.com\/fr\/wp-json\/wp\/v2\/pages\/19888","targetHints":{"allow":["GET"]}}],"collection":[{"href":"https:\/\/www.usviodr.com\/fr\/wp-json\/wp\/v2\/pages"}],"about":[{"href":"https:\/\/www.usviodr.com\/fr\/wp-json\/wp\/v2\/types\/page"}],"author":[{"embeddable":true,"href":"https:\/\/www.usviodr.com\/fr\/wp-json\/wp\/v2\/users\/1"}],"replies":[{"embeddable":true,"href":"https:\/\/www.usviodr.com\/fr\/wp-json\/wp\/v2\/comments?post=19888"}],"version-history":[{"count":1,"href":"https:\/\/www.usviodr.com\/fr\/wp-json\/wp\/v2\/pages\/19888\/revisions"}],"predecessor-version":[{"id":19889,"href":"https:\/\/www.usviodr.com\/fr\/wp-json\/wp\/v2\/pages\/19888\/revisions\/19889"}],"wp:attachment":[{"href":"https:\/\/www.usviodr.com\/fr\/wp-json\/wp\/v2\/media?parent=19888"}],"curies":[{"name":"wp","href":"https:\/\/api.w.org\/{rel}","templated":true}]}}