{"id":20072,"date":"2026-03-26T11:40:21","date_gmt":"2026-03-26T11:40:21","guid":{"rendered":"https:\/\/www.usviodr.com\/fema-pa\/"},"modified":"2026-04-12T08:19:59","modified_gmt":"2026-04-12T08:19:59","slug":"fema-pa","status":"publish","type":"page","link":"https:\/\/www.usviodr.com\/fr\/fema-pa\/","title":{"rendered":"FEMA-PA"},"content":{"rendered":"\n<div class=\"wp-block-cover alignfull\"><img loading=\"lazy\" decoding=\"async\" width=\"1024\" height=\"574\" class=\"wp-block-cover__image-background wp-image-2325 size-large\" alt=\"\" src=\"https:\/\/www.usviodr.com\/wp-content\/uploads\/2026\/03\/DSC_0692-2-1024x574.jpg\" data-object-fit=\"cover\" srcset=\"https:\/\/www.usviodr.com\/wp-content\/uploads\/2026\/03\/DSC_0692-2-1024x574.jpg 1024w, https:\/\/www.usviodr.com\/wp-content\/uploads\/2026\/03\/DSC_0692-2-300x168.jpg 300w, https:\/\/www.usviodr.com\/wp-content\/uploads\/2026\/03\/DSC_0692-2-768x430.jpg 768w, https:\/\/www.usviodr.com\/wp-content\/uploads\/2026\/03\/DSC_0692-2-1536x861.jpg 1536w, https:\/\/www.usviodr.com\/wp-content\/uploads\/2026\/03\/DSC_0692-2-2048x1147.jpg 2048w\" sizes=\"auto, (max-width: 1024px) 100vw, 1024px\" \/><span aria-hidden=\"true\" class=\"wp-block-cover__background has-base-2-background-color has-background-dim\"><\/span><div class=\"wp-block-cover__inner-container has-global-padding is-layout-constrained wp-container-core-cover-is-layout-da7e64e0 wp-block-cover-is-layout-constrained\">\n<h1 class=\"wp-block-heading has-text-align-left\">FEMA-PA<\/h1>\n<\/div><\/div>\n\n<div class=\"wp-block-group alignfull has-global-padding is-layout-constrained wp-container-core-group-is-layout-27cc3302 wp-block-group-is-layout-constrained\" style=\"margin-top:0px;margin-bottom:0px;padding-top:var(--wp--preset--spacing--50);padding-bottom:var(--wp--preset--spacing--50)\">\n<div class=\"wp-block-columns is-layout-flex wp-container-core-columns-is-layout-28f84493 wp-block-columns-is-layout-flex\">\n<div class=\"wp-block-column is-layout-flow wp-block-column-is-layout-flow\" style=\"flex-basis:66.66%\">\n<h2 class=\"wp-block-heading\" style=\"font-size:clamp(24.034px, 1.502rem + ((1vw - 3.2px) * 1.565), 40px);font-style:normal;font-weight:400\">Programme d&rsquo;aide publique<\/h2>\n\n\n\n<h3 class=\"wp-block-heading has-contrast-3-color has-text-color has-link-color wp-elements-f63bf7fdeb96a68f97d6eea2114ff767\">OBJECTIF<\/h3>\n\n\n\n<p class=\"text-link-col has-base-2-color has-text-color has-link-color wp-elements-29b0545f48a91e2aaface2efaeabeda5\" style=\"margin-top:10px;margin-bottom:10px;line-height:1.8\">L&rsquo;objectif du <a href=\"https:\/\/www.fema.gov\/assistance\/public\">programme de subventions d&rsquo;aide publique (PA) de la Federal Emergency Management Agency (FEMA)<\/a> est de fournir une assistance aux gouvernements \u00e9tatiques, tribaux, locaux et \u00e0 certains types d&rsquo;organisations priv\u00e9es \u00e0 but non lucratif afin que les communaut\u00e9s puissent rapidement r\u00e9agir et se remettre des catastrophes majeures ou des urgences d\u00e9clar\u00e9es par le pr\u00e9sident. Les \u00eeles Vierges am\u00e9ricaines (USVI) g\u00e8rent ce programme en tant que b\u00e9n\u00e9ficiaire de la FEMA (bailleur de fonds) pour toutes les sous-subventions accord\u00e9es aux juridictions et agences locales \u00e9ligibles au sein des \u00eeles Vierges am\u00e9ricaines.<\/p>\n\n\n\n<p style=\"line-height:1.8\">Par l&rsquo;interm\u00e9diaire du programme de subventions d&rsquo;aide publique, la FEMA fournit une assistance f\u00e9d\u00e9rale suppl\u00e9mentaire sous forme de subventions pour les catastrophes, destin\u00e9e \u00e0 l&rsquo;enl\u00e8vement des d\u00e9bris et aux mesures de protection d&rsquo;urgence. En outre, une assistance sous forme de subventions peut \u00eatre fournie pour la r\u00e9paration, le remplacement ou la restauration des installations publiques endommag\u00e9es par la catastrophe et des installations de certaines organisations priv\u00e9es \u00e0 but non lucratif (PNP). Pour \u00eatre \u00e9ligibles \u00e0 l&rsquo;aide du programme de subventions, les candidats potentiels doivent remplir une demande d&rsquo;aide publique aupr\u00e8s de la Division de l&rsquo;aide publique du Bureau de la reprise apr\u00e8s sinistre. Le programme de subventions d&rsquo;aide publique de la FEMA encourage \u00e9galement la protection des installations endommag\u00e9es contre les \u00e9v\u00e9nements futurs en fournissant une assistance pour les mesures d&rsquo;att\u00e9nuation des risques pendant le processus de r\u00e9tablissement.<\/p>\n\n\n\n<p style=\"line-height:1.8\">L&rsquo;aide publique est le plus grand programme de subventions de la FEMA. Depuis les d\u00e9clarations pr\u00e9sidentielles de 2017 concernant les ouragans Irma et Maria, les \u00eeles Vierges am\u00e9ricaines ont re\u00e7u plus de 1,8 milliard de dollars par le biais de subventions d&rsquo;aide publique pour aider le territoire \u00e0 d\u00e9blayer les d\u00e9bris et \u00e0 reconstruire les routes, les \u00e9coles et d&rsquo;autres installations publiques.<\/p>\n\n\n\n<h3 class=\"wp-block-heading has-contrast-3-color has-text-color has-link-color wp-elements-13331f64cb65e31bbaab8c573686afe6\">PROCESSUS DE D\u00c9CLARATION ET D&rsquo;\u00c9VALUATION PR\u00c9LIMINAIRE DES DOMMAGES (PDA)<\/h3>\n\n\n\n<p style=\"margin-top:10px;margin-bottom:10px;line-height:1.8\">Avant que le programme de subventions d&rsquo;aide publique ne soit disponible, une d\u00e9claration pr\u00e9sidentielle doit \u00eatre faite d\u00e9signant les juridictions \u00e9ligibles \u00e0 l&rsquo;aide publique. Le Territoire participera avec la FEMA \u00e0 une \u00e9valuation pr\u00e9liminaire des dommages (PDA) de la juridiction locale afin de d\u00e9terminer l&rsquo;\u00e9ligibilit\u00e9 de l&rsquo;\u00c9tat \u00e0 une d\u00e9claration pr\u00e9sidentielle pour le programme de subventions d&rsquo;aide publique. Le processus de PDA \u00e9value le co\u00fbt associ\u00e9 aux mesures de protection d&rsquo;urgence, \u00e0 l&rsquo;enl\u00e8vement des d\u00e9bris et \u00e0 la restauration des infrastructures \u00e0 leur \u00e9tat d&rsquo;avant la catastrophe, apr\u00e8s d\u00e9duction des assurances et de tout autre paiement de programme f\u00e9d\u00e9ral. Si le total de ces co\u00fbts pour les comt\u00e9s affect\u00e9s et cet \u00c9tat d\u00e9passe le montant d&rsquo;aide que l&rsquo;\u00c9tat est en mesure de fournir, tel qu&rsquo;\u00e9tabli par le seuil de l&rsquo;exercice fiscal en cours d\u00e9velopp\u00e9 par la FEMA sur la base des ajustements de l&rsquo;indice des prix \u00e0 la consommation, l&rsquo;incident peut alors devenir \u00e9ligible \u00e0 une d\u00e9c\u00e9l\u00e9ration de l&rsquo;aide publique. C&rsquo;est pourquoi tous les dommages doivent \u00eatre tabul\u00e9s afin de saisir le co\u00fbt r\u00e9el de l&rsquo;incident pour l&rsquo;\u00c9tat, en vue d&rsquo;une consid\u00e9ration par la FEMA et le pr\u00e9sident.<\/p>\n\n\n\n<h3 class=\"wp-block-heading has-contrast-3-color has-text-color has-link-color wp-elements-2815d3294de91b972ae5e84262906b2c\">TYPES DE TRAVAUX<\/h3>\n\n\n\n<p style=\"line-height:1.8\">L&rsquo;aide publique est class\u00e9e en deux types de travaux : d&rsquo;urgence et permanents. La p\u00e9riode d&rsquo;ex\u00e9cution des subventions d&rsquo;aide publique pour les travaux d&rsquo;urgence est normalement de 180 jours apr\u00e8s la d\u00e9claration pr\u00e9sidentielle. La p\u00e9riode d&rsquo;ex\u00e9cution des subventions d&rsquo;aide publique pour les travaux permanents est normalement de 18 mois apr\u00e8s la d\u00e9claration pr\u00e9sidentielle. La p\u00e9riode d&rsquo;ex\u00e9cution de ces deux types de subventions peut \u00eatre prolong\u00e9e \u00e0 condition qu&rsquo;une demande de prolongation appropri\u00e9e soit soumise au territoire (b\u00e9n\u00e9ficiaire) par la juridiction ou l&rsquo;agence locale (sous-b\u00e9n\u00e9ficiaire).<\/p>\n<\/div>\n\n\n\n<div class=\"wp-block-column is-layout-flow wp-block-column-is-layout-flow\">\n<div class=\"wp-block-group is-vertical is-content-justification-stretch is-nowrap is-layout-flex wp-container-core-group-is-layout-8360d6be wp-block-group-is-layout-flex\">\n<div class=\"wp-block-group is-vertical is-content-justification-stretch is-layout-flex wp-container-core-group-is-layout-dc2c9a7d wp-block-group-is-layout-flex\" style=\"border-top-left-radius:12px;border-top-right-radius:12px;border-bottom-left-radius:12px;border-bottom-right-radius:12px;padding-right:0;padding-left:0;box-shadow:var(--wp--preset--shadow--deep)\">\n<h3 class=\"wp-block-heading has-text-align-left is-style-default has-base-color has-contrast-3-background-color has-text-color has-background has-link-color wp-elements-f575a842a0291448c87678ca903c4bd2\" style=\"border-top-left-radius:12px;border-top-right-radius:12px;padding-top:15px;padding-bottom:15px;padding-left:40px\">INFORMATIONS SUR LE PROGRAMME<\/h3>\n\n\n\n<ul style=\"padding-top:0px;padding-right:0px;padding-bottom:0px;padding-left:0px;font-size:clamp(14px, 0.875rem + ((1vw - 3.2px) * 0.294), 17px);line-height:2.7\" class=\"wp-block-list is-style-default mar-pad-less text-doc-non\">\n<li style=\"border-bottom-style:none;border-bottom-width:0px;margin-top:10px;margin-right:var(--wp--preset--spacing--30);margin-bottom:10px;margin-left:var(--wp--preset--spacing--30);padding-top:10px;padding-bottom:10px;line-height:1.06\"><a href=\"https:\/\/www.fema.gov\/sites\/default\/files\/documents\/fema_pappg-v4-updated-links_policy_6-1-2020.pdf\" data-type=\"link\" data-id=\"https:\/\/www.fema.gov\/sites\/default\/files\/documents\/fema_pappg-v4-updated-links_policy_6-1-2020.pdf\">Guide du programme et des politiques<\/a><\/li>\n<\/ul>\n<\/div>\n\n\n\n<div class=\"wp-block-group text-doc-non is-vertical is-content-justification-stretch is-layout-flex wp-container-core-group-is-layout-dc2c9a7d wp-block-group-is-layout-flex\" style=\"border-top-left-radius:12px;border-top-right-radius:12px;border-bottom-left-radius:12px;border-bottom-right-radius:12px;padding-right:0;padding-left:0;box-shadow:var(--wp--preset--shadow--deep)\">\n<h3 class=\"wp-block-heading has-text-align-left is-style-default has-base-color has-contrast-3-background-color has-text-color has-background has-link-color wp-elements-23593215ea7255e455c60df49e9f723e\" style=\"border-top-left-radius:12px;border-top-right-radius:12px;padding-top:15px;padding-bottom:15px;padding-left:40px\">LIENS RAPIDES<\/h3>\n\n\n\n<ul style=\"padding-top:0px;padding-right:0px;padding-bottom:0px;padding-left:0px;font-size:clamp(14px, 0.875rem + ((1vw - 3.2px) * 0.294), 17px);line-height:2.7\" class=\"wp-block-list is-style-default mar-pad-less\">\n<li style=\"border-bottom-color:#cccccc;border-bottom-width:1px;margin-top:10px;margin-right:var(--wp--preset--spacing--30);margin-bottom:10px;margin-left:var(--wp--preset--spacing--30);padding-top:10px;padding-bottom:10px;line-height:1.06\"><a href=\"https:\/\/grantee.fema.gov\/\" data-type=\"page\" data-id=\"43\">Portail des subventions<\/a><\/li>\n\n\n\n<li style=\"border-bottom-color:#cccccc;border-bottom-width:1px;margin-top:10px;margin-right:var(--wp--preset--spacing--30);margin-bottom:10px;margin-left:var(--wp--preset--spacing--30);padding-top:10px;padding-bottom:10px;line-height:1.06\"><a href=\"https:\/\/www.usviodr.com\/wp-content\/uploads\/2026\/04\/Procurement-Under-FEMA-Awards.pdf\">Passation de march\u00e9s dans le cadre de subventions f\u00e9d\u00e9rales<\/a><\/li>\n\n\n\n<li style=\"border-bottom-color:#cccccc;border-bottom-width:1px;margin-top:10px;margin-right:var(--wp--preset--spacing--30);margin-bottom:10px;margin-left:var(--wp--preset--spacing--30);padding-top:10px;padding-bottom:10px;line-height:1.06\"><a href=\"https:\/\/www.usviodr.com\/wp-content\/uploads\/2026\/04\/Drawdown-Payment-Request-supporting-documentation-review-guide.pdf\">Documentation de demande de paiement<\/a><\/li>\n\n\n\n<li style=\"border-bottom-color:#cccccc;border-bottom-width:1px;margin-top:10px;margin-right:var(--wp--preset--spacing--30);margin-bottom:10px;margin-left:var(--wp--preset--spacing--30);padding-top:10px;padding-bottom:10px;line-height:1.06\"><a href=\"https:\/\/www.usviodr.com\/wp-content\/uploads\/2026\/04\/USVI-2017-Hurricane-Recovery-Procurement-Documentation-Request-Checklist.pdf\">Liste de contr\u00f4le des march\u00e9s publics<\/a><\/li>\n\n\n\n<li style=\"margin-top:10px;margin-right:var(--wp--preset--spacing--30);margin-bottom:10px;margin-left:var(--wp--preset--spacing--30);padding-top:10px;padding-bottom:10px;line-height:1.06\"><a href=\"https:\/\/www.usviodr.com\/wp-content\/uploads\/2026\/04\/USVI-Hurricane-Recovery-Drawdown-Payment-Request-Supporting-Documentation-Checklist.pdf\">Liste de contr\u00f4le des pr\u00e9l\u00e8vements de paiement<\/a><\/li>\n<\/ul>\n<\/div>\n\n\n<\/div>\n<\/div>\n<\/div>\n<\/div>\n","protected":false},"excerpt":{"rendered":"<p>Programme d&rsquo;aide publique OBJECTIF L&rsquo;objectif du programme de subventions d&rsquo;aide publique (PA) de la Federal Emergency Management Agency (FEMA) est de fournir une assistance aux gouvernements \u00e9tatiques, tribaux, locaux et \u00e0 certains types d&rsquo;organisations priv\u00e9es \u00e0 but non lucratif afin que les communaut\u00e9s puissent rapidement r\u00e9agir et se remettre des catastrophes majeures ou des urgences [&hellip;]<\/p>\n","protected":false},"author":1,"featured_media":0,"parent":0,"menu_order":0,"comment_status":"closed","ping_status":"closed","template":"","meta":{"project_id":"","notification":"","due_date":"","status":"","show_rebuild":"","footnotes":""},"class_list":["post-20072","page","type-page","status-publish","hentry"],"_links":{"self":[{"href":"https:\/\/www.usviodr.com\/fr\/wp-json\/wp\/v2\/pages\/20072","targetHints":{"allow":["GET"]}}],"collection":[{"href":"https:\/\/www.usviodr.com\/fr\/wp-json\/wp\/v2\/pages"}],"about":[{"href":"https:\/\/www.usviodr.com\/fr\/wp-json\/wp\/v2\/types\/page"}],"author":[{"embeddable":true,"href":"https:\/\/www.usviodr.com\/fr\/wp-json\/wp\/v2\/users\/1"}],"replies":[{"embeddable":true,"href":"https:\/\/www.usviodr.com\/fr\/wp-json\/wp\/v2\/comments?post=20072"}],"version-history":[{"count":1,"href":"https:\/\/www.usviodr.com\/fr\/wp-json\/wp\/v2\/pages\/20072\/revisions"}],"predecessor-version":[{"id":20074,"href":"https:\/\/www.usviodr.com\/fr\/wp-json\/wp\/v2\/pages\/20072\/revisions\/20074"}],"wp:attachment":[{"href":"https:\/\/www.usviodr.com\/fr\/wp-json\/wp\/v2\/media?parent=20072"}],"curies":[{"name":"wp","href":"https:\/\/api.w.org\/{rel}","templated":true}]}}